{"id":8927,"date":"2021-02-04T20:15:51","date_gmt":"2021-02-04T19:15:51","guid":{"rendered":"https:\/\/turismo.beta.coriaenimagenes.com\/?page_id=8927"},"modified":"2022-01-13T20:58:36","modified_gmt":"2022-01-13T19:58:36","slug":"viande-de-taureau-iberique","status":"publish","type":"page","link":"https:\/\/turismocoria.es\/turismo\/fr\/une-ville-au-fin-palais\/viande-de-taureau-iberique\/","title":{"rendered":"Viande de Taureau Ib\u00e9rique"},"content":{"rendered":"\n<div style=\"height:20px\" aria-hidden=\"true\" class=\"wp-block-spacer\"><\/div>\n\n\n\n<div class=\"wp-block-cover is-light\"><span aria-hidden=\"true\" class=\"wp-block-cover__gradient-background has-background-dim\"><\/span><img loading=\"lazy\" decoding=\"async\" width=\"1065\" height=\"709\" class=\"wp-block-cover__image-background wp-image-4315 lazyload\" alt=\"\" data-src=\"https:\/\/turismocoria.es\/turismo\/wp-content\/uploads\/2021\/06\/taurotapas-fit-coria-08.jpg\" style=\"--smush-placeholder-width: 1065px; --smush-placeholder-aspect-ratio: 1065\/709;object-position:50% 36%\" data-object-fit=\"cover\" data-object-position=\"50% 36%\" data-srcset=\"https:\/\/turismocoria.es\/turismo\/wp-content\/uploads\/2021\/06\/taurotapas-fit-coria-08.jpg 1065w, https:\/\/turismocoria.es\/turismo\/wp-content\/uploads\/2021\/06\/taurotapas-fit-coria-08-300x200.jpg 300w, https:\/\/turismocoria.es\/turismo\/wp-content\/uploads\/2021\/06\/taurotapas-fit-coria-08-1024x682.jpg 1024w, https:\/\/turismocoria.es\/turismo\/wp-content\/uploads\/2021\/06\/taurotapas-fit-coria-08-768x511.jpg 768w, https:\/\/turismocoria.es\/turismo\/wp-content\/uploads\/2021\/06\/taurotapas-fit-coria-08-600x400.jpg 600w\" data-sizes=\"(max-width: 1065px) 100vw, 1065px\" src=\"data:image\/gif;base64,R0lGODlhAQABAAAAACH5BAEKAAEALAAAAAABAAEAAAICTAEAOw==\" \/><noscript><img loading=\"lazy\" decoding=\"async\" width=\"1065\" height=\"709\" class=\"wp-block-cover__image-background wp-image-4315\" alt=\"\" src=\"https:\/\/turismocoria.es\/turismo\/wp-content\/uploads\/2021\/06\/taurotapas-fit-coria-08.jpg\" style=\"object-position:50% 36%\" data-object-fit=\"cover\" data-object-position=\"50% 36%\" srcset=\"https:\/\/turismocoria.es\/turismo\/wp-content\/uploads\/2021\/06\/taurotapas-fit-coria-08.jpg 1065w, https:\/\/turismocoria.es\/turismo\/wp-content\/uploads\/2021\/06\/taurotapas-fit-coria-08-300x200.jpg 300w, https:\/\/turismocoria.es\/turismo\/wp-content\/uploads\/2021\/06\/taurotapas-fit-coria-08-1024x682.jpg 1024w, https:\/\/turismocoria.es\/turismo\/wp-content\/uploads\/2021\/06\/taurotapas-fit-coria-08-768x511.jpg 768w, https:\/\/turismocoria.es\/turismo\/wp-content\/uploads\/2021\/06\/taurotapas-fit-coria-08-600x400.jpg 600w\" sizes=\"(max-width: 1065px) 100vw, 1065px\" \/><\/noscript><div class=\"wp-block-cover__inner-container is-layout-flow wp-block-cover-is-layout-flow\">\n<h1 class=\"has-text-align-center has-ast-global-color-5-color has-text-color wp-block-heading\" id=\"viande-de-taureau-iberique\"><em>Viande de Taureau Ib\u00e9rique<\/em><\/h1>\n\n\n\n<p><\/p>\n<\/div><\/div>\n\n\n\n<div style=\"height:20px\" aria-hidden=\"true\" class=\"wp-block-spacer\"><\/div>\n\n\n\n<div class=\"wp-block-columns margen-derecho-50 margen-izquierdo-50 margin-top-50 is-layout-flex wp-container-core-columns-is-layout-1 wp-block-columns-is-layout-flex\">\n<div class=\"wp-block-column is-layout-flow wp-block-column-is-layout-flow\">\n<p>En effet, le pass\u00e9 culinaire p\u00e8se \u00e9norm\u00e9ment sur le pr\u00e9sent. En ce sens, d\u00e9riv\u00e9 de l\u2019image taurine de cette ville au fil de son histoire car elle est li\u00e9e depuis des temps imm\u00e9moriaux au taureau de combat \u00e0 travers les ancestrales <strong><a href=\"https:\/\/turismocoria.es\/turismo\/fr\/fetes-et-evenements\/fetes-de-san-juan-saint-jean\/\"><span style=\"text-decoration: underline;\">F\u00eates de Saint-Jean<\/span><\/a><\/strong> (Fiestas de San Juan). En m\u00eame temps que la <strong><a href=\"https:\/\/turismocoria.es\/turismo\/fr\/fetes-et-evenements\/fitcoria\/\"><span style=\"text-decoration: underline;\">FITCORIA<\/span><\/a><\/strong>, est organis\u00e9 le pionnier <strong><span style=\"text-decoration: underline;\"><a href=\"https:\/\/turismocoria.es\/turismo\/fr\/une-ville-au-fin-palais\/viande-de-taureau-iberique\/concours-gastronomique-taurotapas-fitcoria\/\" data-type=\"page\" data-id=\"8930\">Concours gastronomique \u201cTauroTapas FitCoria\u201d<\/a><\/span><\/strong>, premier dans le genre dans toute l\u2019Espagne, dans le but de mettre en valeur la <strong>viande ib\u00e9rique de taureau de combat<\/strong> pour la gastronomie du fait de ses nombreuses applications dans la cuisine d\u2019aujourd\u2019hui, mais aussi pour encourager, d\u00e9fendre, conserver et promouvoir la culture taurine.<\/p>\n<\/div>\n<\/div>\n\n\n\n<figure class=\"wp-block-image alignfull size-large enlace-desactivado disabled\"><a href=\"#\"><img loading=\"lazy\" decoding=\"async\" width=\"1024\" height=\"127\" data-src=\"https:\/\/turismocoria.es\/turismo\/wp-content\/uploads\/2021\/04\/silueta-coria-azul-1024x127.png\" alt=\"Silueta Ciudad de Coria\" class=\"wp-image-1796 lazyload\" data-srcset=\"https:\/\/turismocoria.es\/turismo\/wp-content\/uploads\/2021\/04\/silueta-coria-azul-1024x127.png 1024w, https:\/\/turismocoria.es\/turismo\/wp-content\/uploads\/2021\/04\/silueta-coria-azul-300x37.png 300w, https:\/\/turismocoria.es\/turismo\/wp-content\/uploads\/2021\/04\/silueta-coria-azul-768x95.png 768w, https:\/\/turismocoria.es\/turismo\/wp-content\/uploads\/2021\/04\/silueta-coria-azul-1536x191.png 1536w, https:\/\/turismocoria.es\/turismo\/wp-content\/uploads\/2021\/04\/silueta-coria-azul-2048x255.png 2048w, https:\/\/turismocoria.es\/turismo\/wp-content\/uploads\/2021\/04\/silueta-coria-azul-1600x199.png 1600w\" data-sizes=\"(max-width: 1024px) 100vw, 1024px\" src=\"data:image\/gif;base64,R0lGODlhAQABAAAAACH5BAEKAAEALAAAAAABAAEAAAICTAEAOw==\" style=\"--smush-placeholder-width: 1024px; --smush-placeholder-aspect-ratio: 1024\/127;\" \/><noscript><img loading=\"lazy\" decoding=\"async\" width=\"1024\" height=\"127\" src=\"https:\/\/turismocoria.es\/turismo\/wp-content\/uploads\/2021\/04\/silueta-coria-azul-1024x127.png\" alt=\"Silueta Ciudad de Coria\" class=\"wp-image-1796\" srcset=\"https:\/\/turismocoria.es\/turismo\/wp-content\/uploads\/2021\/04\/silueta-coria-azul-1024x127.png 1024w, https:\/\/turismocoria.es\/turismo\/wp-content\/uploads\/2021\/04\/silueta-coria-azul-300x37.png 300w, https:\/\/turismocoria.es\/turismo\/wp-content\/uploads\/2021\/04\/silueta-coria-azul-768x95.png 768w, https:\/\/turismocoria.es\/turismo\/wp-content\/uploads\/2021\/04\/silueta-coria-azul-1536x191.png 1536w, https:\/\/turismocoria.es\/turismo\/wp-content\/uploads\/2021\/04\/silueta-coria-azul-2048x255.png 2048w, https:\/\/turismocoria.es\/turismo\/wp-content\/uploads\/2021\/04\/silueta-coria-azul-1600x199.png 1600w\" sizes=\"(max-width: 1024px) 100vw, 1024px\" \/><\/noscript><\/a><\/figure>\n","protected":false},"excerpt":{"rendered":"<p>En effet, le pass\u00e9 culinaire p\u00e8se \u00e9norm\u00e9ment sur le pr\u00e9sent. En ce sens, d\u00e9riv\u00e9 de l\u2019image taurine de cette ville au fil de son histoire car elle est li\u00e9e depuis des temps imm\u00e9moriaux au taureau de combat \u00e0 travers les ancestrales F\u00eates de Saint-Jean (Fiestas de San Juan). En m\u00eame temps que la FITCORIA, est [&hellip;]<\/p>\n","protected":false},"author":1,"featured_media":3200,"parent":8911,"menu_order":4,"comment_status":"closed","ping_status":"closed","template":"","meta":{"_uag_custom_page_level_css":"","site-sidebar-layout":"no-sidebar","site-content-layout":"page-builder","ast-site-content-layout":"","site-content-style":"default","site-sidebar-style":"default","ast-global-header-display":"","ast-banner-title-visibility":"","ast-main-header-display":"","ast-hfb-above-header-display":"","ast-hfb-below-header-display":"","ast-hfb-mobile-header-display":"","site-post-title":"disabled","ast-breadcrumbs-content":"","ast-featured-img":"disabled","footer-sml-layout":"","theme-transparent-header-meta":"default","adv-header-id-meta":"","stick-header-meta":"","header-above-stick-meta":"","header-main-stick-meta":"","header-below-stick-meta":"","astra-migrate-meta-layouts":"default","ast-page-background-enabled":"default","ast-page-background-meta":{"desktop":{"background-color":"","background-image":"","background-repeat":"repeat","background-position":"center center","background-size":"auto","background-attachment":"scroll","background-type":"","background-media":"","overlay-type":"","overlay-color":"","overlay-opacity":"","overlay-gradient":""},"tablet":{"background-color":"","background-image":"","background-repeat":"repeat","background-position":"center center","background-size":"auto","background-attachment":"scroll","background-type":"","background-media":"","overlay-type":"","overlay-color":"","overlay-opacity":"","overlay-gradient":""},"mobile":{"background-color":"","background-image":"","background-repeat":"repeat","background-position":"center center","background-size":"auto","background-attachment":"scroll","background-type":"","background-media":"","overlay-type":"","overlay-color":"","overlay-opacity":"","overlay-gradient":""}},"ast-content-background-meta":{"desktop":{"background-color":"var(--ast-global-color-5)","background-image":"","background-repeat":"repeat","background-position":"center center","background-size":"auto","background-attachment":"scroll","background-type":"","background-media":"","overlay-type":"","overlay-color":"","overlay-opacity":"","overlay-gradient":""},"tablet":{"background-color":"var(--ast-global-color-5)","background-image":"","background-repeat":"repeat","background-position":"center center","background-size":"auto","background-attachment":"scroll","background-type":"","background-media":"","overlay-type":"","overlay-color":"","overlay-opacity":"","overlay-gradient":""},"mobile":{"background-color":"var(--ast-global-color-5)","background-image":"","background-repeat":"repeat","background-position":"center center","background-size":"auto","background-attachment":"scroll","background-type":"","background-media":"","overlay-type":"","overlay-color":"","overlay-opacity":"","overlay-gradient":""}},"_EventAllDay":false,"_EventTimezone":"","_EventStartDate":"","_EventEndDate":"","_EventStartDateUTC":"","_EventEndDateUTC":"","_EventShowMap":false,"_EventShowMapLink":false,"_EventURL":"","_EventCost":"","_EventCostDescription":"","_EventCurrencySymbol":"","_EventCurrencyCode":"","_EventCurrencyPosition":"","_EventDateTimeSeparator":"","_EventTimeRangeSeparator":"","_EventOrganizerID":[],"_EventVenueID":0,"_OrganizerEmail":"","_OrganizerPhone":"","_OrganizerWebsite":"","_VenueAddress":"","_VenueCity":"","_VenueCountry":"","_VenueProvince":"","_VenueZip":"","_VenuePhone":"","_VenueURL":"","_VenueStateProvince":"","_VenueLat":"","_VenueLng":"","footnotes":""},"class_list":["post-8927","page","type-page","status-publish","has-post-thumbnail","hentry"],"featured_image_src":"https:\/\/turismocoria.es\/turismo\/wp-content\/uploads\/2021\/05\/gastronomia-coria-06-600x400.jpg","featured_image_src_square":"https:\/\/turismocoria.es\/turismo\/wp-content\/uploads\/2021\/05\/gastronomia-coria-06-600x600.jpg","uagb_featured_image_src":{"full":["https:\/\/turismocoria.es\/turismo\/wp-content\/uploads\/2021\/05\/gastronomia-coria-06.jpg",1023,709,false],"thumbnail":["https:\/\/turismocoria.es\/turismo\/wp-content\/uploads\/2021\/05\/gastronomia-coria-06-150x150.jpg",150,150,true],"medium":["https:\/\/turismocoria.es\/turismo\/wp-content\/uploads\/2021\/05\/gastronomia-coria-06-300x208.jpg",300,208,true],"medium_large":["https:\/\/turismocoria.es\/turismo\/wp-content\/uploads\/2021\/05\/gastronomia-coria-06-768x532.jpg",768,532,true],"large":["https:\/\/turismocoria.es\/turismo\/wp-content\/uploads\/2021\/05\/gastronomia-coria-06.jpg",1023,709,false],"gs-tiny":["https:\/\/turismocoria.es\/turismo\/wp-content\/uploads\/2021\/05\/gastronomia-coria-06.jpg",50,35,false],"xl":["https:\/\/turismocoria.es\/turismo\/wp-content\/uploads\/2021\/05\/gastronomia-coria-06.jpg",1023,709,false],"xxl":["https:\/\/turismocoria.es\/turismo\/wp-content\/uploads\/2021\/05\/gastronomia-coria-06.jpg",1023,709,false],"xxxl":["https:\/\/turismocoria.es\/turismo\/wp-content\/uploads\/2021\/05\/gastronomia-coria-06.jpg",1023,709,false],"xxxxl":["https:\/\/turismocoria.es\/turismo\/wp-content\/uploads\/2021\/05\/gastronomia-coria-06.jpg",1023,709,false],"xxxxxl":["https:\/\/turismocoria.es\/turismo\/wp-content\/uploads\/2021\/05\/gastronomia-coria-06.jpg",1023,709,false],"1536x1536":["https:\/\/turismocoria.es\/turismo\/wp-content\/uploads\/2021\/05\/gastronomia-coria-06.jpg",1023,709,false],"2048x2048":["https:\/\/turismocoria.es\/turismo\/wp-content\/uploads\/2021\/05\/gastronomia-coria-06.jpg",1023,709,false],"ultp_layout_landscape_large":["https:\/\/turismocoria.es\/turismo\/wp-content\/uploads\/2021\/05\/gastronomia-coria-06.jpg",1023,709,false],"ultp_layout_landscape":["https:\/\/turismocoria.es\/turismo\/wp-content\/uploads\/2021\/05\/gastronomia-coria-06-870x570.jpg",870,570,true],"ultp_layout_portrait":["https:\/\/turismocoria.es\/turismo\/wp-content\/uploads\/2021\/05\/gastronomia-coria-06-600x709.jpg",600,709,true],"ultp_layout_square":["https:\/\/turismocoria.es\/turismo\/wp-content\/uploads\/2021\/05\/gastronomia-coria-06-600x600.jpg",600,600,true],"gb-block-post-grid-landscape":["https:\/\/turismocoria.es\/turismo\/wp-content\/uploads\/2021\/05\/gastronomia-coria-06-600x400.jpg",600,400,true],"gb-block-post-grid-square":["https:\/\/turismocoria.es\/turismo\/wp-content\/uploads\/2021\/05\/gastronomia-coria-06-600x600.jpg",600,600,true]},"uagb_author_info":{"display_name":"admin","author_link":"https:\/\/turismocoria.es\/turismo\/author\/admin\/"},"uagb_comment_info":0,"uagb_excerpt":"En effet, le pass\u00e9 culinaire p\u00e8se \u00e9norm\u00e9ment sur le pr\u00e9sent. En ce sens, d\u00e9riv\u00e9 de l\u2019image taurine de cette ville au fil de son histoire car elle est li\u00e9e depuis des temps imm\u00e9moriaux au taureau de combat \u00e0 travers les ancestrales F\u00eates de Saint-Jean (Fiestas de San Juan). En m\u00eame temps que la FITCORIA, est&hellip;","_links":{"self":[{"href":"https:\/\/turismocoria.es\/turismo\/wp-json\/wp\/v2\/pages\/8927"}],"collection":[{"href":"https:\/\/turismocoria.es\/turismo\/wp-json\/wp\/v2\/pages"}],"about":[{"href":"https:\/\/turismocoria.es\/turismo\/wp-json\/wp\/v2\/types\/page"}],"author":[{"embeddable":true,"href":"https:\/\/turismocoria.es\/turismo\/wp-json\/wp\/v2\/users\/1"}],"replies":[{"embeddable":true,"href":"https:\/\/turismocoria.es\/turismo\/wp-json\/wp\/v2\/comments?post=8927"}],"version-history":[{"count":0,"href":"https:\/\/turismocoria.es\/turismo\/wp-json\/wp\/v2\/pages\/8927\/revisions"}],"up":[{"embeddable":true,"href":"https:\/\/turismocoria.es\/turismo\/wp-json\/wp\/v2\/pages\/8911"}],"wp:featuredmedia":[{"embeddable":true,"href":"https:\/\/turismocoria.es\/turismo\/wp-json\/wp\/v2\/media\/3200"}],"wp:attachment":[{"href":"https:\/\/turismocoria.es\/turismo\/wp-json\/wp\/v2\/media?parent=8927"}],"curies":[{"name":"wp","href":"https:\/\/api.w.org\/{rel}","templated":true}]}}