{"id":8921,"date":"2021-02-04T20:15:05","date_gmt":"2021-02-04T19:15:05","guid":{"rendered":"https:\/\/turismo.beta.coriaenimagenes.com\/?page_id=8921"},"modified":"2022-01-09T10:59:18","modified_gmt":"2022-01-09T09:59:18","slug":"destination-mycologique","status":"publish","type":"page","link":"https:\/\/turismocoria.es\/turismo\/fr\/une-ville-au-fin-palais\/destination-mycologique\/","title":{"rendered":"Destination Mycologique"},"content":{"rendered":"\n<div style=\"height:20px\" aria-hidden=\"true\" class=\"wp-block-spacer\"><\/div>\n\n\n\n<div class=\"wp-block-cover is-light\"><span aria-hidden=\"true\" class=\"wp-block-cover__gradient-background has-background-dim\"><\/span><img loading=\"lazy\" decoding=\"async\" width=\"945\" height=\"709\" class=\"wp-block-cover__image-background wp-image-3197 lazyload\" alt=\"\" data-src=\"https:\/\/turismocoria.es\/turismo\/wp-content\/uploads\/2021\/05\/gastronomia-coria-03.jpg\" style=\"--smush-placeholder-width: 945px; --smush-placeholder-aspect-ratio: 945\/709;object-position:50% 75%\" data-object-fit=\"cover\" data-object-position=\"50% 75%\" data-srcset=\"https:\/\/turismocoria.es\/turismo\/wp-content\/uploads\/2021\/05\/gastronomia-coria-03.jpg 945w, https:\/\/turismocoria.es\/turismo\/wp-content\/uploads\/2021\/05\/gastronomia-coria-03-300x225.jpg 300w, https:\/\/turismocoria.es\/turismo\/wp-content\/uploads\/2021\/05\/gastronomia-coria-03-768x576.jpg 768w\" data-sizes=\"(max-width: 945px) 100vw, 945px\" src=\"data:image\/gif;base64,R0lGODlhAQABAAAAACH5BAEKAAEALAAAAAABAAEAAAICTAEAOw==\" \/><noscript><img loading=\"lazy\" decoding=\"async\" width=\"945\" height=\"709\" class=\"wp-block-cover__image-background wp-image-3197\" alt=\"\" src=\"https:\/\/turismocoria.es\/turismo\/wp-content\/uploads\/2021\/05\/gastronomia-coria-03.jpg\" style=\"object-position:50% 75%\" data-object-fit=\"cover\" data-object-position=\"50% 75%\" srcset=\"https:\/\/turismocoria.es\/turismo\/wp-content\/uploads\/2021\/05\/gastronomia-coria-03.jpg 945w, https:\/\/turismocoria.es\/turismo\/wp-content\/uploads\/2021\/05\/gastronomia-coria-03-300x225.jpg 300w, https:\/\/turismocoria.es\/turismo\/wp-content\/uploads\/2021\/05\/gastronomia-coria-03-768x576.jpg 768w\" sizes=\"(max-width: 945px) 100vw, 945px\" \/><\/noscript><div class=\"wp-block-cover__inner-container is-layout-flow wp-block-cover-is-layout-flow\">\n<h1 class=\"has-text-align-center has-ast-global-color-5-color has-text-color wp-block-heading\" id=\"destination-mycologique\"><em>Destination Mycologique<\/em><\/h1>\n\n\n\n<p><\/p>\n<\/div><\/div>\n\n\n\n<div style=\"height:20px\" aria-hidden=\"true\" class=\"wp-block-spacer\"><\/div>\n\n\n\n<div class=\"wp-block-columns margen-derecho-50 margen-izquierdo-50 margin-top-50 is-layout-flex wp-container-core-columns-is-layout-1 wp-block-columns-is-layout-flex\">\n<div class=\"wp-block-column is-layout-flow wp-block-column-is-layout-flow\">\n<p>L\u2019automne est une des p\u00e9riodes les plus attendues et les plus propices pour les passionn\u00e9s du monde des champignons, au point de devenir le moment id\u00e9al pour profiter de cette enclave historique et monumentale qu\u2019est le <strong><a href=\"https:\/\/turismocoria.es\/turismo\/fr\/lieux-a-ne-pas-manquer\/centre-historique\/\"><span style=\"text-decoration: underline;\">Centre historique<\/span><\/a><\/strong> de Coria en tant que destination mycologique de l\u2019Estr\u00e9madure, car il est r\u00e9put\u00e9 pour sa bonne cuisine gastronomique mycologique \u00e9labor\u00e9e dans les fourneaux des principaux \u00e9tablissements de restauration de la commune. Il convient aussi de signaler sa c\u00e9l\u00e8bre et historique <strong><span style=\"text-decoration: underline;\"><a href=\"https:\/\/turismocoria.es\/turismo\/fr\/une-ville-au-fin-palais\/destination-mycologique\/route-de-tapas-coria-sabor-micologico\/\" data-type=\"page\" data-id=\"8924\">Route des Tapas \u201cCoria Saveur mycologique\u201d<\/a><\/span><\/strong>, un \u00e9v\u00e9nement culinaire permettant de promouvoir les saveurs de cette terre de Coria, avec les champignons dans le r\u00f4le principal, \u00e0 travers la reconstitution d\u2019une cuisine miniature \u00e0 base de brochettes et de tapas qui sont propos\u00e9es dans les \u00e9tablissements h\u00f4teliers de la commune qui participent \u00e0 l\u2019\u00e9v\u00e9nement. <\/p>\n<\/div>\n<\/div>\n\n\n\n<figure class=\"wp-block-image alignfull size-large enlace-desactivado disabled\"><a href=\"#\"><img loading=\"lazy\" decoding=\"async\" width=\"1024\" height=\"127\" data-src=\"https:\/\/turismocoria.es\/turismo\/wp-content\/uploads\/2021\/04\/silueta-coria-azul-1024x127.png\" alt=\"Silueta Ciudad de Coria\" class=\"wp-image-1796 lazyload\" data-srcset=\"https:\/\/turismocoria.es\/turismo\/wp-content\/uploads\/2021\/04\/silueta-coria-azul-1024x127.png 1024w, https:\/\/turismocoria.es\/turismo\/wp-content\/uploads\/2021\/04\/silueta-coria-azul-300x37.png 300w, https:\/\/turismocoria.es\/turismo\/wp-content\/uploads\/2021\/04\/silueta-coria-azul-768x95.png 768w, https:\/\/turismocoria.es\/turismo\/wp-content\/uploads\/2021\/04\/silueta-coria-azul-1536x191.png 1536w, https:\/\/turismocoria.es\/turismo\/wp-content\/uploads\/2021\/04\/silueta-coria-azul-2048x255.png 2048w, https:\/\/turismocoria.es\/turismo\/wp-content\/uploads\/2021\/04\/silueta-coria-azul-1600x199.png 1600w\" data-sizes=\"(max-width: 1024px) 100vw, 1024px\" src=\"data:image\/gif;base64,R0lGODlhAQABAAAAACH5BAEKAAEALAAAAAABAAEAAAICTAEAOw==\" style=\"--smush-placeholder-width: 1024px; --smush-placeholder-aspect-ratio: 1024\/127;\" \/><noscript><img loading=\"lazy\" decoding=\"async\" width=\"1024\" height=\"127\" src=\"https:\/\/turismocoria.es\/turismo\/wp-content\/uploads\/2021\/04\/silueta-coria-azul-1024x127.png\" alt=\"Silueta Ciudad de Coria\" class=\"wp-image-1796\" srcset=\"https:\/\/turismocoria.es\/turismo\/wp-content\/uploads\/2021\/04\/silueta-coria-azul-1024x127.png 1024w, https:\/\/turismocoria.es\/turismo\/wp-content\/uploads\/2021\/04\/silueta-coria-azul-300x37.png 300w, https:\/\/turismocoria.es\/turismo\/wp-content\/uploads\/2021\/04\/silueta-coria-azul-768x95.png 768w, https:\/\/turismocoria.es\/turismo\/wp-content\/uploads\/2021\/04\/silueta-coria-azul-1536x191.png 1536w, https:\/\/turismocoria.es\/turismo\/wp-content\/uploads\/2021\/04\/silueta-coria-azul-2048x255.png 2048w, https:\/\/turismocoria.es\/turismo\/wp-content\/uploads\/2021\/04\/silueta-coria-azul-1600x199.png 1600w\" sizes=\"(max-width: 1024px) 100vw, 1024px\" \/><\/noscript><\/a><\/figure>\n","protected":false},"excerpt":{"rendered":"<p>L\u2019automne est une des p\u00e9riodes les plus attendues et les plus propices pour les passionn\u00e9s du monde des champignons, au point de devenir le moment id\u00e9al pour profiter de cette enclave historique et monumentale qu\u2019est le Centre historique de Coria en tant que destination mycologique de l\u2019Estr\u00e9madure, car il est r\u00e9put\u00e9 pour sa bonne cuisine [&hellip;]<\/p>\n","protected":false},"author":1,"featured_media":3197,"parent":8911,"menu_order":3,"comment_status":"closed","ping_status":"closed","template":"","meta":{"_uag_custom_page_level_css":"","site-sidebar-layout":"no-sidebar","site-content-layout":"page-builder","ast-site-content-layout":"","site-content-style":"default","site-sidebar-style":"default","ast-global-header-display":"","ast-banner-title-visibility":"","ast-main-header-display":"","ast-hfb-above-header-display":"","ast-hfb-below-header-display":"","ast-hfb-mobile-header-display":"","site-post-title":"disabled","ast-breadcrumbs-content":"","ast-featured-img":"disabled","footer-sml-layout":"","theme-transparent-header-meta":"default","adv-header-id-meta":"","stick-header-meta":"","header-above-stick-meta":"","header-main-stick-meta":"","header-below-stick-meta":"","astra-migrate-meta-layouts":"default","ast-page-background-enabled":"default","ast-page-background-meta":{"desktop":{"background-color":"","background-image":"","background-repeat":"repeat","background-position":"center center","background-size":"auto","background-attachment":"scroll","background-type":"","background-media":"","overlay-type":"","overlay-color":"","overlay-opacity":"","overlay-gradient":""},"tablet":{"background-color":"","background-image":"","background-repeat":"repeat","background-position":"center center","background-size":"auto","background-attachment":"scroll","background-type":"","background-media":"","overlay-type":"","overlay-color":"","overlay-opacity":"","overlay-gradient":""},"mobile":{"background-color":"","background-image":"","background-repeat":"repeat","background-position":"center center","background-size":"auto","background-attachment":"scroll","background-type":"","background-media":"","overlay-type":"","overlay-color":"","overlay-opacity":"","overlay-gradient":""}},"ast-content-background-meta":{"desktop":{"background-color":"var(--ast-global-color-5)","background-image":"","background-repeat":"repeat","background-position":"center center","background-size":"auto","background-attachment":"scroll","background-type":"","background-media":"","overlay-type":"","overlay-color":"","overlay-opacity":"","overlay-gradient":""},"tablet":{"background-color":"var(--ast-global-color-5)","background-image":"","background-repeat":"repeat","background-position":"center center","background-size":"auto","background-attachment":"scroll","background-type":"","background-media":"","overlay-type":"","overlay-color":"","overlay-opacity":"","overlay-gradient":""},"mobile":{"background-color":"var(--ast-global-color-5)","background-image":"","background-repeat":"repeat","background-position":"center center","background-size":"auto","background-attachment":"scroll","background-type":"","background-media":"","overlay-type":"","overlay-color":"","overlay-opacity":"","overlay-gradient":""}},"_EventAllDay":false,"_EventTimezone":"","_EventStartDate":"","_EventEndDate":"","_EventStartDateUTC":"","_EventEndDateUTC":"","_EventShowMap":false,"_EventShowMapLink":false,"_EventURL":"","_EventCost":"","_EventCostDescription":"","_EventCurrencySymbol":"","_EventCurrencyCode":"","_EventCurrencyPosition":"","_EventDateTimeSeparator":"","_EventTimeRangeSeparator":"","_EventOrganizerID":[],"_EventVenueID":0,"_OrganizerEmail":"","_OrganizerPhone":"","_OrganizerWebsite":"","_VenueAddress":"","_VenueCity":"","_VenueCountry":"","_VenueProvince":"","_VenueZip":"","_VenuePhone":"","_VenueURL":"","_VenueStateProvince":"","_VenueLat":"","_VenueLng":"","footnotes":""},"class_list":["post-8921","page","type-page","status-publish","has-post-thumbnail","hentry"],"featured_image_src":"https:\/\/turismocoria.es\/turismo\/wp-content\/uploads\/2021\/05\/gastronomia-coria-03-600x400.jpg","featured_image_src_square":"https:\/\/turismocoria.es\/turismo\/wp-content\/uploads\/2021\/05\/gastronomia-coria-03-600x600.jpg","uagb_featured_image_src":{"full":["https:\/\/turismocoria.es\/turismo\/wp-content\/uploads\/2021\/05\/gastronomia-coria-03.jpg",945,709,false],"thumbnail":["https:\/\/turismocoria.es\/turismo\/wp-content\/uploads\/2021\/05\/gastronomia-coria-03-150x150.jpg",150,150,true],"medium":["https:\/\/turismocoria.es\/turismo\/wp-content\/uploads\/2021\/05\/gastronomia-coria-03-300x225.jpg",300,225,true],"medium_large":["https:\/\/turismocoria.es\/turismo\/wp-content\/uploads\/2021\/05\/gastronomia-coria-03-768x576.jpg",768,576,true],"large":["https:\/\/turismocoria.es\/turismo\/wp-content\/uploads\/2021\/05\/gastronomia-coria-03.jpg",945,709,false],"gs-tiny":["https:\/\/turismocoria.es\/turismo\/wp-content\/uploads\/2021\/05\/gastronomia-coria-03.jpg",50,38,false],"xl":["https:\/\/turismocoria.es\/turismo\/wp-content\/uploads\/2021\/05\/gastronomia-coria-03.jpg",945,709,false],"xxl":["https:\/\/turismocoria.es\/turismo\/wp-content\/uploads\/2021\/05\/gastronomia-coria-03.jpg",945,709,false],"xxxl":["https:\/\/turismocoria.es\/turismo\/wp-content\/uploads\/2021\/05\/gastronomia-coria-03.jpg",945,709,false],"xxxxl":["https:\/\/turismocoria.es\/turismo\/wp-content\/uploads\/2021\/05\/gastronomia-coria-03.jpg",945,709,false],"xxxxxl":["https:\/\/turismocoria.es\/turismo\/wp-content\/uploads\/2021\/05\/gastronomia-coria-03.jpg",945,709,false],"1536x1536":["https:\/\/turismocoria.es\/turismo\/wp-content\/uploads\/2021\/05\/gastronomia-coria-03.jpg",945,709,false],"2048x2048":["https:\/\/turismocoria.es\/turismo\/wp-content\/uploads\/2021\/05\/gastronomia-coria-03.jpg",945,709,false],"ultp_layout_landscape_large":["https:\/\/turismocoria.es\/turismo\/wp-content\/uploads\/2021\/05\/gastronomia-coria-03.jpg",945,709,false],"ultp_layout_landscape":["https:\/\/turismocoria.es\/turismo\/wp-content\/uploads\/2021\/05\/gastronomia-coria-03-870x570.jpg",870,570,true],"ultp_layout_portrait":["https:\/\/turismocoria.es\/turismo\/wp-content\/uploads\/2021\/05\/gastronomia-coria-03-600x709.jpg",600,709,true],"ultp_layout_square":["https:\/\/turismocoria.es\/turismo\/wp-content\/uploads\/2021\/05\/gastronomia-coria-03-600x600.jpg",600,600,true],"gb-block-post-grid-landscape":["https:\/\/turismocoria.es\/turismo\/wp-content\/uploads\/2021\/05\/gastronomia-coria-03-600x400.jpg",600,400,true],"gb-block-post-grid-square":["https:\/\/turismocoria.es\/turismo\/wp-content\/uploads\/2021\/05\/gastronomia-coria-03-600x600.jpg",600,600,true]},"uagb_author_info":{"display_name":"admin","author_link":"https:\/\/turismocoria.es\/turismo\/author\/admin\/"},"uagb_comment_info":0,"uagb_excerpt":"L\u2019automne est une des p\u00e9riodes les plus attendues et les plus propices pour les passionn\u00e9s du monde des champignons, au point de devenir le moment id\u00e9al pour profiter de cette enclave historique et monumentale qu\u2019est le Centre historique de Coria en tant que destination mycologique de l\u2019Estr\u00e9madure, car il est r\u00e9put\u00e9 pour sa bonne cuisine&hellip;","_links":{"self":[{"href":"https:\/\/turismocoria.es\/turismo\/wp-json\/wp\/v2\/pages\/8921"}],"collection":[{"href":"https:\/\/turismocoria.es\/turismo\/wp-json\/wp\/v2\/pages"}],"about":[{"href":"https:\/\/turismocoria.es\/turismo\/wp-json\/wp\/v2\/types\/page"}],"author":[{"embeddable":true,"href":"https:\/\/turismocoria.es\/turismo\/wp-json\/wp\/v2\/users\/1"}],"replies":[{"embeddable":true,"href":"https:\/\/turismocoria.es\/turismo\/wp-json\/wp\/v2\/comments?post=8921"}],"version-history":[{"count":0,"href":"https:\/\/turismocoria.es\/turismo\/wp-json\/wp\/v2\/pages\/8921\/revisions"}],"up":[{"embeddable":true,"href":"https:\/\/turismocoria.es\/turismo\/wp-json\/wp\/v2\/pages\/8911"}],"wp:featuredmedia":[{"embeddable":true,"href":"https:\/\/turismocoria.es\/turismo\/wp-json\/wp\/v2\/media\/3197"}],"wp:attachment":[{"href":"https:\/\/turismocoria.es\/turismo\/wp-json\/wp\/v2\/media?parent=8921"}],"curies":[{"name":"wp","href":"https:\/\/api.w.org\/{rel}","templated":true}]}}