{"id":8639,"date":"2021-02-04T13:01:38","date_gmt":"2021-02-04T12:01:38","guid":{"rendered":"https:\/\/turismo.beta.coriaenimagenes.com\/?page_id=8639"},"modified":"2022-01-05T10:32:24","modified_gmt":"2022-01-05T09:32:24","slug":"promenade-guidee-a-travers-les-siecles","status":"publish","type":"page","link":"https:\/\/turismocoria.es\/turismo\/fr\/histoires-pour-toute-la-famille\/promenade-guidee-a-travers-les-siecles\/","title":{"rendered":"Promenade guid\u00e9e \u00e0 travers les si\u00e8cles"},"content":{"rendered":"\n<div style=\"height:20px\" aria-hidden=\"true\" class=\"wp-block-spacer\"><\/div>\n\n\n\n<div class=\"wp-block-cover\"><span aria-hidden=\"true\" class=\"wp-block-cover__gradient-background has-background-dim\"><\/span><img loading=\"lazy\" decoding=\"async\" width=\"1200\" height=\"875\" class=\"wp-block-cover__image-background wp-image-1247 lazyload\" alt=\"\" data-src=\"https:\/\/turismocoria.es\/turismo\/wp-content\/uploads\/2021\/03\/catedral-santa-maria-de-la-asuncion-coria.jpg\" style=\"--smush-placeholder-width: 1200px; --smush-placeholder-aspect-ratio: 1200\/875;object-position:50% 41%\" data-object-fit=\"cover\" data-object-position=\"50% 41%\" data-srcset=\"https:\/\/turismocoria.es\/turismo\/wp-content\/uploads\/2021\/03\/catedral-santa-maria-de-la-asuncion-coria.jpg 1200w, https:\/\/turismocoria.es\/turismo\/wp-content\/uploads\/2021\/03\/catedral-santa-maria-de-la-asuncion-coria-300x219.jpg 300w, https:\/\/turismocoria.es\/turismo\/wp-content\/uploads\/2021\/03\/catedral-santa-maria-de-la-asuncion-coria-1024x747.jpg 1024w, https:\/\/turismocoria.es\/turismo\/wp-content\/uploads\/2021\/03\/catedral-santa-maria-de-la-asuncion-coria-768x560.jpg 768w\" data-sizes=\"(max-width: 1200px) 100vw, 1200px\" src=\"data:image\/gif;base64,R0lGODlhAQABAAAAACH5BAEKAAEALAAAAAABAAEAAAICTAEAOw==\" \/><noscript><img loading=\"lazy\" decoding=\"async\" width=\"1200\" height=\"875\" class=\"wp-block-cover__image-background wp-image-1247\" alt=\"\" src=\"https:\/\/turismocoria.es\/turismo\/wp-content\/uploads\/2021\/03\/catedral-santa-maria-de-la-asuncion-coria.jpg\" style=\"object-position:50% 41%\" data-object-fit=\"cover\" data-object-position=\"50% 41%\" srcset=\"https:\/\/turismocoria.es\/turismo\/wp-content\/uploads\/2021\/03\/catedral-santa-maria-de-la-asuncion-coria.jpg 1200w, https:\/\/turismocoria.es\/turismo\/wp-content\/uploads\/2021\/03\/catedral-santa-maria-de-la-asuncion-coria-300x219.jpg 300w, https:\/\/turismocoria.es\/turismo\/wp-content\/uploads\/2021\/03\/catedral-santa-maria-de-la-asuncion-coria-1024x747.jpg 1024w, https:\/\/turismocoria.es\/turismo\/wp-content\/uploads\/2021\/03\/catedral-santa-maria-de-la-asuncion-coria-768x560.jpg 768w\" sizes=\"(max-width: 1200px) 100vw, 1200px\" \/><\/noscript><div class=\"wp-block-cover__inner-container is-layout-flow wp-block-cover-is-layout-flow\">\n<h1 class=\"has-text-align-center wp-block-heading\" id=\"promenade-guidee-a-travers-les-siecles\"><em>Promenade guid\u00e9e \u00e0 travers les si\u00e8cles<\/em><\/h1>\n<\/div><\/div>\n\n\n\n<div style=\"height:20px\" aria-hidden=\"true\" class=\"wp-block-spacer\"><\/div>\n\n\n\n<div class=\"wp-block-columns margen-izquierdo-50 margen-derecho-50 margin-top-50 is-layout-flex wp-container-core-columns-is-layout-1 wp-block-columns-is-layout-flex\">\n<div class=\"wp-block-column is-layout-flow wp-block-column-is-layout-flow\">\n<p>Des lieux attrayants marqu\u00e9s par des \u00e9pisodes et des gestes, dont nous pourrons appr\u00e9cier la grande authenticit\u00e9 dans le centre historique mill\u00e9naire et dont les souvenirs perdurent encore aujourd\u2019hui, pr\u00e9servant l\u2019identit\u00e9 dont l\u2019origine remonte \u00e0 d\u2019autres \u00e9poques r\u00e9volues, dans l\u2019attente d\u2019\u00eatre d\u00e9couvertes, \u00e0 travers un voyage imaginaire dans le temps, qui commence au d\u00e9but de nos origines primitives ancr\u00e9es dans la Pr\u00e9histoire, puis passe par notre patrimoine culturel mill\u00e9naire et exceptionnel de l\u2019 <strong><span style=\"text-decoration: underline;\"><a href=\"https:\/\/turismocoria.es\/turismo\/fr\/histoires-pour-toute-la-famille\/promenade-guidee-a-travers-les-siecles\/antiquite\/\" data-type=\"page\" data-id=\"8643\">Antiquit\u00e9<\/a><\/span><\/strong> qui pr\u00e9vaut encore aujourd\u2019hui, se poursuit dans la longue p\u00e9riode de luttes et de reconqu\u00eates du <strong><span style=\"text-decoration: underline;\"><a href=\"https:\/\/turismocoria.es\/turismo\/fr\/histoires-pour-toute-la-famille\/promenade-guidee-a-travers-les-siecles\/moyen-age\/\" data-type=\"page\" data-id=\"8646\">Moyen \u00c2ge<\/a><\/span><\/strong> Moyen \u00c2ge cach\u00e9e dans les ruelles du casque monumental, jusqu\u2019\u00e0 arriver \u00e0 la floraison de la ville en pleine <strong><span style=\"text-decoration: underline;\"><a href=\"https:\/\/turismocoria.es\/turismo\/fr\/histoires-pour-toute-la-famille\/promenade-guidee-a-travers-les-siecles\/ere-moderne\/\" data-type=\"page\" data-id=\"8648\">\u00c8re moderne<\/a><\/span><\/strong> et se connecter avec l\u2019 <strong><span style=\"text-decoration: underline;\"><a href=\"https:\/\/turismocoria.es\/turismo\/fr\/histoires-pour-toute-la-famille\/promenade-guidee-a-travers-les-siecles\/epoque-contemporaine\/\" data-type=\"page\" data-id=\"8651\">\u00c9poque contemporaine<\/a><\/span><\/strong> jusqu\u2019\u00e0 aujourd\u2019hui.<\/p>\n<\/div>\n<\/div>\n\n\n\n<figure class=\"wp-block-image alignfull size-large enlace-desactivado disabled\"><a href=\"#\"><img loading=\"lazy\" decoding=\"async\" width=\"1024\" height=\"127\" data-src=\"https:\/\/turismocoria.es\/turismo\/wp-content\/uploads\/2021\/04\/silueta-coria-azul-1024x127.png\" alt=\"Silueta Ciudad de Coria\" class=\"wp-image-1796 lazyload\" data-srcset=\"https:\/\/turismocoria.es\/turismo\/wp-content\/uploads\/2021\/04\/silueta-coria-azul-1024x127.png 1024w, https:\/\/turismocoria.es\/turismo\/wp-content\/uploads\/2021\/04\/silueta-coria-azul-300x37.png 300w, https:\/\/turismocoria.es\/turismo\/wp-content\/uploads\/2021\/04\/silueta-coria-azul-768x95.png 768w, https:\/\/turismocoria.es\/turismo\/wp-content\/uploads\/2021\/04\/silueta-coria-azul-1536x191.png 1536w, https:\/\/turismocoria.es\/turismo\/wp-content\/uploads\/2021\/04\/silueta-coria-azul-2048x255.png 2048w, https:\/\/turismocoria.es\/turismo\/wp-content\/uploads\/2021\/04\/silueta-coria-azul-1600x199.png 1600w\" data-sizes=\"(max-width: 1024px) 100vw, 1024px\" src=\"data:image\/gif;base64,R0lGODlhAQABAAAAACH5BAEKAAEALAAAAAABAAEAAAICTAEAOw==\" style=\"--smush-placeholder-width: 1024px; --smush-placeholder-aspect-ratio: 1024\/127;\" \/><noscript><img loading=\"lazy\" decoding=\"async\" width=\"1024\" height=\"127\" src=\"https:\/\/turismocoria.es\/turismo\/wp-content\/uploads\/2021\/04\/silueta-coria-azul-1024x127.png\" alt=\"Silueta Ciudad de Coria\" class=\"wp-image-1796\" srcset=\"https:\/\/turismocoria.es\/turismo\/wp-content\/uploads\/2021\/04\/silueta-coria-azul-1024x127.png 1024w, https:\/\/turismocoria.es\/turismo\/wp-content\/uploads\/2021\/04\/silueta-coria-azul-300x37.png 300w, https:\/\/turismocoria.es\/turismo\/wp-content\/uploads\/2021\/04\/silueta-coria-azul-768x95.png 768w, https:\/\/turismocoria.es\/turismo\/wp-content\/uploads\/2021\/04\/silueta-coria-azul-1536x191.png 1536w, https:\/\/turismocoria.es\/turismo\/wp-content\/uploads\/2021\/04\/silueta-coria-azul-2048x255.png 2048w, https:\/\/turismocoria.es\/turismo\/wp-content\/uploads\/2021\/04\/silueta-coria-azul-1600x199.png 1600w\" sizes=\"(max-width: 1024px) 100vw, 1024px\" \/><\/noscript><\/a><\/figure>\n","protected":false},"excerpt":{"rendered":"<p>Des lieux attrayants marqu\u00e9s par des \u00e9pisodes et des gestes, dont nous pourrons appr\u00e9cier la grande authenticit\u00e9 dans le centre historique mill\u00e9naire et dont les souvenirs perdurent encore aujourd\u2019hui, pr\u00e9servant l\u2019identit\u00e9 dont l\u2019origine remonte \u00e0 d\u2019autres \u00e9poques r\u00e9volues, dans l\u2019attente d\u2019\u00eatre d\u00e9couvertes, \u00e0 travers un voyage imaginaire dans le temps, qui commence au d\u00e9but de [&hellip;]<\/p>\n","protected":false},"author":1,"featured_media":2215,"parent":8109,"menu_order":2,"comment_status":"closed","ping_status":"closed","template":"","meta":{"_uag_custom_page_level_css":"","site-sidebar-layout":"no-sidebar","site-content-layout":"page-builder","ast-site-content-layout":"","site-content-style":"default","site-sidebar-style":"default","ast-global-header-display":"","ast-banner-title-visibility":"","ast-main-header-display":"","ast-hfb-above-header-display":"","ast-hfb-below-header-display":"","ast-hfb-mobile-header-display":"","site-post-title":"disabled","ast-breadcrumbs-content":"","ast-featured-img":"disabled","footer-sml-layout":"","theme-transparent-header-meta":"default","adv-header-id-meta":"","stick-header-meta":"","header-above-stick-meta":"","header-main-stick-meta":"","header-below-stick-meta":"","astra-migrate-meta-layouts":"default","ast-page-background-enabled":"default","ast-page-background-meta":{"desktop":{"background-color":"","background-image":"","background-repeat":"repeat","background-position":"center center","background-size":"auto","background-attachment":"scroll","background-type":"","background-media":"","overlay-type":"","overlay-color":"","overlay-opacity":"","overlay-gradient":""},"tablet":{"background-color":"","background-image":"","background-repeat":"repeat","background-position":"center center","background-size":"auto","background-attachment":"scroll","background-type":"","background-media":"","overlay-type":"","overlay-color":"","overlay-opacity":"","overlay-gradient":""},"mobile":{"background-color":"","background-image":"","background-repeat":"repeat","background-position":"center center","background-size":"auto","background-attachment":"scroll","background-type":"","background-media":"","overlay-type":"","overlay-color":"","overlay-opacity":"","overlay-gradient":""}},"ast-content-background-meta":{"desktop":{"background-color":"var(--ast-global-color-5)","background-image":"","background-repeat":"repeat","background-position":"center center","background-size":"auto","background-attachment":"scroll","background-type":"","background-media":"","overlay-type":"","overlay-color":"","overlay-opacity":"","overlay-gradient":""},"tablet":{"background-color":"var(--ast-global-color-5)","background-image":"","background-repeat":"repeat","background-position":"center center","background-size":"auto","background-attachment":"scroll","background-type":"","background-media":"","overlay-type":"","overlay-color":"","overlay-opacity":"","overlay-gradient":""},"mobile":{"background-color":"var(--ast-global-color-5)","background-image":"","background-repeat":"repeat","background-position":"center center","background-size":"auto","background-attachment":"scroll","background-type":"","background-media":"","overlay-type":"","overlay-color":"","overlay-opacity":"","overlay-gradient":""}},"_EventAllDay":false,"_EventTimezone":"","_EventStartDate":"","_EventEndDate":"","_EventStartDateUTC":"","_EventEndDateUTC":"","_EventShowMap":false,"_EventShowMapLink":false,"_EventURL":"","_EventCost":"","_EventCostDescription":"","_EventCurrencySymbol":"","_EventCurrencyCode":"","_EventCurrencyPosition":"","_EventDateTimeSeparator":"","_EventTimeRangeSeparator":"","_EventOrganizerID":[],"_EventVenueID":0,"_OrganizerEmail":"","_OrganizerPhone":"","_OrganizerWebsite":"","_VenueAddress":"","_VenueCity":"","_VenueCountry":"","_VenueProvince":"","_VenueZip":"","_VenuePhone":"","_VenueURL":"","_VenueStateProvince":"","_VenueLat":"","_VenueLng":"","footnotes":""},"class_list":["post-8639","page","type-page","status-publish","has-post-thumbnail","hentry"],"featured_image_src":"https:\/\/turismocoria.es\/turismo\/wp-content\/uploads\/2021\/05\/coria-prehistoria-01-600x400.jpg","featured_image_src_square":"https:\/\/turismocoria.es\/turismo\/wp-content\/uploads\/2021\/05\/coria-prehistoria-01-600x600.jpg","uagb_featured_image_src":{"full":["https:\/\/turismocoria.es\/turismo\/wp-content\/uploads\/2021\/05\/coria-prehistoria-01.jpg",945,709,false],"thumbnail":["https:\/\/turismocoria.es\/turismo\/wp-content\/uploads\/2021\/05\/coria-prehistoria-01-150x150.jpg",150,150,true],"medium":["https:\/\/turismocoria.es\/turismo\/wp-content\/uploads\/2021\/05\/coria-prehistoria-01-300x225.jpg",300,225,true],"medium_large":["https:\/\/turismocoria.es\/turismo\/wp-content\/uploads\/2021\/05\/coria-prehistoria-01-768x576.jpg",768,576,true],"large":["https:\/\/turismocoria.es\/turismo\/wp-content\/uploads\/2021\/05\/coria-prehistoria-01.jpg",945,709,false],"gs-tiny":["https:\/\/turismocoria.es\/turismo\/wp-content\/uploads\/2021\/05\/coria-prehistoria-01.jpg",50,38,false],"xl":["https:\/\/turismocoria.es\/turismo\/wp-content\/uploads\/2021\/05\/coria-prehistoria-01.jpg",945,709,false],"xxl":["https:\/\/turismocoria.es\/turismo\/wp-content\/uploads\/2021\/05\/coria-prehistoria-01.jpg",945,709,false],"xxxl":["https:\/\/turismocoria.es\/turismo\/wp-content\/uploads\/2021\/05\/coria-prehistoria-01.jpg",945,709,false],"xxxxl":["https:\/\/turismocoria.es\/turismo\/wp-content\/uploads\/2021\/05\/coria-prehistoria-01.jpg",945,709,false],"xxxxxl":["https:\/\/turismocoria.es\/turismo\/wp-content\/uploads\/2021\/05\/coria-prehistoria-01.jpg",945,709,false],"1536x1536":["https:\/\/turismocoria.es\/turismo\/wp-content\/uploads\/2021\/05\/coria-prehistoria-01.jpg",945,709,false],"2048x2048":["https:\/\/turismocoria.es\/turismo\/wp-content\/uploads\/2021\/05\/coria-prehistoria-01.jpg",945,709,false],"ultp_layout_landscape_large":["https:\/\/turismocoria.es\/turismo\/wp-content\/uploads\/2021\/05\/coria-prehistoria-01.jpg",945,709,false],"ultp_layout_landscape":["https:\/\/turismocoria.es\/turismo\/wp-content\/uploads\/2021\/05\/coria-prehistoria-01-870x570.jpg",870,570,true],"ultp_layout_portrait":["https:\/\/turismocoria.es\/turismo\/wp-content\/uploads\/2021\/05\/coria-prehistoria-01-600x709.jpg",600,709,true],"ultp_layout_square":["https:\/\/turismocoria.es\/turismo\/wp-content\/uploads\/2021\/05\/coria-prehistoria-01-600x600.jpg",600,600,true],"gb-block-post-grid-landscape":["https:\/\/turismocoria.es\/turismo\/wp-content\/uploads\/2021\/05\/coria-prehistoria-01-600x400.jpg",600,400,true],"gb-block-post-grid-square":["https:\/\/turismocoria.es\/turismo\/wp-content\/uploads\/2021\/05\/coria-prehistoria-01-600x600.jpg",600,600,true]},"uagb_author_info":{"display_name":"admin","author_link":"https:\/\/turismocoria.es\/turismo\/author\/admin\/"},"uagb_comment_info":0,"uagb_excerpt":"Des lieux attrayants marqu\u00e9s par des \u00e9pisodes et des gestes, dont nous pourrons appr\u00e9cier la grande authenticit\u00e9 dans le centre historique mill\u00e9naire et dont les souvenirs perdurent encore aujourd\u2019hui, pr\u00e9servant l\u2019identit\u00e9 dont l\u2019origine remonte \u00e0 d\u2019autres \u00e9poques r\u00e9volues, dans l\u2019attente d\u2019\u00eatre d\u00e9couvertes, \u00e0 travers un voyage imaginaire dans le temps, qui commence au d\u00e9but de&hellip;","_links":{"self":[{"href":"https:\/\/turismocoria.es\/turismo\/wp-json\/wp\/v2\/pages\/8639"}],"collection":[{"href":"https:\/\/turismocoria.es\/turismo\/wp-json\/wp\/v2\/pages"}],"about":[{"href":"https:\/\/turismocoria.es\/turismo\/wp-json\/wp\/v2\/types\/page"}],"author":[{"embeddable":true,"href":"https:\/\/turismocoria.es\/turismo\/wp-json\/wp\/v2\/users\/1"}],"replies":[{"embeddable":true,"href":"https:\/\/turismocoria.es\/turismo\/wp-json\/wp\/v2\/comments?post=8639"}],"version-history":[{"count":0,"href":"https:\/\/turismocoria.es\/turismo\/wp-json\/wp\/v2\/pages\/8639\/revisions"}],"up":[{"embeddable":true,"href":"https:\/\/turismocoria.es\/turismo\/wp-json\/wp\/v2\/pages\/8109"}],"wp:featuredmedia":[{"embeddable":true,"href":"https:\/\/turismocoria.es\/turismo\/wp-json\/wp\/v2\/media\/2215"}],"wp:attachment":[{"href":"https:\/\/turismocoria.es\/turismo\/wp-json\/wp\/v2\/media?parent=8639"}],"curies":[{"name":"wp","href":"https:\/\/api.w.org\/{rel}","templated":true}]}}