{"id":7857,"date":"2021-02-04T12:03:36","date_gmt":"2021-02-04T11:03:36","guid":{"rendered":"https:\/\/turismo.beta.coriaenimagenes.com\/?page_id=7857"},"modified":"2021-12-29T18:20:14","modified_gmt":"2021-12-29T17:20:14","slug":"lieux-a-ne-pas-manquer","status":"publish","type":"page","link":"https:\/\/turismocoria.es\/turismo\/fr\/lieux-a-ne-pas-manquer\/","title":{"rendered":"Lieux \u00e0 ne pas manquer"},"content":{"rendered":"\n<div style=\"height:20px\" aria-hidden=\"true\" class=\"wp-block-spacer\"><\/div>\n\n\n\n<div class=\"wp-block-cover is-light\"><span aria-hidden=\"true\" class=\"wp-block-cover__gradient-background has-background-dim\"><\/span><img loading=\"lazy\" decoding=\"async\" width=\"827\" height=\"466\" class=\"wp-block-cover__image-background wp-image-1082 lazyload\" alt=\"\" data-src=\"https:\/\/turismocoria.es\/turismo\/wp-content\/uploads\/2021\/02\/casco-historico-ciudad-de-coria.jpg\" data-object-fit=\"cover\" data-srcset=\"https:\/\/turismocoria.es\/turismo\/wp-content\/uploads\/2021\/02\/casco-historico-ciudad-de-coria.jpg 827w, https:\/\/turismocoria.es\/turismo\/wp-content\/uploads\/2021\/02\/casco-historico-ciudad-de-coria-300x169.jpg 300w, https:\/\/turismocoria.es\/turismo\/wp-content\/uploads\/2021\/02\/casco-historico-ciudad-de-coria-768x433.jpg 768w\" data-sizes=\"(max-width: 827px) 100vw, 827px\" src=\"data:image\/gif;base64,R0lGODlhAQABAAAAACH5BAEKAAEALAAAAAABAAEAAAICTAEAOw==\" style=\"--smush-placeholder-width: 827px; --smush-placeholder-aspect-ratio: 827\/466;\" \/><noscript><img loading=\"lazy\" decoding=\"async\" width=\"827\" height=\"466\" class=\"wp-block-cover__image-background wp-image-1082\" alt=\"\" src=\"https:\/\/turismocoria.es\/turismo\/wp-content\/uploads\/2021\/02\/casco-historico-ciudad-de-coria.jpg\" data-object-fit=\"cover\" srcset=\"https:\/\/turismocoria.es\/turismo\/wp-content\/uploads\/2021\/02\/casco-historico-ciudad-de-coria.jpg 827w, https:\/\/turismocoria.es\/turismo\/wp-content\/uploads\/2021\/02\/casco-historico-ciudad-de-coria-300x169.jpg 300w, https:\/\/turismocoria.es\/turismo\/wp-content\/uploads\/2021\/02\/casco-historico-ciudad-de-coria-768x433.jpg 768w\" sizes=\"(max-width: 827px) 100vw, 827px\" \/><\/noscript><div class=\"wp-block-cover__inner-container is-layout-flow wp-block-cover-is-layout-flow\">\n<h1 class=\"has-text-align-center has-ast-global-color-5-color has-text-color wp-block-heading\" id=\"lieux-a-ne-pas-manquer\"><em>Lieux \u00e0 ne pas manquer<\/em><\/h1>\n<\/div><\/div>\n\n\n\n<div style=\"height:20px\" aria-hidden=\"true\" class=\"wp-block-spacer\"><\/div>\n\n\n\n<div class=\"wp-block-columns margen-derecho-50 margen-izquierdo-50 margin-top-50 is-layout-flex wp-container-core-columns-is-layout-1 wp-block-columns-is-layout-flex\">\n<div class=\"wp-block-column is-layout-flow wp-block-column-is-layout-flow\">\n<p style=\"font-size:17px\"><strong><em>La <span style=\"text-decoration: underline;\"><a href=\"https:\/\/turismocoria.es\/turismo\/fr\/ville-de-coria\/\" data-type=\"page\" data-id=\"7825\">Ville de Coria<\/a><\/span> a ce point magique que seul conna\u00eet celui qui vient et sent les traces de son pass\u00e9 historique mill\u00e9naire inscrites dans les cicatrices de ses pierres, celui qui appr\u00e9cie le cachet distinctif de ses traditions authentiques, qui savoure l&#8217;ar\u00f4me de ses fourneaux, qui per\u00e7oit le parfum de ses paysages, ou qui partage simplement l\u2019amabilit\u00e9 de ses habitants.<\/em><\/strong><\/p>\n\n\n\n<p>Une belle enclave historique et monumentale, avec plus de deux mill\u00e9naires d&#8217;histoire ininterrompue, qui conserve encore son origine seigneuriale dans ses anciens murs, ainsi que la lign\u00e9e de la curie \u00e9piscopale et l&#8217;ar\u00f4me de la tauromachie, par laquelle pass\u00e8rent un jour des chefs vettons, des chanoines, des pr\u00e9lats et des marquis, ainsi que des cultivateurs et des simples bergers, qui ont laiss\u00e9 leurs traces dispers\u00e9es dans chacun des recoins \u00e9vocateurs de son charmant <strong><span style=\"text-decoration: underline;\"><a href=\"https:\/\/turismocoria.es\/turismo\/fr\/lieux-a-ne-pas-manquer\/centre-historique\/\" data-type=\"page\" data-id=\"8266\">Centre historique<\/a><\/span><\/strong>, sc\u00e8ne d&#8217;histoire vivante qui continue de captiver ses visiteurs.<\/p>\n\n\n\n<div class=\"wp-block-media-text alignwide is-stacked-on-mobile is-image-fill\"><figure class=\"wp-block-media-text__media lazyload\" style=\"background-image:inherit;background-position:50% 50%\" data-bg-image=\"url(https:\/\/turismocoria.es\/turismo\/wp-content\/uploads\/2021\/02\/castillo-duques-de-alba-ciudad-de-coria.jpg)\"><img loading=\"lazy\" decoding=\"async\" width=\"945\" height=\"630\" data-src=\"https:\/\/turismocoria.es\/turismo\/wp-content\/uploads\/2021\/02\/castillo-duques-de-alba-ciudad-de-coria.jpg\" alt=\"Castillo de los Duques de Alba en la Ciudad de Coria\" class=\"wp-image-1090 size-full lazyload\" data-srcset=\"https:\/\/turismocoria.es\/turismo\/wp-content\/uploads\/2021\/02\/castillo-duques-de-alba-ciudad-de-coria.jpg 945w, https:\/\/turismocoria.es\/turismo\/wp-content\/uploads\/2021\/02\/castillo-duques-de-alba-ciudad-de-coria-300x200.jpg 300w, https:\/\/turismocoria.es\/turismo\/wp-content\/uploads\/2021\/02\/castillo-duques-de-alba-ciudad-de-coria-768x512.jpg 768w, https:\/\/turismocoria.es\/turismo\/wp-content\/uploads\/2021\/02\/castillo-duques-de-alba-ciudad-de-coria-600x400.jpg 600w\" data-sizes=\"(max-width: 945px) 100vw, 945px\" src=\"data:image\/gif;base64,R0lGODlhAQABAAAAACH5BAEKAAEALAAAAAABAAEAAAICTAEAOw==\" style=\"--smush-placeholder-width: 945px; --smush-placeholder-aspect-ratio: 945\/630;\" \/><noscript><img loading=\"lazy\" decoding=\"async\" width=\"945\" height=\"630\" src=\"https:\/\/turismocoria.es\/turismo\/wp-content\/uploads\/2021\/02\/castillo-duques-de-alba-ciudad-de-coria.jpg\" alt=\"Castillo de los Duques de Alba en la Ciudad de Coria\" class=\"wp-image-1090 size-full\" srcset=\"https:\/\/turismocoria.es\/turismo\/wp-content\/uploads\/2021\/02\/castillo-duques-de-alba-ciudad-de-coria.jpg 945w, https:\/\/turismocoria.es\/turismo\/wp-content\/uploads\/2021\/02\/castillo-duques-de-alba-ciudad-de-coria-300x200.jpg 300w, https:\/\/turismocoria.es\/turismo\/wp-content\/uploads\/2021\/02\/castillo-duques-de-alba-ciudad-de-coria-768x512.jpg 768w, https:\/\/turismocoria.es\/turismo\/wp-content\/uploads\/2021\/02\/castillo-duques-de-alba-ciudad-de-coria-600x400.jpg 600w\" sizes=\"(max-width: 945px) 100vw, 945px\" \/><\/noscript><\/figure><div class=\"wp-block-media-text__content\">\n<p>Des souvenirs pass\u00e9s de l&#8217;histoire de Coria, d\u00e9crits dans la peau rugueuse des pierres de taille de granit de ses monuments antiques, comme les l\u00e9gendaires <strong><span style=\"text-decoration: underline;\"><a href=\"https:\/\/turismocoria.es\/turismo\/fr\/lieux-a-ne-pas-manquer\/remparts-romains\/\" data-type=\"page\" data-id=\"8269\">Remparts Romains<\/a><\/span><\/strong> (Ier si\u00e8cle) qui l&#8217;entourent, consid\u00e9r\u00e9s comme l&#8217;une des forteresses les mieux conserv\u00e9es, dans son ensemble, de toutes celles trouv\u00e9es dans le reste de l&#8217;Europe.<\/p>\n\n\n\n<p>De grandes toiles d\u00e9fensives qui prot\u00e8gent le contour de cette citadelle, que le voyageur d\u00e9couvre d\u00e8s qu&#8217;il franchit l&#8217;une de ses quatre \u00e9normes portes d&#8217;entr\u00e9e : <span style=\"text-decoration: underline;\"><strong><a href=\"https:\/\/turismocoria.es\/turismo\/fr\/lieux-a-ne-pas-manquer\/remparts-romains\/puerta-de-san-pedro\/\" data-type=\"page\" data-id=\"8271\">Puerta de San Pedro<\/a><\/strong><\/span> or Puerta del Sol (Porte de Saint Pierre ou du Soleil (Ier si\u00e8cle), au nord ; <strong><span style=\"text-decoration: underline;\"><a href=\"https:\/\/turismocoria.es\/turismo\/fr\/lieux-a-ne-pas-manquer\/remparts-romains\/puerta-de-la-guia\/\" data-type=\"page\" data-id=\"8276\">de la Gu\u00eda<\/a><\/span><\/strong> ou <strong>de la Ciudad<\/strong> (Ier si\u00e8cle), au sud-ouest ; de <strong><span style=\"text-decoration: underline;\"><a href=\"https:\/\/turismocoria.es\/turismo\/fr\/lieux-a-ne-pas-manquer\/remparts-romains\/puerta-de-san-francisco\/\" data-type=\"page\" data-id=\"8278\">San Francisco<\/a><\/span><\/strong> ou del <strong>Rollo <\/strong>(XVIe si\u00e8cle), au nord-ouest et <strong><span style=\"text-decoration: underline;\"><a href=\"https:\/\/turismocoria.es\/turismo\/fr\/lieux-a-ne-pas-manquer\/remparts-romains\/puerta-del-carmen\/\" data-type=\"page\" data-id=\"8273\">Puerta del Carmen<\/a><\/span><\/strong> ou <strong>Puerta Nueva<\/strong> (Nueva) (XVIe si\u00e8cle), \u00e0 l&#8217;est, attestant de la domination et de la pr\u00e9sence romaines sur le territoire.<\/p>\n<\/div><\/div>\n\n\n\n<div style=\"height:20px\" aria-hidden=\"true\" class=\"wp-block-spacer\"><\/div>\n\n\n\n<p>Un symbole de puissance, qui est partag\u00e9 avec le superbe <strong><span style=\"text-decoration: underline;\"><a href=\"https:\/\/turismocoria.es\/turismo\/fr\/lieux-a-ne-pas-manquer\/chateau-des-ducs-dalbe\/\" data-type=\"page\" data-id=\"8284\">Ch\u00e2teau des Ducs d\u2019Albe<\/a><\/span><\/strong> (XVe si\u00e8cle), construit sur un autre \u00e9difice d\u00e9fensif ant\u00e9rieur d&#8217;origine templi\u00e8re, dont l&#8217;\u00e9l\u00e9gante Tour de l\u2019Hommage se distingue du reste du complexe militaire fortifi\u00e9, embl\u00e8me du domaine seigneurial de la ville.<\/p>\n\n\n\n<p>Des pierres charg\u00e9es d&#8217;histoire, comme en atteste l&#8217;illustre <strong><span style=\"text-decoration: underline;\"><a href=\"https:\/\/turismocoria.es\/turismo\/fr\/lieux-a-ne-pas-manquer\/cathedrale-sainte-marie-de-lassomption\/\" data-type=\"page\" data-id=\"8298\">Cath\u00e9drale Sainte-Marie de l\u2019Assomption<\/a><\/span><\/strong> (Catedral de Santa Mar\u00eda de la Asunci\u00f3n) (XVe si\u00e8cle \u2013 une b\u00e2tisse wisigothique et romane, embl\u00e8me de la hi\u00e9rarchie XVIIIe), joyau de style gothique-plateresque de l\u2019Estr\u00e9madure avec des ajouts baroques, construite sur les temples primitifs \u00e9piscopaux dans l&#8217;un des plus anciens dioc\u00e8ses d&#8217;Espagne.<\/p>\n\n\n\n<div class=\"wp-block-media-text alignwide has-media-on-the-right is-stacked-on-mobile is-image-fill\"><figure class=\"wp-block-media-text__media lazyload\" style=\"background-image:inherit;background-position:50% 50%\" data-bg-image=\"url(https:\/\/turismocoria.es\/turismo\/wp-content\/uploads\/2021\/03\/ayuntamiento-coria-1024x317.jpg)\"><img loading=\"lazy\" decoding=\"async\" width=\"1024\" height=\"317\" data-src=\"https:\/\/turismocoria.es\/turismo\/wp-content\/uploads\/2021\/03\/ayuntamiento-coria-1024x317.jpg\" alt=\"\" class=\"wp-image-1219 size-full lazyload\" data-srcset=\"https:\/\/turismocoria.es\/turismo\/wp-content\/uploads\/2021\/03\/ayuntamiento-coria-1024x317.jpg 1024w, https:\/\/turismocoria.es\/turismo\/wp-content\/uploads\/2021\/03\/ayuntamiento-coria-300x93.jpg 300w, https:\/\/turismocoria.es\/turismo\/wp-content\/uploads\/2021\/03\/ayuntamiento-coria-768x238.jpg 768w, https:\/\/turismocoria.es\/turismo\/wp-content\/uploads\/2021\/03\/ayuntamiento-coria-1536x476.jpg 1536w, https:\/\/turismocoria.es\/turismo\/wp-content\/uploads\/2021\/03\/ayuntamiento-coria-1600x496.jpg 1600w, https:\/\/turismocoria.es\/turismo\/wp-content\/uploads\/2021\/03\/ayuntamiento-coria.jpg 1772w\" data-sizes=\"(max-width: 1024px) 100vw, 1024px\" src=\"data:image\/gif;base64,R0lGODlhAQABAAAAACH5BAEKAAEALAAAAAABAAEAAAICTAEAOw==\" style=\"--smush-placeholder-width: 1024px; --smush-placeholder-aspect-ratio: 1024\/317;\" \/><noscript><img loading=\"lazy\" decoding=\"async\" width=\"1024\" height=\"317\" src=\"https:\/\/turismocoria.es\/turismo\/wp-content\/uploads\/2021\/03\/ayuntamiento-coria-1024x317.jpg\" alt=\"\" class=\"wp-image-1219 size-full\" srcset=\"https:\/\/turismocoria.es\/turismo\/wp-content\/uploads\/2021\/03\/ayuntamiento-coria-1024x317.jpg 1024w, https:\/\/turismocoria.es\/turismo\/wp-content\/uploads\/2021\/03\/ayuntamiento-coria-300x93.jpg 300w, https:\/\/turismocoria.es\/turismo\/wp-content\/uploads\/2021\/03\/ayuntamiento-coria-768x238.jpg 768w, https:\/\/turismocoria.es\/turismo\/wp-content\/uploads\/2021\/03\/ayuntamiento-coria-1536x476.jpg 1536w, https:\/\/turismocoria.es\/turismo\/wp-content\/uploads\/2021\/03\/ayuntamiento-coria-1600x496.jpg 1600w, https:\/\/turismocoria.es\/turismo\/wp-content\/uploads\/2021\/03\/ayuntamiento-coria.jpg 1772w\" sizes=\"(max-width: 1024px) 100vw, 1024px\" \/><\/noscript><\/figure><div class=\"wp-block-media-text__content\">\n<p>La m\u00e9moire d&#8217;un riche patrimoine historique, culturel et religieux h\u00e9rit\u00e9, qui s&#8217;est tiss\u00e9 au fil des si\u00e8cles, rassembl\u00e9 et expos\u00e9 \u00e0 travers les pi\u00e8ces conserv\u00e9es, \u00e0 la fois dans le <strong><span style=\"text-decoration: underline;\"><a href=\"https:\/\/turismocoria.es\/turismo\/fr\/lieux-a-ne-pas-manquer\/musee-de-la-cathedrale-de-coria\/\" data-type=\"page\" data-id=\"8302\">Mus\u00e9e de la Cath\u00e9drale<\/a><\/span><\/strong>, o\u00f9 se nous pourrons voir entre objets pr\u00e9cieux et curiosit\u00e9s une excellente collection d&#8217;art sacr\u00e9 et en particulier la <strong><span style=\"text-decoration: underline;\"><a href=\"https:\/\/turismocoria.es\/turismo\/fr\/la-nappe-sacree-de-la-derniere-cene\/\" data-type=\"page\" data-id=\"7836\">Nappe Sacr\u00e9e de la Derni\u00e8re C\u00e8ne<\/a><\/span><\/strong>, mais aussi l\u2019<strong><span style=\"text-decoration: underline;\"><a href=\"https:\/\/turismocoria.es\/turismo\/fr\/lieux-a-ne-pas-manquer\/musee-de-la-prison-royale\/\" data-type=\"page\" data-id=\"8300\">Exposition du Mus\u00e9e de la Prison Royale<\/a><\/span><\/strong> qui abrite, dans ses cachots r\u00e9nov\u00e9s, l&#8217;histoire, l&#8217;arch\u00e9ologie et l&#8217;ethnographie de la commune, en nous transportant \u00e0 d&#8217;autres \u00e9poques pass\u00e9es et pr\u00e9sentes de la culture et de la tradition de Coria.<\/p>\n\n\n\n<p>La narration d&#8217;une histoire tout aussi surprenante, en d\u00e9couvrant cet espace clo\u00eetr\u00e9 de calme et de recueillement qu&#8217;est le <strong><span style=\"text-decoration: underline;\"><a href=\"https:\/\/turismocoria.es\/turismo\/fr\/lieux-a-ne-pas-manquer\/couvent-de-la-mere-de-dieu\/\" data-type=\"page\" data-id=\"8306\">Couvent de la M\u00e8re de Dieu<\/a><\/span><\/strong> (Convento de la Madre de Dios) (XVIe-XVII esi\u00e8cles), dans lequel les p\u00e2tisseries de la bonne cuisine religieuse prennent vie en puisant dans son livre riche de recettes de g\u00e2teaux artisanaux.<\/p>\n<\/div><\/div>\n\n\n\n<div style=\"height:20px\" aria-hidden=\"true\" class=\"wp-block-spacer\"><\/div>\n\n\n\n<p>En d\u00e9finitive, tous des coins attrayants qui attireront le visiteur, comme celui qui se trouve \u00e9galement, bien qu&#8217;un peu plus loin de la vieille ville, dans ce merveilleux site qui donne sur la plaine \u00e0 c\u00f4t\u00e9 de la falaise au bord de la rivi\u00e8re Alag\u00f3n o\u00f9 s\u2019\u00e9l\u00e8ve le <strong><span style=\"text-decoration: underline;\"><a href=\"https:\/\/turismocoria.es\/turismo\/fr\/lieux-a-ne-pas-manquer\/sanctuaire-de-notre-dame-de-argeme\/\" data-type=\"page\" data-id=\"8308\">Sanctuaire de Notre Dame la Vierge de Argeme<\/a><\/span><\/strong> (Santuario de Nuestra Se\u00f1ora Virgen de Argeme) (XVIIe-XVIIIe si\u00e8cles), patronne de Coria et de son dioc\u00e8se, qui allie beaut\u00e9 monumentale et charme paysager.<\/p>\n<\/div>\n<\/div>\n\n\n\n<figure class=\"wp-block-image alignfull size-large enlace-desactivado disabled\"><a href=\"#\"><img loading=\"lazy\" decoding=\"async\" width=\"1024\" height=\"127\" data-src=\"https:\/\/turismocoria.es\/turismo\/wp-content\/uploads\/2021\/04\/silueta-coria-azul-1024x127.png\" alt=\"Silueta Ciudad de Coria\" class=\"wp-image-1796 lazyload\" data-srcset=\"https:\/\/turismocoria.es\/turismo\/wp-content\/uploads\/2021\/04\/silueta-coria-azul-1024x127.png 1024w, https:\/\/turismocoria.es\/turismo\/wp-content\/uploads\/2021\/04\/silueta-coria-azul-300x37.png 300w, https:\/\/turismocoria.es\/turismo\/wp-content\/uploads\/2021\/04\/silueta-coria-azul-768x95.png 768w, https:\/\/turismocoria.es\/turismo\/wp-content\/uploads\/2021\/04\/silueta-coria-azul-1536x191.png 1536w, https:\/\/turismocoria.es\/turismo\/wp-content\/uploads\/2021\/04\/silueta-coria-azul-2048x255.png 2048w, https:\/\/turismocoria.es\/turismo\/wp-content\/uploads\/2021\/04\/silueta-coria-azul-1600x199.png 1600w\" data-sizes=\"(max-width: 1024px) 100vw, 1024px\" src=\"data:image\/gif;base64,R0lGODlhAQABAAAAACH5BAEKAAEALAAAAAABAAEAAAICTAEAOw==\" style=\"--smush-placeholder-width: 1024px; --smush-placeholder-aspect-ratio: 1024\/127;\" \/><noscript><img loading=\"lazy\" decoding=\"async\" width=\"1024\" height=\"127\" src=\"https:\/\/turismocoria.es\/turismo\/wp-content\/uploads\/2021\/04\/silueta-coria-azul-1024x127.png\" alt=\"Silueta Ciudad de Coria\" class=\"wp-image-1796\" srcset=\"https:\/\/turismocoria.es\/turismo\/wp-content\/uploads\/2021\/04\/silueta-coria-azul-1024x127.png 1024w, https:\/\/turismocoria.es\/turismo\/wp-content\/uploads\/2021\/04\/silueta-coria-azul-300x37.png 300w, https:\/\/turismocoria.es\/turismo\/wp-content\/uploads\/2021\/04\/silueta-coria-azul-768x95.png 768w, https:\/\/turismocoria.es\/turismo\/wp-content\/uploads\/2021\/04\/silueta-coria-azul-1536x191.png 1536w, https:\/\/turismocoria.es\/turismo\/wp-content\/uploads\/2021\/04\/silueta-coria-azul-2048x255.png 2048w, https:\/\/turismocoria.es\/turismo\/wp-content\/uploads\/2021\/04\/silueta-coria-azul-1600x199.png 1600w\" sizes=\"(max-width: 1024px) 100vw, 1024px\" \/><\/noscript><\/a><\/figure>\n","protected":false},"excerpt":{"rendered":"<p>La Ville de Coria a ce point magique que seul conna\u00eet celui qui vient et sent les traces de son pass\u00e9 historique mill\u00e9naire inscrites dans les cicatrices de ses pierres, celui qui appr\u00e9cie le cachet distinctif de ses traditions authentiques, qui savoure l&#8217;ar\u00f4me de ses fourneaux, qui per\u00e7oit le parfum de ses paysages, ou qui [&hellip;]<\/p>\n","protected":false},"author":1,"featured_media":1228,"parent":0,"menu_order":0,"comment_status":"closed","ping_status":"closed","template":"","meta":{"_uag_custom_page_level_css":"","site-sidebar-layout":"no-sidebar","site-content-layout":"page-builder","ast-site-content-layout":"","site-content-style":"default","site-sidebar-style":"default","ast-global-header-display":"","ast-banner-title-visibility":"","ast-main-header-display":"","ast-hfb-above-header-display":"","ast-hfb-below-header-display":"","ast-hfb-mobile-header-display":"","site-post-title":"disabled","ast-breadcrumbs-content":"","ast-featured-img":"disabled","footer-sml-layout":"","theme-transparent-header-meta":"default","adv-header-id-meta":"","stick-header-meta":"","header-above-stick-meta":"","header-main-stick-meta":"","header-below-stick-meta":"","astra-migrate-meta-layouts":"default","ast-page-background-enabled":"default","ast-page-background-meta":{"desktop":{"background-color":"","background-image":"","background-repeat":"repeat","background-position":"center center","background-size":"auto","background-attachment":"scroll","background-type":"","background-media":"","overlay-type":"","overlay-color":"","overlay-opacity":"","overlay-gradient":""},"tablet":{"background-color":"","background-image":"","background-repeat":"repeat","background-position":"center center","background-size":"auto","background-attachment":"scroll","background-type":"","background-media":"","overlay-type":"","overlay-color":"","overlay-opacity":"","overlay-gradient":""},"mobile":{"background-color":"","background-image":"","background-repeat":"repeat","background-position":"center center","background-size":"auto","background-attachment":"scroll","background-type":"","background-media":"","overlay-type":"","overlay-color":"","overlay-opacity":"","overlay-gradient":""}},"ast-content-background-meta":{"desktop":{"background-color":"var(--ast-global-color-5)","background-image":"","background-repeat":"repeat","background-position":"center center","background-size":"auto","background-attachment":"scroll","background-type":"","background-media":"","overlay-type":"","overlay-color":"","overlay-opacity":"","overlay-gradient":""},"tablet":{"background-color":"var(--ast-global-color-5)","background-image":"","background-repeat":"repeat","background-position":"center center","background-size":"auto","background-attachment":"scroll","background-type":"","background-media":"","overlay-type":"","overlay-color":"","overlay-opacity":"","overlay-gradient":""},"mobile":{"background-color":"var(--ast-global-color-5)","background-image":"","background-repeat":"repeat","background-position":"center center","background-size":"auto","background-attachment":"scroll","background-type":"","background-media":"","overlay-type":"","overlay-color":"","overlay-opacity":"","overlay-gradient":""}},"_EventAllDay":false,"_EventTimezone":"","_EventStartDate":"","_EventEndDate":"","_EventStartDateUTC":"","_EventEndDateUTC":"","_EventShowMap":false,"_EventShowMapLink":false,"_EventURL":"","_EventCost":"","_EventCostDescription":"","_EventCurrencySymbol":"","_EventCurrencyCode":"","_EventCurrencyPosition":"","_EventDateTimeSeparator":"","_EventTimeRangeSeparator":"","_EventOrganizerID":[],"_EventVenueID":0,"_OrganizerEmail":"","_OrganizerPhone":"","_OrganizerWebsite":"","_VenueAddress":"","_VenueCity":"","_VenueCountry":"","_VenueProvince":"","_VenueZip":"","_VenuePhone":"","_VenueURL":"","_VenueStateProvince":"","_VenueLat":"","_VenueLng":"","footnotes":""},"class_list":["post-7857","page","type-page","status-publish","has-post-thumbnail","hentry"],"featured_image_src":"https:\/\/turismocoria.es\/turismo\/wp-content\/uploads\/2021\/03\/palacio-duques-de-alba-en-coria-1-600x400.jpg","featured_image_src_square":"https:\/\/turismocoria.es\/turismo\/wp-content\/uploads\/2021\/03\/palacio-duques-de-alba-en-coria-1-600x600.jpg","uagb_featured_image_src":{"full":["https:\/\/turismocoria.es\/turismo\/wp-content\/uploads\/2021\/03\/palacio-duques-de-alba-en-coria-1.jpg",1200,900,false],"thumbnail":["https:\/\/turismocoria.es\/turismo\/wp-content\/uploads\/2021\/03\/palacio-duques-de-alba-en-coria-1-150x150.jpg",150,150,true],"medium":["https:\/\/turismocoria.es\/turismo\/wp-content\/uploads\/2021\/03\/palacio-duques-de-alba-en-coria-1-300x225.jpg",300,225,true],"medium_large":["https:\/\/turismocoria.es\/turismo\/wp-content\/uploads\/2021\/03\/palacio-duques-de-alba-en-coria-1-768x576.jpg",768,576,true],"large":["https:\/\/turismocoria.es\/turismo\/wp-content\/uploads\/2021\/03\/palacio-duques-de-alba-en-coria-1-1024x768.jpg",1024,768,true],"gs-tiny":["https:\/\/turismocoria.es\/turismo\/wp-content\/uploads\/2021\/03\/palacio-duques-de-alba-en-coria-1.jpg",50,38,false],"xl":["https:\/\/turismocoria.es\/turismo\/wp-content\/uploads\/2021\/03\/palacio-duques-de-alba-en-coria-1.jpg",1200,900,false],"xxl":["https:\/\/turismocoria.es\/turismo\/wp-content\/uploads\/2021\/03\/palacio-duques-de-alba-en-coria-1.jpg",1200,900,false],"xxxl":["https:\/\/turismocoria.es\/turismo\/wp-content\/uploads\/2021\/03\/palacio-duques-de-alba-en-coria-1.jpg",1200,900,false],"xxxxl":["https:\/\/turismocoria.es\/turismo\/wp-content\/uploads\/2021\/03\/palacio-duques-de-alba-en-coria-1.jpg",1200,900,false],"xxxxxl":["https:\/\/turismocoria.es\/turismo\/wp-content\/uploads\/2021\/03\/palacio-duques-de-alba-en-coria-1.jpg",1200,900,false],"1536x1536":["https:\/\/turismocoria.es\/turismo\/wp-content\/uploads\/2021\/03\/palacio-duques-de-alba-en-coria-1.jpg",1200,900,false],"2048x2048":["https:\/\/turismocoria.es\/turismo\/wp-content\/uploads\/2021\/03\/palacio-duques-de-alba-en-coria-1.jpg",1200,900,false],"ultp_layout_landscape_large":["https:\/\/turismocoria.es\/turismo\/wp-content\/uploads\/2021\/03\/palacio-duques-de-alba-en-coria-1-1200x800.jpg",1200,800,true],"ultp_layout_landscape":["https:\/\/turismocoria.es\/turismo\/wp-content\/uploads\/2021\/03\/palacio-duques-de-alba-en-coria-1-870x570.jpg",870,570,true],"ultp_layout_portrait":["https:\/\/turismocoria.es\/turismo\/wp-content\/uploads\/2021\/03\/palacio-duques-de-alba-en-coria-1-600x900.jpg",600,900,true],"ultp_layout_square":["https:\/\/turismocoria.es\/turismo\/wp-content\/uploads\/2021\/03\/palacio-duques-de-alba-en-coria-1-600x600.jpg",600,600,true],"gb-block-post-grid-landscape":["https:\/\/turismocoria.es\/turismo\/wp-content\/uploads\/2021\/03\/palacio-duques-de-alba-en-coria-1-600x400.jpg",600,400,true],"gb-block-post-grid-square":["https:\/\/turismocoria.es\/turismo\/wp-content\/uploads\/2021\/03\/palacio-duques-de-alba-en-coria-1-600x600.jpg",600,600,true]},"uagb_author_info":{"display_name":"admin","author_link":"https:\/\/turismocoria.es\/turismo\/author\/admin\/"},"uagb_comment_info":0,"uagb_excerpt":"La Ville de Coria a ce point magique que seul conna\u00eet celui qui vient et sent les traces de son pass\u00e9 historique mill\u00e9naire inscrites dans les cicatrices de ses pierres, celui qui appr\u00e9cie le cachet distinctif de ses traditions authentiques, qui savoure l&#8217;ar\u00f4me de ses fourneaux, qui per\u00e7oit le parfum de ses paysages, ou qui&hellip;","_links":{"self":[{"href":"https:\/\/turismocoria.es\/turismo\/wp-json\/wp\/v2\/pages\/7857"}],"collection":[{"href":"https:\/\/turismocoria.es\/turismo\/wp-json\/wp\/v2\/pages"}],"about":[{"href":"https:\/\/turismocoria.es\/turismo\/wp-json\/wp\/v2\/types\/page"}],"author":[{"embeddable":true,"href":"https:\/\/turismocoria.es\/turismo\/wp-json\/wp\/v2\/users\/1"}],"replies":[{"embeddable":true,"href":"https:\/\/turismocoria.es\/turismo\/wp-json\/wp\/v2\/comments?post=7857"}],"version-history":[{"count":0,"href":"https:\/\/turismocoria.es\/turismo\/wp-json\/wp\/v2\/pages\/7857\/revisions"}],"wp:featuredmedia":[{"embeddable":true,"href":"https:\/\/turismocoria.es\/turismo\/wp-json\/wp\/v2\/media\/1228"}],"wp:attachment":[{"href":"https:\/\/turismocoria.es\/turismo\/wp-json\/wp\/v2\/media?parent=7857"}],"curies":[{"name":"wp","href":"https:\/\/api.w.org\/{rel}","templated":true}]}}