{"id":535,"date":"2021-02-04T12:48:56","date_gmt":"2021-02-04T11:48:56","guid":{"rendered":"https:\/\/turismo.beta.coriaenimagenes.com\/?page_id=535"},"modified":"2021-06-06T12:50:42","modified_gmt":"2021-06-06T10:50:42","slug":"entornos-que-visitar","status":"publish","type":"page","link":"https:\/\/turismocoria.es\/turismo\/entornos-que-visitar\/","title":{"rendered":"Entornos que visitar"},"content":{"rendered":"\n<div style=\"height:20px\" aria-hidden=\"true\" class=\"wp-block-spacer\"><\/div>\n\n\n\n<div class=\"wp-block-cover has-background-dim\"><img loading=\"lazy\" decoding=\"async\" width=\"1200\" height=\"900\" class=\"wp-block-cover__image-background wp-image-1939 lazyload\" alt=\"\" data-src=\"https:\/\/turismocoria.es\/turismo\/wp-content\/uploads\/2021\/05\/entornos-naturales-ciudad-coria-01.jpg\" style=\"--smush-placeholder-width: 1200px; --smush-placeholder-aspect-ratio: 1200\/900;object-position:50% 64%\" data-object-fit=\"cover\" data-object-position=\"50% 64%\" data-srcset=\"https:\/\/turismocoria.es\/turismo\/wp-content\/uploads\/2021\/05\/entornos-naturales-ciudad-coria-01.jpg 1200w, https:\/\/turismocoria.es\/turismo\/wp-content\/uploads\/2021\/05\/entornos-naturales-ciudad-coria-01-300x225.jpg 300w, https:\/\/turismocoria.es\/turismo\/wp-content\/uploads\/2021\/05\/entornos-naturales-ciudad-coria-01-1024x768.jpg 1024w, https:\/\/turismocoria.es\/turismo\/wp-content\/uploads\/2021\/05\/entornos-naturales-ciudad-coria-01-768x576.jpg 768w\" data-sizes=\"(max-width: 1200px) 100vw, 1200px\" src=\"data:image\/gif;base64,R0lGODlhAQABAAAAACH5BAEKAAEALAAAAAABAAEAAAICTAEAOw==\" \/><noscript><img loading=\"lazy\" decoding=\"async\" width=\"1200\" height=\"900\" class=\"wp-block-cover__image-background wp-image-1939\" alt=\"\" src=\"https:\/\/turismocoria.es\/turismo\/wp-content\/uploads\/2021\/05\/entornos-naturales-ciudad-coria-01.jpg\" style=\"object-position:50% 64%\" data-object-fit=\"cover\" data-object-position=\"50% 64%\" srcset=\"https:\/\/turismocoria.es\/turismo\/wp-content\/uploads\/2021\/05\/entornos-naturales-ciudad-coria-01.jpg 1200w, https:\/\/turismocoria.es\/turismo\/wp-content\/uploads\/2021\/05\/entornos-naturales-ciudad-coria-01-300x225.jpg 300w, https:\/\/turismocoria.es\/turismo\/wp-content\/uploads\/2021\/05\/entornos-naturales-ciudad-coria-01-1024x768.jpg 1024w, https:\/\/turismocoria.es\/turismo\/wp-content\/uploads\/2021\/05\/entornos-naturales-ciudad-coria-01-768x576.jpg 768w\" sizes=\"(max-width: 1200px) 100vw, 1200px\" \/><\/noscript><div class=\"wp-block-cover__inner-container is-layout-flow wp-block-cover-is-layout-flow\">\n<h1 class=\"has-text-align-center wp-block-heading\"><em>Entornos que Visitar<\/em><\/h1>\n<\/div><\/div>\n\n\n\n<div style=\"height:20px\" aria-hidden=\"true\" class=\"wp-block-spacer\"><\/div>\n\n\n\n<div class=\"wp-block-columns margen-izquierdo-50 margen-derecho-50 margin-top-50 is-layout-flex wp-container-core-columns-is-layout-1 wp-block-columns-is-layout-flex\">\n<div class=\"wp-block-column is-layout-flow wp-block-column-is-layout-flow\">\n<p>Mientras dure su visita por nuestra ciudad, le ser\u00e1 imposible al viajero no percibir, a trav\u00e9s de los sentidos, los evocadores paisajes que conforman la feraz <strong><a href=\"https:\/\/turismocoria.es\/turismo\/entornos-que-visitar\/tierra-de-coria\/\" data-type=\"page\" data-id=\"777\"><span style=\"text-decoration: underline;\">Tierra de Coria<\/span><\/a><\/strong> enclavada en pleno centro del Valle del Alag\u00f3n. <\/p>\n\n\n\n<div class=\"wp-block-media-text alignwide is-stacked-on-mobile is-image-fill\"><figure class=\"wp-block-media-text__media lazyload\" style=\"background-image:inherit;background-position:50% 50%\" data-bg-image=\"url(https:\/\/turismocoria.es\/turismo\/wp-content\/uploads\/2021\/05\/poblados-ciudad-de-coria-07-1024x768.jpg)\"><img loading=\"lazy\" decoding=\"async\" width=\"1024\" height=\"768\" data-src=\"https:\/\/turismocoria.es\/turismo\/wp-content\/uploads\/2021\/05\/poblados-ciudad-de-coria-07-1024x768.jpg\" alt=\"Poblados de Colonizaci\u00f3n Ciudad de Coria\" class=\"wp-image-1941 size-full lazyload\" data-srcset=\"https:\/\/turismocoria.es\/turismo\/wp-content\/uploads\/2021\/05\/poblados-ciudad-de-coria-07-1024x768.jpg 1024w, https:\/\/turismocoria.es\/turismo\/wp-content\/uploads\/2021\/05\/poblados-ciudad-de-coria-07-300x225.jpg 300w, https:\/\/turismocoria.es\/turismo\/wp-content\/uploads\/2021\/05\/poblados-ciudad-de-coria-07-768x576.jpg 768w, https:\/\/turismocoria.es\/turismo\/wp-content\/uploads\/2021\/05\/poblados-ciudad-de-coria-07.jpg 1200w\" data-sizes=\"(max-width: 1024px) 100vw, 1024px\" src=\"data:image\/gif;base64,R0lGODlhAQABAAAAACH5BAEKAAEALAAAAAABAAEAAAICTAEAOw==\" style=\"--smush-placeholder-width: 1024px; --smush-placeholder-aspect-ratio: 1024\/768;\" \/><noscript><img loading=\"lazy\" decoding=\"async\" width=\"1024\" height=\"768\" src=\"https:\/\/turismocoria.es\/turismo\/wp-content\/uploads\/2021\/05\/poblados-ciudad-de-coria-07-1024x768.jpg\" alt=\"Poblados de Colonizaci\u00f3n Ciudad de Coria\" class=\"wp-image-1941 size-full\" srcset=\"https:\/\/turismocoria.es\/turismo\/wp-content\/uploads\/2021\/05\/poblados-ciudad-de-coria-07-1024x768.jpg 1024w, https:\/\/turismocoria.es\/turismo\/wp-content\/uploads\/2021\/05\/poblados-ciudad-de-coria-07-300x225.jpg 300w, https:\/\/turismocoria.es\/turismo\/wp-content\/uploads\/2021\/05\/poblados-ciudad-de-coria-07-768x576.jpg 768w, https:\/\/turismocoria.es\/turismo\/wp-content\/uploads\/2021\/05\/poblados-ciudad-de-coria-07.jpg 1200w\" sizes=\"(max-width: 1024px) 100vw, 1024px\" \/><\/noscript><\/figure><div class=\"wp-block-media-text__content\">\n<p>Una bella tierra de contrastes, de la que le proponemos nuestra atractiva <strong><a href=\"https:\/\/turismocoria.es\/turismo\/entornos-que-visitar\/tierra-de-coria\/poblados-de-colonizacion\/\" data-type=\"page\" data-id=\"779\"><span style=\"text-decoration: underline;\">ruta de los poblados blancos de colonizaci\u00f3n<\/span><\/a><\/strong> o de turismo rural por las pedan\u00edas de <strong><a href=\"https:\/\/turismocoria.es\/turismo\/deporte-activo-de-salud-y-vida\/de-ruta-por-los-senderos-coria\/ruta-de-puebla-de-argeme\/\" data-type=\"page\" data-id=\"882\"><span style=\"text-decoration: underline;\">Puebla de Argeme<\/span><\/a><\/strong> y de <strong><a href=\"https:\/\/turismocoria.es\/turismo\/deporte-activo-de-salud-y-vida\/de-ruta-por-los-senderos-coria\/ruta-del-rincon-del-obispo\/\" data-type=\"page\" data-id=\"884\"><span style=\"text-decoration: underline;\">Rinc\u00f3n del Obispo<\/span><\/a><\/strong> que, dependientes administrativamente de la Ciudad de Coria, son una muestra m\u00e1s del tipismo y del encanto de la ruralidad en Extremadura.<\/p>\n\n\n\n<p>La excelente conexi\u00f3n de carreteras y autopistas de que dispone nuestra localidad le ofrecen al viajero la posibilidad de disfrutar de las ventajas que supone la flexibilidad de conducir a su aire, libre del estr\u00e9s diario, permiti\u00e9ndole parar y visitar otros encantadores lugares mientras conduce de un destino a otro para adentrarse en nuestros peque\u00f1os y rurales <strong><a href=\"https:\/\/turismocoria.es\/turismo\/entornos-que-visitar\/tierra-de-coria\/poblados-de-colonizacion\/\" data-type=\"page\" data-id=\"779\"><span style=\"text-decoration: underline;\">pueblos de colonizaci\u00f3n<\/span><\/a><\/strong>, en los que el inexcusable paso del tiempo parece detenerse a la espera de ser descubiertos por los amantes del ecoturismo; a la vez que desplazarse, c\u00f3moda y r\u00e1pidamente, con la finalidad de visitar otras encantadoras comarcas, ciudades, pueblos y entornos naturales pr\u00f3ximos a la <strong><a href=\"https:\/\/turismocoria.es\/turismo\/ciudad-de-coria\/\" data-type=\"page\" data-id=\"1061\"><span style=\"text-decoration: underline;\">Ciudad de Coria<\/span><\/a><\/strong> como <strong>destino tur\u00edstico del norte de Extremadura<\/strong>.<\/p>\n<\/div><\/div>\n\n\n\n<div style=\"height:20px\" aria-hidden=\"true\" class=\"wp-block-spacer\"><\/div>\n\n\n\n<p>Paisajes milenarios que limitan con el fecundo <strong><a href=\"https:\/\/turismocoria.es\/turismo\/entornos-que-visitar\/valle-del-alagon\/\" data-type=\"page\" data-id=\"537\"><span style=\"text-decoration: underline;\">Valle del Alag\u00f3n<\/span><\/a><\/strong>, en el que el excursionista podr\u00e1 descubrir la magia que hay al viajar por el coraz\u00f3n f\u00e9rtil de Extremadura, que presume de su longevo patrimonio hist\u00f3rico y monumental, que emociona por su gastronom\u00eda, que maravilla por la delicadeza de su artesan\u00eda, y que deleita por la hospitalidad de sus gentes y los encantos naturales que se perciben en ese fant\u00e1stico rinc\u00f3n para guardar en la retina que son los roquedos de los <strong><a href=\"https:\/\/turismocoria.es\/turismo\/entornos-que-visitar\/valle-del-alagon\/canchos-de-ramiro\/\" data-type=\"page\" data-id=\"781\"><span style=\"text-decoration: underline;\">Canchos de Ramiro<\/span><\/a><\/strong>, como una experiencia ornitol\u00f3gica digna de archivar en nuestra memoria.<\/p>\n\n\n\n<div class=\"wp-block-media-text alignwide has-media-on-the-right is-stacked-on-mobile is-image-fill\"><figure class=\"wp-block-media-text__media lazyload\" style=\"background-image:inherit;background-position:50% 50%\" data-bg-image=\"url(https:\/\/turismocoria.es\/turismo\/wp-content\/uploads\/2021\/05\/las-hurdes-01-1024x683.jpg)\"><img loading=\"lazy\" decoding=\"async\" width=\"1024\" height=\"683\" data-src=\"https:\/\/turismocoria.es\/turismo\/wp-content\/uploads\/2021\/05\/las-hurdes-01-1024x683.jpg\" alt=\"Meandro del Melero Las Hurdes\" class=\"wp-image-1942 size-full lazyload\" data-srcset=\"https:\/\/turismocoria.es\/turismo\/wp-content\/uploads\/2021\/05\/las-hurdes-01-1024x683.jpg 1024w, https:\/\/turismocoria.es\/turismo\/wp-content\/uploads\/2021\/05\/las-hurdes-01-300x200.jpg 300w, https:\/\/turismocoria.es\/turismo\/wp-content\/uploads\/2021\/05\/las-hurdes-01-768x512.jpg 768w, https:\/\/turismocoria.es\/turismo\/wp-content\/uploads\/2021\/05\/las-hurdes-01.jpg 1200w, https:\/\/turismocoria.es\/turismo\/wp-content\/uploads\/2021\/05\/las-hurdes-01-600x400.jpg 600w\" data-sizes=\"(max-width: 1024px) 100vw, 1024px\" src=\"data:image\/gif;base64,R0lGODlhAQABAAAAACH5BAEKAAEALAAAAAABAAEAAAICTAEAOw==\" style=\"--smush-placeholder-width: 1024px; --smush-placeholder-aspect-ratio: 1024\/683;\" \/><noscript><img loading=\"lazy\" decoding=\"async\" width=\"1024\" height=\"683\" src=\"https:\/\/turismocoria.es\/turismo\/wp-content\/uploads\/2021\/05\/las-hurdes-01-1024x683.jpg\" alt=\"Meandro del Melero Las Hurdes\" class=\"wp-image-1942 size-full\" srcset=\"https:\/\/turismocoria.es\/turismo\/wp-content\/uploads\/2021\/05\/las-hurdes-01-1024x683.jpg 1024w, https:\/\/turismocoria.es\/turismo\/wp-content\/uploads\/2021\/05\/las-hurdes-01-300x200.jpg 300w, https:\/\/turismocoria.es\/turismo\/wp-content\/uploads\/2021\/05\/las-hurdes-01-768x512.jpg 768w, https:\/\/turismocoria.es\/turismo\/wp-content\/uploads\/2021\/05\/las-hurdes-01.jpg 1200w, https:\/\/turismocoria.es\/turismo\/wp-content\/uploads\/2021\/05\/las-hurdes-01-600x400.jpg 600w\" sizes=\"(max-width: 1024px) 100vw, 1024px\" \/><\/noscript><\/figure><div class=\"wp-block-media-text__content\">\n<p>Al norte, cerrando las cumbres de la vertiente oeste, la <strong><a href=\"https:\/\/turismocoria.es\/turismo\/entornos-que-visitar\/sierra-de-gata\/\" data-type=\"page\" data-id=\"539\"><span style=\"text-decoration: underline;\">Sierra de Gata<\/span><\/a><\/strong> se erige en otro de esos rincones llenos de aspectos singulares que enriquecen a quienes la visitan, derivado del rico patrimonio hist\u00f3rico, natural, gastron\u00f3mico, artesanal y etnogr\u00e1fico que a\u00fan conservan sus poblaciones y que perduran en el recuerdo; mientras que en la vertiente este, <strong><a href=\"https:\/\/turismocoria.es\/turismo\/entornos-que-visitar\/las-hurdes\/\" data-type=\"page\" data-id=\"541\"><span style=\"text-decoration: underline;\">Las Hurdes<\/span><\/a><\/strong> conforman otra hist\u00f3rica y natural comarca en la que poder encontrar algunos de los parajes naturales m\u00e1s impresionantes de Extremadura, por lo que bien har\u00e1 el visitante en activar el modo \u201cslow\u201d, tranquilo y sosegado, para disfrutar del encanto de sus paisajes, sus pueblos y sus alquer\u00edas, de sus tradiciones y de su excelente gastronom\u00eda.<\/p>\n\n\n\n<p>Al este, y pr\u00e1cticamente tambi\u00e9n a tiro de piedra de la Ciudad de Coria como destino tur\u00edstico, los <strong>Valles del Ambroz<\/strong>, <strong>del Jerte<\/strong>, <strong>La Vera<\/strong> o las <strong>Tierras de Plasencia<\/strong> se constituyen de igual modo en interesantes lugares de visita recomendados, de los que el <strong><a href=\"https:\/\/turismocoria.es\/turismo\/entornos-que-visitar\/monfrague\/\" data-type=\"page\" data-id=\"783\"><span style=\"text-decoration: underline;\">Parque Nacional de Monfrag\u00fce<\/span><\/a><\/strong>, como Reserva Natural de la Biosfera, destaca por su singularidad y riqueza faun\u00edstica entre las que sobresalen  especies \u00fanicas como el \u00e1guila imperial y real, el buitre negro y leonado, o la cig\u00fce\u00f1a negra, entre otras muchas, que hacen las delicias de los ornit\u00f3logos llegados desde todos los confines del mundo.<\/p>\n<\/div><\/div>\n\n\n\n<div style=\"height:20px\" aria-hidden=\"true\" class=\"wp-block-spacer\"><\/div>\n\n\n\n<p>Y, finalmente al sur, las recias <strong><span style=\"text-decoration: underline;\"><a href=\"https:\/\/turismocoria.es\/turismo\/entornos-que-visitar\/tierras-del-tajo\/\" data-type=\"page\" data-id=\"545\">Tierras del Tajo<\/a><\/span><\/strong> contienen esa joya cultural recibida que es la <strong>Ciudad Vieja de C\u00e1ceres<\/strong>, declarada Patrimonio de la Humanidad y erigida por m\u00e9ritos propios en uno de los Conjuntos Monumentales de la Edad Media y el Renacimiento m\u00e1s importantes del mundo de obligada visita, hasta los bellos <strong>Cascos Hist\u00f3ricos de Brozas<\/strong> y <strong>Alc\u00e1ntara<\/strong>; mientras que al oeste, la imaginaria raya fronteriza de la <strong><a href=\"https:\/\/turismocoria.es\/turismo\/entornos-que-visitar\/beira-baixa-portuguesa\/\" data-type=\"page\" data-id=\"543\"><span style=\"text-decoration: underline;\">Beira Baixa<\/span><\/a><\/strong> lusa se afianza como uno de los enclaves de turismo rural y familiar m\u00e1s interesantes del vecino pa\u00eds de Portugal.<\/p>\n<\/div>\n<\/div>\n\n\n\n<figure class=\"wp-block-image alignfull size-large enlace-desactivado disabled\"><a href=\"#\"><img loading=\"lazy\" decoding=\"async\" width=\"1024\" height=\"127\" data-src=\"https:\/\/turismocoria.es\/turismo\/wp-content\/uploads\/2021\/04\/silueta-coria-azul-1024x127.png\" alt=\"Silueta Ciudad de Coria\" class=\"wp-image-1796 lazyload\" data-srcset=\"https:\/\/turismocoria.es\/turismo\/wp-content\/uploads\/2021\/04\/silueta-coria-azul-1024x127.png 1024w, https:\/\/turismocoria.es\/turismo\/wp-content\/uploads\/2021\/04\/silueta-coria-azul-300x37.png 300w, https:\/\/turismocoria.es\/turismo\/wp-content\/uploads\/2021\/04\/silueta-coria-azul-768x95.png 768w, https:\/\/turismocoria.es\/turismo\/wp-content\/uploads\/2021\/04\/silueta-coria-azul-1536x191.png 1536w, https:\/\/turismocoria.es\/turismo\/wp-content\/uploads\/2021\/04\/silueta-coria-azul-2048x255.png 2048w, https:\/\/turismocoria.es\/turismo\/wp-content\/uploads\/2021\/04\/silueta-coria-azul-1600x199.png 1600w\" data-sizes=\"(max-width: 1024px) 100vw, 1024px\" src=\"data:image\/gif;base64,R0lGODlhAQABAAAAACH5BAEKAAEALAAAAAABAAEAAAICTAEAOw==\" style=\"--smush-placeholder-width: 1024px; --smush-placeholder-aspect-ratio: 1024\/127;\" \/><noscript><img loading=\"lazy\" decoding=\"async\" width=\"1024\" height=\"127\" src=\"https:\/\/turismocoria.es\/turismo\/wp-content\/uploads\/2021\/04\/silueta-coria-azul-1024x127.png\" alt=\"Silueta Ciudad de Coria\" class=\"wp-image-1796\" srcset=\"https:\/\/turismocoria.es\/turismo\/wp-content\/uploads\/2021\/04\/silueta-coria-azul-1024x127.png 1024w, https:\/\/turismocoria.es\/turismo\/wp-content\/uploads\/2021\/04\/silueta-coria-azul-300x37.png 300w, https:\/\/turismocoria.es\/turismo\/wp-content\/uploads\/2021\/04\/silueta-coria-azul-768x95.png 768w, https:\/\/turismocoria.es\/turismo\/wp-content\/uploads\/2021\/04\/silueta-coria-azul-1536x191.png 1536w, https:\/\/turismocoria.es\/turismo\/wp-content\/uploads\/2021\/04\/silueta-coria-azul-2048x255.png 2048w, https:\/\/turismocoria.es\/turismo\/wp-content\/uploads\/2021\/04\/silueta-coria-azul-1600x199.png 1600w\" sizes=\"(max-width: 1024px) 100vw, 1024px\" \/><\/noscript><\/a><\/figure>\n","protected":false},"excerpt":{"rendered":"<p>Mientras dure su visita por nuestra ciudad, le ser\u00e1 imposible al viajero no percibir, a trav\u00e9s de los sentidos, los evocadores paisajes que conforman la feraz Tierra de Coria enclavada en pleno centro del Valle del Alag\u00f3n. Una bella tierra de contrastes, de la que le proponemos nuestra atractiva ruta de los poblados blancos de [&hellip;]<\/p>\n","protected":false},"author":1,"featured_media":2032,"parent":0,"menu_order":3,"comment_status":"closed","ping_status":"closed","template":"","meta":{"_uag_custom_page_level_css":"","site-sidebar-layout":"no-sidebar","site-content-layout":"page-builder","ast-site-content-layout":"","site-content-style":"default","site-sidebar-style":"default","ast-global-header-display":"","ast-banner-title-visibility":"","ast-main-header-display":"","ast-hfb-above-header-display":"","ast-hfb-below-header-display":"","ast-hfb-mobile-header-display":"","site-post-title":"disabled","ast-breadcrumbs-content":"","ast-featured-img":"disabled","footer-sml-layout":"","theme-transparent-header-meta":"default","adv-header-id-meta":"","stick-header-meta":"","header-above-stick-meta":"","header-main-stick-meta":"","header-below-stick-meta":"","astra-migrate-meta-layouts":"default","ast-page-background-enabled":"default","ast-page-background-meta":{"desktop":{"background-color":"","background-image":"","background-repeat":"repeat","background-position":"center center","background-size":"auto","background-attachment":"scroll","background-type":"","background-media":"","overlay-type":"","overlay-color":"","overlay-opacity":"","overlay-gradient":""},"tablet":{"background-color":"","background-image":"","background-repeat":"repeat","background-position":"center center","background-size":"auto","background-attachment":"scroll","background-type":"","background-media":"","overlay-type":"","overlay-color":"","overlay-opacity":"","overlay-gradient":""},"mobile":{"background-color":"","background-image":"","background-repeat":"repeat","background-position":"center center","background-size":"auto","background-attachment":"scroll","background-type":"","background-media":"","overlay-type":"","overlay-color":"","overlay-opacity":"","overlay-gradient":""}},"ast-content-background-meta":{"desktop":{"background-color":"var(--ast-global-color-5)","background-image":"","background-repeat":"repeat","background-position":"center center","background-size":"auto","background-attachment":"scroll","background-type":"","background-media":"","overlay-type":"","overlay-color":"","overlay-opacity":"","overlay-gradient":""},"tablet":{"background-color":"var(--ast-global-color-5)","background-image":"","background-repeat":"repeat","background-position":"center center","background-size":"auto","background-attachment":"scroll","background-type":"","background-media":"","overlay-type":"","overlay-color":"","overlay-opacity":"","overlay-gradient":""},"mobile":{"background-color":"var(--ast-global-color-5)","background-image":"","background-repeat":"repeat","background-position":"center center","background-size":"auto","background-attachment":"scroll","background-type":"","background-media":"","overlay-type":"","overlay-color":"","overlay-opacity":"","overlay-gradient":""}},"_EventAllDay":false,"_EventTimezone":"","_EventStartDate":"","_EventEndDate":"","_EventStartDateUTC":"","_EventEndDateUTC":"","_EventShowMap":false,"_EventShowMapLink":false,"_EventURL":"","_EventCost":"","_EventCostDescription":"","_EventCurrencySymbol":"","_EventCurrencyCode":"","_EventCurrencyPosition":"","_EventDateTimeSeparator":"","_EventTimeRangeSeparator":"","_EventOrganizerID":[],"_EventVenueID":0,"_OrganizerEmail":"","_OrganizerPhone":"","_OrganizerWebsite":"","_VenueAddress":"","_VenueCity":"","_VenueCountry":"","_VenueProvince":"","_VenueZip":"","_VenuePhone":"","_VenueURL":"","_VenueStateProvince":"","_VenueLat":"","_VenueLng":"","footnotes":""},"class_list":["post-535","page","type-page","status-publish","has-post-thumbnail","hentry"],"featured_image_src":"https:\/\/turismocoria.es\/turismo\/wp-content\/uploads\/2021\/05\/canchos-ramiro-01-600x400.jpg","featured_image_src_square":"https:\/\/turismocoria.es\/turismo\/wp-content\/uploads\/2021\/05\/canchos-ramiro-01-600x600.jpg","uagb_featured_image_src":{"full":["https:\/\/turismocoria.es\/turismo\/wp-content\/uploads\/2021\/05\/canchos-ramiro-01.jpg",1200,769,false],"thumbnail":["https:\/\/turismocoria.es\/turismo\/wp-content\/uploads\/2021\/05\/canchos-ramiro-01-150x150.jpg",150,150,true],"medium":["https:\/\/turismocoria.es\/turismo\/wp-content\/uploads\/2021\/05\/canchos-ramiro-01-300x192.jpg",300,192,true],"medium_large":["https:\/\/turismocoria.es\/turismo\/wp-content\/uploads\/2021\/05\/canchos-ramiro-01-768x492.jpg",768,492,true],"large":["https:\/\/turismocoria.es\/turismo\/wp-content\/uploads\/2021\/05\/canchos-ramiro-01-1024x656.jpg",1024,656,true],"gs-tiny":["https:\/\/turismocoria.es\/turismo\/wp-content\/uploads\/2021\/05\/canchos-ramiro-01.jpg",50,32,false],"xl":["https:\/\/turismocoria.es\/turismo\/wp-content\/uploads\/2021\/05\/canchos-ramiro-01.jpg",1200,769,false],"xxl":["https:\/\/turismocoria.es\/turismo\/wp-content\/uploads\/2021\/05\/canchos-ramiro-01.jpg",1200,769,false],"xxxl":["https:\/\/turismocoria.es\/turismo\/wp-content\/uploads\/2021\/05\/canchos-ramiro-01.jpg",1200,769,false],"xxxxl":["https:\/\/turismocoria.es\/turismo\/wp-content\/uploads\/2021\/05\/canchos-ramiro-01.jpg",1200,769,false],"xxxxxl":["https:\/\/turismocoria.es\/turismo\/wp-content\/uploads\/2021\/05\/canchos-ramiro-01.jpg",1200,769,false],"1536x1536":["https:\/\/turismocoria.es\/turismo\/wp-content\/uploads\/2021\/05\/canchos-ramiro-01.jpg",1200,769,false],"2048x2048":["https:\/\/turismocoria.es\/turismo\/wp-content\/uploads\/2021\/05\/canchos-ramiro-01.jpg",1200,769,false],"ultp_layout_landscape_large":["https:\/\/turismocoria.es\/turismo\/wp-content\/uploads\/2021\/05\/canchos-ramiro-01.jpg",1200,769,false],"ultp_layout_landscape":["https:\/\/turismocoria.es\/turismo\/wp-content\/uploads\/2021\/05\/canchos-ramiro-01-870x570.jpg",870,570,true],"ultp_layout_portrait":["https:\/\/turismocoria.es\/turismo\/wp-content\/uploads\/2021\/05\/canchos-ramiro-01-600x769.jpg",600,769,true],"ultp_layout_square":["https:\/\/turismocoria.es\/turismo\/wp-content\/uploads\/2021\/05\/canchos-ramiro-01-600x600.jpg",600,600,true],"gb-block-post-grid-landscape":["https:\/\/turismocoria.es\/turismo\/wp-content\/uploads\/2021\/05\/canchos-ramiro-01-600x400.jpg",600,400,true],"gb-block-post-grid-square":["https:\/\/turismocoria.es\/turismo\/wp-content\/uploads\/2021\/05\/canchos-ramiro-01-600x600.jpg",600,600,true]},"uagb_author_info":{"display_name":"admin","author_link":"https:\/\/turismocoria.es\/turismo\/author\/admin\/"},"uagb_comment_info":0,"uagb_excerpt":"Mientras dure su visita por nuestra ciudad, le ser\u00e1 imposible al viajero no percibir, a trav\u00e9s de los sentidos, los evocadores paisajes que conforman la feraz Tierra de Coria enclavada en pleno centro del Valle del Alag\u00f3n. Una bella tierra de contrastes, de la que le proponemos nuestra atractiva ruta de los poblados blancos de&hellip;","_links":{"self":[{"href":"https:\/\/turismocoria.es\/turismo\/wp-json\/wp\/v2\/pages\/535"}],"collection":[{"href":"https:\/\/turismocoria.es\/turismo\/wp-json\/wp\/v2\/pages"}],"about":[{"href":"https:\/\/turismocoria.es\/turismo\/wp-json\/wp\/v2\/types\/page"}],"author":[{"embeddable":true,"href":"https:\/\/turismocoria.es\/turismo\/wp-json\/wp\/v2\/users\/1"}],"replies":[{"embeddable":true,"href":"https:\/\/turismocoria.es\/turismo\/wp-json\/wp\/v2\/comments?post=535"}],"version-history":[{"count":0,"href":"https:\/\/turismocoria.es\/turismo\/wp-json\/wp\/v2\/pages\/535\/revisions"}],"wp:featuredmedia":[{"embeddable":true,"href":"https:\/\/turismocoria.es\/turismo\/wp-json\/wp\/v2\/media\/2032"}],"wp:attachment":[{"href":"https:\/\/turismocoria.es\/turismo\/wp-json\/wp\/v2\/media?parent=535"}],"curies":[{"name":"wp","href":"https:\/\/api.w.org\/{rel}","templated":true}]}}