{"id":507,"date":"2021-02-04T12:35:10","date_gmt":"2021-02-04T11:35:10","guid":{"rendered":"https:\/\/turismo.beta.coriaenimagenes.com\/?page_id=507"},"modified":"2021-12-19T19:04:24","modified_gmt":"2021-12-19T18:04:24","slug":"otros-rincones-por-descubrir","status":"publish","type":"page","link":"https:\/\/turismocoria.es\/turismo\/otros-rincones-por-descubrir\/","title":{"rendered":"Otros rincones por descubrir"},"content":{"rendered":"\n<div style=\"height:20px\" aria-hidden=\"true\" class=\"wp-block-spacer\"><\/div>\n\n\n\n<div class=\"wp-block-cover\"><span aria-hidden=\"true\" class=\"wp-block-cover__gradient-background has-background-dim\"><\/span><img loading=\"lazy\" decoding=\"async\" width=\"1200\" height=\"796\" class=\"wp-block-cover__image-background wp-image-1581 lazyload\" alt=\"\" data-src=\"https:\/\/turismocoria.es\/turismo\/wp-content\/uploads\/2021\/04\/palacio-duques-de-alba-1.jpg\" data-object-fit=\"cover\" data-srcset=\"https:\/\/turismocoria.es\/turismo\/wp-content\/uploads\/2021\/04\/palacio-duques-de-alba-1.jpg 1200w, https:\/\/turismocoria.es\/turismo\/wp-content\/uploads\/2021\/04\/palacio-duques-de-alba-1-300x199.jpg 300w, https:\/\/turismocoria.es\/turismo\/wp-content\/uploads\/2021\/04\/palacio-duques-de-alba-1-1024x679.jpg 1024w, https:\/\/turismocoria.es\/turismo\/wp-content\/uploads\/2021\/04\/palacio-duques-de-alba-1-768x509.jpg 768w\" data-sizes=\"(max-width: 1200px) 100vw, 1200px\" src=\"data:image\/gif;base64,R0lGODlhAQABAAAAACH5BAEKAAEALAAAAAABAAEAAAICTAEAOw==\" style=\"--smush-placeholder-width: 1200px; --smush-placeholder-aspect-ratio: 1200\/796;\" \/><noscript><img loading=\"lazy\" decoding=\"async\" width=\"1200\" height=\"796\" class=\"wp-block-cover__image-background wp-image-1581\" alt=\"\" src=\"https:\/\/turismocoria.es\/turismo\/wp-content\/uploads\/2021\/04\/palacio-duques-de-alba-1.jpg\" data-object-fit=\"cover\" srcset=\"https:\/\/turismocoria.es\/turismo\/wp-content\/uploads\/2021\/04\/palacio-duques-de-alba-1.jpg 1200w, https:\/\/turismocoria.es\/turismo\/wp-content\/uploads\/2021\/04\/palacio-duques-de-alba-1-300x199.jpg 300w, https:\/\/turismocoria.es\/turismo\/wp-content\/uploads\/2021\/04\/palacio-duques-de-alba-1-1024x679.jpg 1024w, https:\/\/turismocoria.es\/turismo\/wp-content\/uploads\/2021\/04\/palacio-duques-de-alba-1-768x509.jpg 768w\" sizes=\"(max-width: 1200px) 100vw, 1200px\" \/><\/noscript><div class=\"wp-block-cover__inner-container is-layout-flow wp-block-cover-is-layout-flow\">\n<h1 class=\"has-text-align-center wp-block-heading\" id=\"otros-rincones-por-descubrir\"><em>Otros rincones por descubrir<\/em><\/h1>\n<\/div><\/div>\n\n\n\n<div style=\"height:20px\" aria-hidden=\"true\" class=\"wp-block-spacer\"><\/div>\n\n\n\n<div class=\"wp-block-columns margen-derecho-50 margen-izquierdo-50 margin-top-50 is-layout-flex wp-container-core-columns-is-layout-1 wp-block-columns-is-layout-flex\">\n<div class=\"wp-block-column is-layout-flow wp-block-column-is-layout-flow\">\n<p style=\"font-size:17px\"><strong><em> Un apacible y reposado paseo por las silenciosas callejuelas, plazas y plazuelas que describen el irregular trazado medieval de la ciudad intramuros, le descubrir\u00e1 tambi\u00e9n al viajero el alzamiento de otros edificios y monumentos de sumo inter\u00e9s que jalonan el transcurrir hist\u00f3rico y urban\u00edstico de esta urbe. <\/em><\/strong><\/p>\n\n\n\n<p> As\u00ed, mirando hacia la verde vega del r\u00edo Alag\u00f3n, se alza la que fuera morada de los antiguos due\u00f1os y Marqueses de Coria como es el <a href=\"https:\/\/turismocoria.es\/turismo\/otros-rincones-por-descubrir\/palacio-de-los-duques-de-alba\/\" data-type=\"page\" data-id=\"509\"><span style=\"text-decoration: underline;\"><strong>Palacio de los Duques de Alba<\/strong><\/span><\/a><strong> <\/strong>(s. XV-XVI); mientras que ocupando una buena parte de la plaza catedralicia se eleva el colosal <a href=\"https:\/\/turismocoria.es\/turismo\/otros-rincones-por-descubrir\/palacio-episcopal\/\" data-type=\"page\" data-id=\"511\" target=\"_blank\" rel=\"noreferrer noopener\"><span style=\"text-decoration: underline;\"><strong>Palacio Episcopal<\/strong><\/span><\/a><strong> <\/strong>(s. XVII), antigua residencia de los ilustres prelados caurienses revitalizada en la actualidad como establecimiento tur\u00edstico hotelero. <\/p>\n\n\n\n<div class=\"wp-block-media-text alignwide is-stacked-on-mobile is-image-fill\"><figure class=\"wp-block-media-text__media lazyload\" style=\"background-image:inherit;background-position:50% 50%\" data-bg-image=\"url(https:\/\/turismocoria.es\/turismo\/wp-content\/uploads\/2021\/04\/palacio-episcopal-5-1024x768.jpg)\"><img loading=\"lazy\" decoding=\"async\" width=\"1024\" height=\"768\" data-src=\"https:\/\/turismocoria.es\/turismo\/wp-content\/uploads\/2021\/04\/palacio-episcopal-5-1024x768.jpg\" alt=\"Palacio episcopal en Coria\" class=\"wp-image-1582 size-full lazyload\" data-srcset=\"https:\/\/turismocoria.es\/turismo\/wp-content\/uploads\/2021\/04\/palacio-episcopal-5-1024x768.jpg 1024w, https:\/\/turismocoria.es\/turismo\/wp-content\/uploads\/2021\/04\/palacio-episcopal-5-300x225.jpg 300w, https:\/\/turismocoria.es\/turismo\/wp-content\/uploads\/2021\/04\/palacio-episcopal-5-768x576.jpg 768w, https:\/\/turismocoria.es\/turismo\/wp-content\/uploads\/2021\/04\/palacio-episcopal-5.jpg 1200w\" data-sizes=\"(max-width: 1024px) 100vw, 1024px\" src=\"data:image\/gif;base64,R0lGODlhAQABAAAAACH5BAEKAAEALAAAAAABAAEAAAICTAEAOw==\" style=\"--smush-placeholder-width: 1024px; --smush-placeholder-aspect-ratio: 1024\/768;\" \/><noscript><img loading=\"lazy\" decoding=\"async\" width=\"1024\" height=\"768\" src=\"https:\/\/turismocoria.es\/turismo\/wp-content\/uploads\/2021\/04\/palacio-episcopal-5-1024x768.jpg\" alt=\"Palacio episcopal en Coria\" class=\"wp-image-1582 size-full\" srcset=\"https:\/\/turismocoria.es\/turismo\/wp-content\/uploads\/2021\/04\/palacio-episcopal-5-1024x768.jpg 1024w, https:\/\/turismocoria.es\/turismo\/wp-content\/uploads\/2021\/04\/palacio-episcopal-5-300x225.jpg 300w, https:\/\/turismocoria.es\/turismo\/wp-content\/uploads\/2021\/04\/palacio-episcopal-5-768x576.jpg 768w, https:\/\/turismocoria.es\/turismo\/wp-content\/uploads\/2021\/04\/palacio-episcopal-5.jpg 1200w\" sizes=\"(max-width: 1024px) 100vw, 1024px\" \/><\/noscript><\/figure><div class=\"wp-block-media-text__content\">\n<p>A su vez, la vida contemplativa dedicada a la oraci\u00f3n tiene sus m\u00e1ximos exponentes en la sobria <span style=\"text-decoration: underline;\"><a href=\"https:\/\/turismocoria.es\/turismo\/otros-rincones-por-descubrir\/iglesia-santiago-apostol\/\" data-type=\"page\" data-id=\"514\" target=\"_blank\" rel=\"noreferrer noopener\"><strong>Iglesia de Santiago Ap\u00f3stol<\/strong><\/a><\/span><strong> <\/strong>(s. XVI-XVIII), junto al desamortizado y pr\u00e1cticamente desaparecido<span style=\"text-decoration: underline;\"><a href=\"https:\/\/turismocoria.es\/turismo\/otros-rincones-por-descubrir\/convento-de-san-francisco\/\" data-type=\"page\" data-id=\"746\" target=\"_blank\" rel=\"noreferrer noopener\"> <strong>Convento de San Francisco<\/strong><\/a><\/span><strong> <\/strong>(s. XVI-XIX), del que tan solo restan m\u00e1s que sus ruinas como importante yacimiento arqueol\u00f3gico. <\/p>\n\n\n\n<p>Dentro de las fundaciones episcopales, encontramos tambi\u00e9n el que fuera antiguo <span style=\"text-decoration: underline;\"><a href=\"https:\/\/turismocoria.es\/turismo\/otros-rincones-por-descubrir\/hospital-san-nicolas-de-bari\/\" data-type=\"page\" data-id=\"521\" target=\"_blank\" rel=\"noreferrer noopener\"><strong>Hospital de San Nicol\u00e1s de Bari<\/strong><\/a><\/span><strong> <\/strong>(s. XVI-XIX) dedicado al auxilio de pobres y peregrinos hoy destinado a residencia de ancianos;<strong> <\/strong>junto al voluminoso <span style=\"text-decoration: underline;\"><a href=\"https:\/\/turismocoria.es\/turismo\/otros-rincones-por-descubrir\/colegio-seminario-conciliar\/\" data-type=\"page\" data-id=\"744\" target=\"_blank\" rel=\"noreferrer noopener\"><strong>Colegio-Seminario Mayor Conciliar<\/strong><\/a><\/span><strong> <\/strong>(s. XVII-XIX) que, durante m\u00e1s de una centuria,<strong> <\/strong>acogi\u00f3 a los j\u00f3venes seminaristas aprendices a cl\u00e9rigos; adem\u00e1s de la <span style=\"text-decoration: underline;\"><a href=\"https:\/\/turismocoria.es\/turismo\/otros-rincones-por-descubrir\/carcel-eclesiastica\/\" data-type=\"page\" data-id=\"517\" target=\"_blank\" rel=\"noreferrer noopener\"><strong>C\u00e1rcel Eclesi\u00e1stica<\/strong><\/a><\/span><strong> <\/strong>(s. XVIII) en la<strong> <\/strong>que se expiaron las faltas de fe. <\/p>\n<\/div><\/div>\n\n\n\n<div style=\"height:20px\" aria-hidden=\"true\" class=\"wp-block-spacer\"><\/div>\n\n\n\n<p> Posesiones del Obispado m\u00e1s antiguo de Extremadura, que contrastan con los edificios de car\u00e1cter civil como fueron: el antiguo <span style=\"text-decoration: underline;\"><a href=\"https:\/\/turismocoria.es\/turismo\/otros-rincones-por-descubrir\/ayuntamiento-viejo\/\" data-type=\"page\" data-id=\"523\" target=\"_blank\" rel=\"noreferrer noopener\"><strong>Ayuntamiento Viejo<\/strong><\/a><\/span><strong> <\/strong>(s. XV-XX), hoy recuperado como Escuela Municipal de M\u00fasica; el a\u00f1ejo almac\u00e9n de cereales de la <span style=\"text-decoration: underline;\"><a href=\"https:\/\/turismocoria.es\/turismo\/otros-rincones-por-descubrir\/alhondiga\/\" data-type=\"page\" data-id=\"525\" target=\"_blank\" rel=\"noreferrer noopener\"><strong>Alh\u00f3ndiga<\/strong><\/a><\/span><strong> <\/strong>(s. XVI-XX), en la actualidad convertida en Biblioteca P\u00fablica Municipal dedicada al escritor Rafael S\u00e1nchez Ferlosio tan unido a Coria y Extremadura; la arcaica <span style=\"text-decoration: underline;\"><a href=\"https:\/\/turismocoria.es\/turismo\/otros-rincones-por-descubrir\/carniceria-municipal\/\" data-type=\"page\" data-id=\"527\" target=\"_blank\" rel=\"noreferrer noopener\"><strong>Carnicer\u00eda Municipal<\/strong><\/a><\/span><strong> <\/strong>(s. XVI-XIX), o la vieja <span style=\"text-decoration: underline;\"><a href=\"https:\/\/turismocoria.es\/turismo\/lugares-que-no-te-puedes-perder\/museo-de-la-carcel-real\/\" data-type=\"page\" data-id=\"503\" target=\"_blank\" rel=\"noreferrer noopener\"><strong>C\u00e1rcel Real<\/strong><\/a><\/span><strong> <\/strong>(s. XVII), entre cuyos muros se conserva y expone la colecci\u00f3n permanente de la Historia, Arqueolog\u00eda y Etnograf\u00eda de la Ciudad de Coria. <\/p>\n\n\n\n<p>Un recorrido a intramuros, donde el excursionista podr\u00e1 tambi\u00e9n regresar a la ciudad de las tres culturas a trav\u00e9s de un ameno paseo por las antiguas aljamas de la <span style=\"text-decoration: underline;\"><strong><a href=\"https:\/\/turismocoria.es\/turismo\/otros-rincones-por-descubrir\/juderia\/\" data-type=\"page\" data-id=\"533\" target=\"_blank\" rel=\"noreferrer noopener\">juder\u00eda<\/a><\/strong><\/span><strong><a rel=\"noreferrer noopener\" href=\"http:\/\/juderia\" data-type=\"URL\" data-id=\"juderia\" target=\"_blank\"> <\/a><\/strong>hebrea o de la vieja <span style=\"text-decoration: underline;\"><a href=\"https:\/\/turismocoria.es\/turismo\/otros-rincones-por-descubrir\/moreria\/\" data-type=\"page\" data-id=\"749\" target=\"_blank\" rel=\"noreferrer noopener\"><strong>morer\u00eda<\/strong><\/a><\/span> musulmana.<\/p>\n\n\n\n<p>Finalmente, a extramuros de la ciudad, el viajero descubrir\u00e1 el monumental <span style=\"text-decoration: underline;\"><a href=\"https:\/\/turismocoria.es\/turismo\/otros-rincones-por-descubrir\/puente-de-piedra\/\" data-type=\"page\" data-id=\"529\" target=\"_blank\" rel=\"noreferrer noopener\"><strong>Puente de Piedra<\/strong><\/a><\/span><strong> <\/strong>(s. XVI) que ver\u00eda perder sus aguas a mediados de la \u00e9poca moderna; mientras que algo m\u00e1s arriba se traz\u00f3, en plena \u00e9poca contempor\u00e1nea, esa joya de la ingenier\u00eda met\u00e1lica decimon\u00f3nica que es el <span style=\"text-decoration: underline;\"><a href=\"https:\/\/turismocoria.es\/turismo\/otros-rincones-por-descubrir\/puente-de-hierro\/\" data-type=\"page\" data-id=\"531\" target=\"_blank\" rel=\"noreferrer noopener\"><strong>Puente de Hierro<\/strong><\/a><\/span><strong> <\/strong>(s. XX) construido sobre las remansadas aguas del r\u00edo Alag\u00f3n.<\/p>\n<\/div>\n<\/div>\n\n\n\n<figure class=\"wp-block-image alignfull size-large enlace-desactivado disabled\"><a href=\"#\"><img loading=\"lazy\" decoding=\"async\" width=\"1024\" height=\"127\" data-src=\"https:\/\/turismocoria.es\/turismo\/wp-content\/uploads\/2021\/04\/silueta-coria-azul-1024x127.png\" alt=\"Silueta Ciudad de Coria\" class=\"wp-image-1796 lazyload\" data-srcset=\"https:\/\/turismocoria.es\/turismo\/wp-content\/uploads\/2021\/04\/silueta-coria-azul-1024x127.png 1024w, https:\/\/turismocoria.es\/turismo\/wp-content\/uploads\/2021\/04\/silueta-coria-azul-300x37.png 300w, https:\/\/turismocoria.es\/turismo\/wp-content\/uploads\/2021\/04\/silueta-coria-azul-768x95.png 768w, https:\/\/turismocoria.es\/turismo\/wp-content\/uploads\/2021\/04\/silueta-coria-azul-1536x191.png 1536w, https:\/\/turismocoria.es\/turismo\/wp-content\/uploads\/2021\/04\/silueta-coria-azul-2048x255.png 2048w, https:\/\/turismocoria.es\/turismo\/wp-content\/uploads\/2021\/04\/silueta-coria-azul-1600x199.png 1600w\" data-sizes=\"(max-width: 1024px) 100vw, 1024px\" src=\"data:image\/gif;base64,R0lGODlhAQABAAAAACH5BAEKAAEALAAAAAABAAEAAAICTAEAOw==\" style=\"--smush-placeholder-width: 1024px; --smush-placeholder-aspect-ratio: 1024\/127;\" \/><noscript><img loading=\"lazy\" decoding=\"async\" width=\"1024\" height=\"127\" src=\"https:\/\/turismocoria.es\/turismo\/wp-content\/uploads\/2021\/04\/silueta-coria-azul-1024x127.png\" alt=\"Silueta Ciudad de Coria\" class=\"wp-image-1796\" srcset=\"https:\/\/turismocoria.es\/turismo\/wp-content\/uploads\/2021\/04\/silueta-coria-azul-1024x127.png 1024w, https:\/\/turismocoria.es\/turismo\/wp-content\/uploads\/2021\/04\/silueta-coria-azul-300x37.png 300w, https:\/\/turismocoria.es\/turismo\/wp-content\/uploads\/2021\/04\/silueta-coria-azul-768x95.png 768w, https:\/\/turismocoria.es\/turismo\/wp-content\/uploads\/2021\/04\/silueta-coria-azul-1536x191.png 1536w, https:\/\/turismocoria.es\/turismo\/wp-content\/uploads\/2021\/04\/silueta-coria-azul-2048x255.png 2048w, https:\/\/turismocoria.es\/turismo\/wp-content\/uploads\/2021\/04\/silueta-coria-azul-1600x199.png 1600w\" sizes=\"(max-width: 1024px) 100vw, 1024px\" \/><\/noscript><\/a><\/figure>\n","protected":false},"excerpt":{"rendered":"<p>Un apacible y reposado paseo por las silenciosas callejuelas, plazas y plazuelas que describen el irregular trazado medieval de la ciudad intramuros, le descubrir\u00e1 tambi\u00e9n al viajero el alzamiento de otros edificios y monumentos de sumo inter\u00e9s que jalonan el transcurrir hist\u00f3rico y urban\u00edstico de esta urbe. As\u00ed, mirando hacia la verde vega del r\u00edo [&hellip;]<\/p>\n","protected":false},"author":1,"featured_media":1629,"parent":0,"menu_order":0,"comment_status":"closed","ping_status":"closed","template":"","meta":{"_uag_custom_page_level_css":"","site-sidebar-layout":"no-sidebar","site-content-layout":"page-builder","ast-site-content-layout":"","site-content-style":"default","site-sidebar-style":"default","ast-global-header-display":"","ast-banner-title-visibility":"","ast-main-header-display":"","ast-hfb-above-header-display":"","ast-hfb-below-header-display":"","ast-hfb-mobile-header-display":"","site-post-title":"disabled","ast-breadcrumbs-content":"","ast-featured-img":"disabled","footer-sml-layout":"","theme-transparent-header-meta":"default","adv-header-id-meta":"","stick-header-meta":"","header-above-stick-meta":"","header-main-stick-meta":"","header-below-stick-meta":"","astra-migrate-meta-layouts":"default","ast-page-background-enabled":"default","ast-page-background-meta":{"desktop":{"background-color":"","background-image":"","background-repeat":"repeat","background-position":"center center","background-size":"auto","background-attachment":"scroll","background-type":"","background-media":"","overlay-type":"","overlay-color":"","overlay-opacity":"","overlay-gradient":""},"tablet":{"background-color":"","background-image":"","background-repeat":"repeat","background-position":"center center","background-size":"auto","background-attachment":"scroll","background-type":"","background-media":"","overlay-type":"","overlay-color":"","overlay-opacity":"","overlay-gradient":""},"mobile":{"background-color":"","background-image":"","background-repeat":"repeat","background-position":"center center","background-size":"auto","background-attachment":"scroll","background-type":"","background-media":"","overlay-type":"","overlay-color":"","overlay-opacity":"","overlay-gradient":""}},"ast-content-background-meta":{"desktop":{"background-color":"var(--ast-global-color-5)","background-image":"","background-repeat":"repeat","background-position":"center center","background-size":"auto","background-attachment":"scroll","background-type":"","background-media":"","overlay-type":"","overlay-color":"","overlay-opacity":"","overlay-gradient":""},"tablet":{"background-color":"var(--ast-global-color-5)","background-image":"","background-repeat":"repeat","background-position":"center center","background-size":"auto","background-attachment":"scroll","background-type":"","background-media":"","overlay-type":"","overlay-color":"","overlay-opacity":"","overlay-gradient":""},"mobile":{"background-color":"var(--ast-global-color-5)","background-image":"","background-repeat":"repeat","background-position":"center center","background-size":"auto","background-attachment":"scroll","background-type":"","background-media":"","overlay-type":"","overlay-color":"","overlay-opacity":"","overlay-gradient":""}},"_EventAllDay":false,"_EventTimezone":"","_EventStartDate":"","_EventEndDate":"","_EventStartDateUTC":"","_EventEndDateUTC":"","_EventShowMap":false,"_EventShowMapLink":false,"_EventURL":"","_EventCost":"","_EventCostDescription":"","_EventCurrencySymbol":"","_EventCurrencyCode":"","_EventCurrencyPosition":"","_EventDateTimeSeparator":"","_EventTimeRangeSeparator":"","_EventOrganizerID":[],"_EventVenueID":0,"_OrganizerEmail":"","_OrganizerPhone":"","_OrganizerWebsite":"","_VenueAddress":"","_VenueCity":"","_VenueCountry":"","_VenueProvince":"","_VenueZip":"","_VenuePhone":"","_VenueURL":"","_VenueStateProvince":"","_VenueLat":"","_VenueLng":"","footnotes":""},"class_list":["post-507","page","type-page","status-publish","has-post-thumbnail","hentry"],"featured_image_src":"https:\/\/turismocoria.es\/turismo\/wp-content\/uploads\/2021\/04\/iglesia-de-santiago-apostol-9-600x400.jpg","featured_image_src_square":"https:\/\/turismocoria.es\/turismo\/wp-content\/uploads\/2021\/04\/iglesia-de-santiago-apostol-9-600x600.jpg","uagb_featured_image_src":{"full":["https:\/\/turismocoria.es\/turismo\/wp-content\/uploads\/2021\/04\/iglesia-de-santiago-apostol-9.jpg",934,709,false],"thumbnail":["https:\/\/turismocoria.es\/turismo\/wp-content\/uploads\/2021\/04\/iglesia-de-santiago-apostol-9-150x150.jpg",150,150,true],"medium":["https:\/\/turismocoria.es\/turismo\/wp-content\/uploads\/2021\/04\/iglesia-de-santiago-apostol-9-300x228.jpg",300,228,true],"medium_large":["https:\/\/turismocoria.es\/turismo\/wp-content\/uploads\/2021\/04\/iglesia-de-santiago-apostol-9-768x583.jpg",768,583,true],"large":["https:\/\/turismocoria.es\/turismo\/wp-content\/uploads\/2021\/04\/iglesia-de-santiago-apostol-9.jpg",934,709,false],"gs-tiny":["https:\/\/turismocoria.es\/turismo\/wp-content\/uploads\/2021\/04\/iglesia-de-santiago-apostol-9.jpg",50,38,false],"xl":["https:\/\/turismocoria.es\/turismo\/wp-content\/uploads\/2021\/04\/iglesia-de-santiago-apostol-9.jpg",934,709,false],"xxl":["https:\/\/turismocoria.es\/turismo\/wp-content\/uploads\/2021\/04\/iglesia-de-santiago-apostol-9.jpg",934,709,false],"xxxl":["https:\/\/turismocoria.es\/turismo\/wp-content\/uploads\/2021\/04\/iglesia-de-santiago-apostol-9.jpg",934,709,false],"xxxxl":["https:\/\/turismocoria.es\/turismo\/wp-content\/uploads\/2021\/04\/iglesia-de-santiago-apostol-9.jpg",934,709,false],"xxxxxl":["https:\/\/turismocoria.es\/turismo\/wp-content\/uploads\/2021\/04\/iglesia-de-santiago-apostol-9.jpg",934,709,false],"1536x1536":["https:\/\/turismocoria.es\/turismo\/wp-content\/uploads\/2021\/04\/iglesia-de-santiago-apostol-9.jpg",934,709,false],"2048x2048":["https:\/\/turismocoria.es\/turismo\/wp-content\/uploads\/2021\/04\/iglesia-de-santiago-apostol-9.jpg",934,709,false],"ultp_layout_landscape_large":["https:\/\/turismocoria.es\/turismo\/wp-content\/uploads\/2021\/04\/iglesia-de-santiago-apostol-9.jpg",934,709,false],"ultp_layout_landscape":["https:\/\/turismocoria.es\/turismo\/wp-content\/uploads\/2021\/04\/iglesia-de-santiago-apostol-9-870x570.jpg",870,570,true],"ultp_layout_portrait":["https:\/\/turismocoria.es\/turismo\/wp-content\/uploads\/2021\/04\/iglesia-de-santiago-apostol-9-600x709.jpg",600,709,true],"ultp_layout_square":["https:\/\/turismocoria.es\/turismo\/wp-content\/uploads\/2021\/04\/iglesia-de-santiago-apostol-9-600x600.jpg",600,600,true],"gb-block-post-grid-landscape":["https:\/\/turismocoria.es\/turismo\/wp-content\/uploads\/2021\/04\/iglesia-de-santiago-apostol-9-600x400.jpg",600,400,true],"gb-block-post-grid-square":["https:\/\/turismocoria.es\/turismo\/wp-content\/uploads\/2021\/04\/iglesia-de-santiago-apostol-9-600x600.jpg",600,600,true]},"uagb_author_info":{"display_name":"admin","author_link":"https:\/\/turismocoria.es\/turismo\/author\/admin\/"},"uagb_comment_info":0,"uagb_excerpt":"Un apacible y reposado paseo por las silenciosas callejuelas, plazas y plazuelas que describen el irregular trazado medieval de la ciudad intramuros, le descubrir\u00e1 tambi\u00e9n al viajero el alzamiento de otros edificios y monumentos de sumo inter\u00e9s que jalonan el transcurrir hist\u00f3rico y urban\u00edstico de esta urbe. As\u00ed, mirando hacia la verde vega del r\u00edo&hellip;","_links":{"self":[{"href":"https:\/\/turismocoria.es\/turismo\/wp-json\/wp\/v2\/pages\/507"}],"collection":[{"href":"https:\/\/turismocoria.es\/turismo\/wp-json\/wp\/v2\/pages"}],"about":[{"href":"https:\/\/turismocoria.es\/turismo\/wp-json\/wp\/v2\/types\/page"}],"author":[{"embeddable":true,"href":"https:\/\/turismocoria.es\/turismo\/wp-json\/wp\/v2\/users\/1"}],"replies":[{"embeddable":true,"href":"https:\/\/turismocoria.es\/turismo\/wp-json\/wp\/v2\/comments?post=507"}],"version-history":[{"count":0,"href":"https:\/\/turismocoria.es\/turismo\/wp-json\/wp\/v2\/pages\/507\/revisions"}],"wp:featuredmedia":[{"embeddable":true,"href":"https:\/\/turismocoria.es\/turismo\/wp-json\/wp\/v2\/media\/1629"}],"wp:attachment":[{"href":"https:\/\/turismocoria.es\/turismo\/wp-json\/wp\/v2\/media?parent=507"}],"curies":[{"name":"wp","href":"https:\/\/api.w.org\/{rel}","templated":true}]}}