{"id":4055,"date":"2021-05-28T10:42:48","date_gmt":"2021-05-28T08:42:48","guid":{"rendered":"https:\/\/turismo.beta.coriaenimagenes.com\/?page_id=4055"},"modified":"2022-02-21T11:21:05","modified_gmt":"2022-02-21T10:21:05","slug":"politica-de-cookies","status":"publish","type":"page","link":"https:\/\/turismocoria.es\/turismo\/politica-de-cookies\/","title":{"rendered":"Pol\u00edtica de Cookies"},"content":{"rendered":"\n<p>Bienvenida\/o a la&nbsp;<strong>POL\u00cdTICA DE COOKIES<\/strong>&nbsp;de la p\u00e1gina web de la entidad&nbsp;<strong>AYUNTAMIENTO DE CORIA,<\/strong>&nbsp;provista de CIF P1006800E, donde te explicaremos en un lenguaje claro y sencillo todas las cuestiones necesarias para que puedas tener el control sobre ellas en base a tus decisiones personales.<br><br><strong>\u00bfQU\u00c9 SON LAS COOKIES Y PARA QU\u00c9 LAS USAMOS?<\/strong><br><br>Una&nbsp;cookie&nbsp;o galleta inform\u00e1tica es un peque\u00f1o archivo de informaci\u00f3n que se guarda en tu ordenador, \u201csmartphone\u201d o tableta cada vez que visitas nuestra p\u00e1gina web.<br><br>En principio, una cookie es inofensiva: no contiene virus, troyanos, gusanos, etc. que puedan da\u00f1ar tu terminal, pero s\u00ed tiene cierto impacto sobre tu derecho a la protecci\u00f3n de tus datos personales, pues recoge determinada informaci\u00f3n concerniente a tu persona (h\u00e1bitos de navegaci\u00f3n, identidad, preferencias, etc.).<br><br>Nuestra p\u00e1gina web \u00fanicamente utiliza cookies t\u00e9cnicas, las mismas son estrictamente necesarias para que nuestra p\u00e1gina web funcione y puedas navegar por la misma. Este tipo de cookies son las que, por ejemplo, nos permiten identificarte, darte acceso a determinadas partes restringidas de la p\u00e1gina si fuese necesario, o recordar diferentes opciones o servicios ya seleccionados por ti, como tus preferencias de privacidad. Por ello,&nbsp;<strong>est\u00e1n activadas por defecto, no siendo necesaria tu autorizaci\u00f3n al respecto<\/strong>.<br><br>A trav\u00e9s de la configuraci\u00f3n de tu navegador, puedes bloquear o alertar de la presencia de este tipo de cookies, si bien dicho bloqueo afectar\u00e1 al correcto funcionamiento de las distintas funcionalidades de nuestra p\u00e1gina web.<\/p>\n\n\n\n<p><strong>\u00bfQU\u00c9 TIPO DE COOKIES SE UTILIZAN ACTUALMENTE EN NUESTRA P\u00c1GINA WEB?<\/strong><br>A continuaci\u00f3n, procedemos a informarte sobre todos los tipos de cookies que actualmente se utilizan en nuestra p\u00e1gina web y la finalidad de cada una de las mismas<\/p>\n\n\n\n<figure class=\"wp-block-table is-style-stripes\"><table class=\"has-black-color has-ast-global-color-4-background-color has-text-color has-background\"><tbody><tr><td class=\"has-text-align-center\" data-align=\"center\">&nbsp;Nombre<\/td><td>&nbsp;Tipo<\/td><td>&nbsp;Finalidad<\/td><td>&nbsp;Entidad Responsable<\/td><td>&nbsp;Plazo de Tiempo<\/td><\/tr><tr><td class=\"has-text-align-center\" data-align=\"center\">&nbsp;moove_gdpr_popup<\/td><td>&nbsp;T\u00e9cnica<\/td><td>Contiene un c\u00f3digo para verificar que la pol\u00edtica de cookies ha sido aceptada.<\/td><td>Propia<\/td><td>&nbsp;Sesi\u00f3n<\/td><\/tr><tr><td class=\"has-text-align-center\" data-align=\"center\">wordpress_test_cookie<\/td><td>T\u00e9cnica<\/td><td>Se utiliza para comprobar si el navegador del usuario admite cookies.<\/td><td>Propia<\/td><td>Sesi\u00f3n<\/td><\/tr><tr><td class=\"has-text-align-center\" data-align=\"center\">wordpress_sec_<\/td><td>T\u00e9cnica<\/td><td>Se utiliza como clave para controlar el acceso de un usuario al servicio de WordPress.<\/td><td>Propia<\/td><td>Sesi\u00f3n<\/td><\/tr><tr><td class=\"has-text-align-center\" data-align=\"center\">wordpress_logged_in_<\/td><td>T\u00e9cnica<\/td><td>Se utiliza cuando un usuario conectado en WordPress.<\/td><td>Propia<\/td><td>Sesi\u00f3n<\/td><\/tr><tr><td class=\"has-text-align-center\" data-align=\"center\">wp-settings-time-4, wp-settings-4.<\/td><td>T\u00e9cnica<\/td><td>Estas cookies son utilizadas por WordPress para personalizar la Interfaz de Usuario.<\/td><td>Propia<\/td><td>1 a\u00f1o<\/td><\/tr><\/tbody><\/table><\/figure>\n\n\n\n<p>Para que te sea mucho m\u00e1s f\u00e1cil, a continuaci\u00f3n te relacionamos una serie de enlaces a las pautas de desactivaci\u00f3n de cookies de los navegadores de uso com\u00fan:<\/p>\n\n\n\n<p>&nbsp;&nbsp;&nbsp; \u2022&nbsp;<a target=\"_blank\" href=\"https:\/\/support.google.com\/accounts\/answer\/61416?co=GENIE.Platform%3DDesktop&amp;hl=es\" rel=\"noreferrer noopener\">Google Chrome<\/a>.<\/p>\n\n\n\n<p>&nbsp;&nbsp;&nbsp; \u2022&nbsp;<a target=\"_blank\" href=\"https:\/\/support.mozilla.org\/es\/kb\/Borrar%20cookies\" rel=\"noreferrer noopener\">Mozilla Firefox<\/a>.<\/p>\n\n\n\n<p>&nbsp;&nbsp;&nbsp; \u2022&nbsp;<a target=\"_blank\" href=\"https:\/\/support.microsoft.com\/es-es\/help\/278835\/how-to-delete-cookie-files-in-internet-explorer\" rel=\"noreferrer noopener\">Internet Explorer<\/a>.<\/p>\n\n\n\n<p>&nbsp;&nbsp;&nbsp; \u2022&nbsp;<a target=\"_blank\" href=\"https:\/\/support.apple.com\/es-es\/guide\/safari\/sfri11471\/mac\" rel=\"noreferrer noopener\">Safari<\/a>.<\/p>\n\n\n\n<p>&nbsp;&nbsp;&nbsp; \u2022&nbsp;<a target=\"_blank\" href=\"https:\/\/support.apple.com\/es-es\/HT201265\" rel=\"noreferrer noopener\">Safari para IOS (iPhone y iPad)<\/a>.<\/p>\n\n\n\n<p>&nbsp;&nbsp;&nbsp; \u2022&nbsp;<a target=\"_blank\" href=\"https:\/\/support.google.com\/accounts\/answer\/61416?co=GENIE.Platform%3DAndroid&amp;hl=es&amp;oco=1\" rel=\"noreferrer noopener\">Google Chrome para Android<\/a>.<\/p>\n\n\n\n<p>&nbsp;&nbsp;&nbsp; \u2022&nbsp;<a target=\"_blank\" href=\"https:\/\/support.google.com\/accounts\/answer\/61416?co=GENIE.Platform%3DiOS&amp;hl=es&amp;oco=1\" rel=\"noreferrer noopener\">Google Chrome para Iphone y Ipad.<\/a><\/p>\n\n\n\n<figure class=\"wp-block-image alignfull size-large enlace-desactivado disabled\"><a href=\"#\"><img loading=\"lazy\" decoding=\"async\" width=\"1024\" height=\"127\" data-src=\"https:\/\/turismocoria.es\/turismo\/wp-content\/uploads\/2021\/04\/silueta-coria-azul-1024x127.png\" alt=\"Silueta Ciudad de Coria\" class=\"wp-image-1796 lazyload\" data-srcset=\"https:\/\/turismocoria.es\/turismo\/wp-content\/uploads\/2021\/04\/silueta-coria-azul-1024x127.png 1024w, https:\/\/turismocoria.es\/turismo\/wp-content\/uploads\/2021\/04\/silueta-coria-azul-300x37.png 300w, https:\/\/turismocoria.es\/turismo\/wp-content\/uploads\/2021\/04\/silueta-coria-azul-768x95.png 768w, https:\/\/turismocoria.es\/turismo\/wp-content\/uploads\/2021\/04\/silueta-coria-azul-1536x191.png 1536w, https:\/\/turismocoria.es\/turismo\/wp-content\/uploads\/2021\/04\/silueta-coria-azul-2048x255.png 2048w, https:\/\/turismocoria.es\/turismo\/wp-content\/uploads\/2021\/04\/silueta-coria-azul-1600x199.png 1600w\" data-sizes=\"(max-width: 1024px) 100vw, 1024px\" src=\"data:image\/gif;base64,R0lGODlhAQABAAAAACH5BAEKAAEALAAAAAABAAEAAAICTAEAOw==\" style=\"--smush-placeholder-width: 1024px; --smush-placeholder-aspect-ratio: 1024\/127;\" \/><noscript><img loading=\"lazy\" decoding=\"async\" width=\"1024\" height=\"127\" src=\"https:\/\/turismocoria.es\/turismo\/wp-content\/uploads\/2021\/04\/silueta-coria-azul-1024x127.png\" alt=\"Silueta Ciudad de Coria\" class=\"wp-image-1796\" srcset=\"https:\/\/turismocoria.es\/turismo\/wp-content\/uploads\/2021\/04\/silueta-coria-azul-1024x127.png 1024w, https:\/\/turismocoria.es\/turismo\/wp-content\/uploads\/2021\/04\/silueta-coria-azul-300x37.png 300w, https:\/\/turismocoria.es\/turismo\/wp-content\/uploads\/2021\/04\/silueta-coria-azul-768x95.png 768w, https:\/\/turismocoria.es\/turismo\/wp-content\/uploads\/2021\/04\/silueta-coria-azul-1536x191.png 1536w, https:\/\/turismocoria.es\/turismo\/wp-content\/uploads\/2021\/04\/silueta-coria-azul-2048x255.png 2048w, https:\/\/turismocoria.es\/turismo\/wp-content\/uploads\/2021\/04\/silueta-coria-azul-1600x199.png 1600w\" sizes=\"(max-width: 1024px) 100vw, 1024px\" \/><\/noscript><\/a><\/figure>\n","protected":false},"excerpt":{"rendered":"<p>Bienvenida\/o a la&nbsp;POL\u00cdTICA DE COOKIES&nbsp;de la p\u00e1gina web de la entidad&nbsp;AYUNTAMIENTO DE CORIA,&nbsp;provista de CIF P1006800E, donde te explicaremos en un lenguaje claro y sencillo todas las cuestiones necesarias para que puedas tener el control sobre ellas en base a tus decisiones personales. \u00bfQU\u00c9 SON LAS COOKIES Y PARA QU\u00c9 LAS USAMOS? Una&nbsp;cookie&nbsp;o galleta inform\u00e1tica [&hellip;]<\/p>\n","protected":false},"author":1,"featured_media":0,"parent":0,"menu_order":0,"comment_status":"closed","ping_status":"closed","template":"","meta":{"_uag_custom_page_level_css":"","site-sidebar-layout":"no-sidebar","site-content-layout":"plain-container","ast-site-content-layout":"","site-content-style":"default","site-sidebar-style":"default","ast-global-header-display":"","ast-banner-title-visibility":"","ast-main-header-display":"","ast-hfb-above-header-display":"","ast-hfb-below-header-display":"","ast-hfb-mobile-header-display":"","site-post-title":"","ast-breadcrumbs-content":"","ast-featured-img":"disabled","footer-sml-layout":"","theme-transparent-header-meta":"default","adv-header-id-meta":"","stick-header-meta":"","header-above-stick-meta":"","header-main-stick-meta":"","header-below-stick-meta":"","astra-migrate-meta-layouts":"default","ast-page-background-enabled":"default","ast-page-background-meta":{"desktop":{"background-color":"","background-image":"","background-repeat":"repeat","background-position":"center center","background-size":"auto","background-attachment":"scroll","background-type":"","background-media":"","overlay-type":"","overlay-color":"","overlay-opacity":"","overlay-gradient":""},"tablet":{"background-color":"","background-image":"","background-repeat":"repeat","background-position":"center center","background-size":"auto","background-attachment":"scroll","background-type":"","background-media":"","overlay-type":"","overlay-color":"","overlay-opacity":"","overlay-gradient":""},"mobile":{"background-color":"","background-image":"","background-repeat":"repeat","background-position":"center center","background-size":"auto","background-attachment":"scroll","background-type":"","background-media":"","overlay-type":"","overlay-color":"","overlay-opacity":"","overlay-gradient":""}},"ast-content-background-meta":{"desktop":{"background-color":"var(--ast-global-color-5)","background-image":"","background-repeat":"repeat","background-position":"center center","background-size":"auto","background-attachment":"scroll","background-type":"","background-media":"","overlay-type":"","overlay-color":"","overlay-opacity":"","overlay-gradient":""},"tablet":{"background-color":"var(--ast-global-color-5)","background-image":"","background-repeat":"repeat","background-position":"center center","background-size":"auto","background-attachment":"scroll","background-type":"","background-media":"","overlay-type":"","overlay-color":"","overlay-opacity":"","overlay-gradient":""},"mobile":{"background-color":"var(--ast-global-color-5)","background-image":"","background-repeat":"repeat","background-position":"center center","background-size":"auto","background-attachment":"scroll","background-type":"","background-media":"","overlay-type":"","overlay-color":"","overlay-opacity":"","overlay-gradient":""}},"_EventAllDay":false,"_EventTimezone":"","_EventStartDate":"","_EventEndDate":"","_EventStartDateUTC":"","_EventEndDateUTC":"","_EventShowMap":false,"_EventShowMapLink":false,"_EventURL":"","_EventCost":"","_EventCostDescription":"","_EventCurrencySymbol":"","_EventCurrencyCode":"","_EventCurrencyPosition":"","_EventDateTimeSeparator":"","_EventTimeRangeSeparator":"","_EventOrganizerID":[],"_EventVenueID":0,"_OrganizerEmail":"","_OrganizerPhone":"","_OrganizerWebsite":"","_VenueAddress":"","_VenueCity":"","_VenueCountry":"","_VenueProvince":"","_VenueZip":"","_VenuePhone":"","_VenueURL":"","_VenueStateProvince":"","_VenueLat":"","_VenueLng":"","footnotes":""},"class_list":["post-4055","page","type-page","status-publish","hentry"],"featured_image_src":null,"featured_image_src_square":null,"uagb_featured_image_src":{"full":false,"thumbnail":false,"medium":false,"medium_large":false,"large":false,"gs-tiny":false,"xl":false,"xxl":false,"xxxl":false,"xxxxl":false,"xxxxxl":false,"1536x1536":false,"2048x2048":false,"ultp_layout_landscape_large":false,"ultp_layout_landscape":false,"ultp_layout_portrait":false,"ultp_layout_square":false,"gb-block-post-grid-landscape":false,"gb-block-post-grid-square":false},"uagb_author_info":{"display_name":"admin","author_link":"https:\/\/turismocoria.es\/turismo\/author\/admin\/"},"uagb_comment_info":0,"uagb_excerpt":"Bienvenida\/o a la&nbsp;POL\u00cdTICA DE COOKIES&nbsp;de la p\u00e1gina web de la entidad&nbsp;AYUNTAMIENTO DE CORIA,&nbsp;provista de CIF P1006800E, donde te explicaremos en un lenguaje claro y sencillo todas las cuestiones necesarias para que puedas tener el control sobre ellas en base a tus decisiones personales. \u00bfQU\u00c9 SON LAS COOKIES Y PARA QU\u00c9 LAS USAMOS? Una&nbsp;cookie&nbsp;o galleta inform\u00e1tica&hellip;","_links":{"self":[{"href":"https:\/\/turismocoria.es\/turismo\/wp-json\/wp\/v2\/pages\/4055"}],"collection":[{"href":"https:\/\/turismocoria.es\/turismo\/wp-json\/wp\/v2\/pages"}],"about":[{"href":"https:\/\/turismocoria.es\/turismo\/wp-json\/wp\/v2\/types\/page"}],"author":[{"embeddable":true,"href":"https:\/\/turismocoria.es\/turismo\/wp-json\/wp\/v2\/users\/1"}],"replies":[{"embeddable":true,"href":"https:\/\/turismocoria.es\/turismo\/wp-json\/wp\/v2\/comments?post=4055"}],"version-history":[{"count":0,"href":"https:\/\/turismocoria.es\/turismo\/wp-json\/wp\/v2\/pages\/4055\/revisions"}],"wp:attachment":[{"href":"https:\/\/turismocoria.es\/turismo\/wp-json\/wp\/v2\/media?parent=4055"}],"curies":[{"name":"wp","href":"https:\/\/api.w.org\/{rel}","templated":true}]}}