{"id":1816,"date":"2021-04-28T13:29:25","date_gmt":"2021-04-28T11:29:25","guid":{"rendered":"https:\/\/turismo.beta.coriaenimagenes.com\/?page_id=1816"},"modified":"2021-06-06T13:03:05","modified_gmt":"2021-06-06T11:03:05","slug":"una-ciudad-con-paladar","status":"publish","type":"page","link":"https:\/\/turismocoria.es\/turismo\/una-ciudad-con-paladar\/","title":{"rendered":"Una Ciudad Con Paladar"},"content":{"rendered":"\n<div style=\"height:20px\" aria-hidden=\"true\" class=\"wp-block-spacer\"><\/div>\n\n\n\n<div class=\"wp-block-cover has-background-dim\"><img loading=\"lazy\" decoding=\"async\" width=\"1200\" height=\"785\" class=\"wp-block-cover__image-background wp-image-3195 lazyload\" alt=\"\" data-src=\"https:\/\/turismocoria.es\/turismo\/wp-content\/uploads\/2021\/05\/gastronomia-coria-01.jpg\" style=\"--smush-placeholder-width: 1200px; --smush-placeholder-aspect-ratio: 1200\/785;object-position:50% 37%\" data-object-fit=\"cover\" data-object-position=\"50% 37%\" data-srcset=\"https:\/\/turismocoria.es\/turismo\/wp-content\/uploads\/2021\/05\/gastronomia-coria-01.jpg 1200w, https:\/\/turismocoria.es\/turismo\/wp-content\/uploads\/2021\/05\/gastronomia-coria-01-300x196.jpg 300w, https:\/\/turismocoria.es\/turismo\/wp-content\/uploads\/2021\/05\/gastronomia-coria-01-1024x670.jpg 1024w, https:\/\/turismocoria.es\/turismo\/wp-content\/uploads\/2021\/05\/gastronomia-coria-01-768x502.jpg 768w, https:\/\/turismocoria.es\/turismo\/wp-content\/uploads\/2021\/05\/gastronomia-coria-01-870x570.jpg 870w\" data-sizes=\"(max-width: 1200px) 100vw, 1200px\" src=\"data:image\/gif;base64,R0lGODlhAQABAAAAACH5BAEKAAEALAAAAAABAAEAAAICTAEAOw==\" \/><noscript><img loading=\"lazy\" decoding=\"async\" width=\"1200\" height=\"785\" class=\"wp-block-cover__image-background wp-image-3195\" alt=\"\" src=\"https:\/\/turismocoria.es\/turismo\/wp-content\/uploads\/2021\/05\/gastronomia-coria-01.jpg\" style=\"object-position:50% 37%\" data-object-fit=\"cover\" data-object-position=\"50% 37%\" srcset=\"https:\/\/turismocoria.es\/turismo\/wp-content\/uploads\/2021\/05\/gastronomia-coria-01.jpg 1200w, https:\/\/turismocoria.es\/turismo\/wp-content\/uploads\/2021\/05\/gastronomia-coria-01-300x196.jpg 300w, https:\/\/turismocoria.es\/turismo\/wp-content\/uploads\/2021\/05\/gastronomia-coria-01-1024x670.jpg 1024w, https:\/\/turismocoria.es\/turismo\/wp-content\/uploads\/2021\/05\/gastronomia-coria-01-768x502.jpg 768w, https:\/\/turismocoria.es\/turismo\/wp-content\/uploads\/2021\/05\/gastronomia-coria-01-870x570.jpg 870w\" sizes=\"(max-width: 1200px) 100vw, 1200px\" \/><\/noscript><div class=\"wp-block-cover__inner-container is-layout-flow wp-block-cover-is-layout-flow\">\n<h1 class=\"has-text-align-center wp-block-heading\"><em>Una Ciudad con Paladar<\/em><\/h1>\n\n\n\n<p><\/p>\n<\/div><\/div>\n\n\n\n<div style=\"height:20px\" aria-hidden=\"true\" class=\"wp-block-spacer\"><\/div>\n\n\n\n<div class=\"wp-block-columns margen-derecho-50 margen-izquierdo-50 margin-top-50 is-layout-flex wp-container-core-columns-is-layout-1 wp-block-columns-is-layout-flex\">\n<div class=\"wp-block-column is-layout-flow wp-block-column-is-layout-flow\">\n<p>Una de las mejores maneras de cuidar nuestro sentido del gusto es disfrutar de una oferta gastron\u00f3mica que, en la <strong><span style=\"text-decoration: underline;\"><a href=\"https:\/\/turismocoria.es\/turismo\/ciudad-de-coria\/\" data-type=\"page\" data-id=\"1061\">Ciudad de Coria<\/a><\/span><\/strong>, muestra una parte de la cultura y la identidad de su territorio concebida a lo largo de los siglos. Un viaje, cuyo laboratorio culinario no solo se percibe en los restaurantes de buena cocina tradicional, sino tambi\u00e9n en las interesantes iniciativas de la nueva cocina de fusi\u00f3n dotada con un amplio recetario incre\u00edblemente rico en sabores, junto a aquellos otros manjares de la m\u00e1s exquisita tradici\u00f3n repostera popular y conventual cauriense.<\/p>\n\n\n\n<div class=\"wp-block-media-text alignwide is-stacked-on-mobile\"><figure class=\"wp-block-media-text__media\"><img loading=\"lazy\" decoding=\"async\" width=\"945\" height=\"709\" data-src=\"https:\/\/turismocoria.es\/turismo\/wp-content\/uploads\/2021\/05\/gastronomia-coria-08.jpg\" alt=\"Gastronom\u00eda Cauriense\" class=\"wp-image-3202 size-full lazyload\" data-srcset=\"https:\/\/turismocoria.es\/turismo\/wp-content\/uploads\/2021\/05\/gastronomia-coria-08.jpg 945w, https:\/\/turismocoria.es\/turismo\/wp-content\/uploads\/2021\/05\/gastronomia-coria-08-300x225.jpg 300w, https:\/\/turismocoria.es\/turismo\/wp-content\/uploads\/2021\/05\/gastronomia-coria-08-768x576.jpg 768w\" data-sizes=\"(max-width: 945px) 100vw, 945px\" src=\"data:image\/gif;base64,R0lGODlhAQABAAAAACH5BAEKAAEALAAAAAABAAEAAAICTAEAOw==\" style=\"--smush-placeholder-width: 945px; --smush-placeholder-aspect-ratio: 945\/709;\" \/><noscript><img loading=\"lazy\" decoding=\"async\" width=\"945\" height=\"709\" src=\"https:\/\/turismocoria.es\/turismo\/wp-content\/uploads\/2021\/05\/gastronomia-coria-08.jpg\" alt=\"Gastronom\u00eda Cauriense\" class=\"wp-image-3202 size-full\" srcset=\"https:\/\/turismocoria.es\/turismo\/wp-content\/uploads\/2021\/05\/gastronomia-coria-08.jpg 945w, https:\/\/turismocoria.es\/turismo\/wp-content\/uploads\/2021\/05\/gastronomia-coria-08-300x225.jpg 300w, https:\/\/turismocoria.es\/turismo\/wp-content\/uploads\/2021\/05\/gastronomia-coria-08-768x576.jpg 768w\" sizes=\"(max-width: 945px) 100vw, 945px\" \/><\/noscript><\/figure><div class=\"wp-block-media-text__content\">\n<p>Precisamente, debido al gran auge del turismo gastron\u00f3mico, como una nueva opci\u00f3n de aventura, no solo dirigida a las personas que gusten del arte del buen comer, sino al p\u00fablico dispuesto a experimentar nuevas experiencias culinarias, existen en la localidad ciertas actividades gastron\u00f3micas enfocadas a dar a conocer estos nuevos sabores o preparaciones culinarias de temporada.<\/p>\n\n\n\n<p>As\u00ed, con los ingredientes de toda la vida, recetas de tradici\u00f3n centenarias y elaboraciones hechas con dedicaci\u00f3n, son algunas de las caracter\u00edsticas que definen a la preciada reposter\u00eda de los <strong><span style=\"text-decoration: underline;\"><a href=\"https:\/\/turismocoria.es\/turismo\/una-ciudad-con-paladar\/dulces-conventuales\/\" data-type=\"page\" data-id=\"596\">dulces conventuales<\/a><\/span><\/strong> realizados por las reverendas madres franciscanas del <strong><span style=\"text-decoration: underline;\"><a href=\"https:\/\/turismocoria.es\/turismo\/lugares-que-no-te-puedes-perder\/convento-de-la-madre-de-dios\/\" data-type=\"page\" data-id=\"499\">Convento de la Madre de Dios<\/a><\/span><\/strong>, junto al amplio repertorio de la espl\u00e9ndida reposter\u00eda popular, ofreciendo, ambos, el sabor tradicional de los excelentes dulces artesanos.<\/p>\n<\/div><\/div>\n\n\n\n<div style=\"height:20px\" aria-hidden=\"true\" class=\"wp-block-spacer\"><\/div>\n\n\n\n<p>A su vez, el oto\u00f1o es una de las \u00e9pocas m\u00e1s esperadas y propicias para los amantes al mundo de las setas, hasta el punto de convertirse en el momento id\u00f3neo para disfrutar de ese enclave hist\u00f3rico y monumental que es el <strong><span style=\"text-decoration: underline;\"><a href=\"https:\/\/turismocoria.es\/turismo\/lugares-que-no-te-puedes-perder\/casco-historico\/\" data-type=\"page\" data-id=\"732\">Casco Hist\u00f3rico<\/a><\/span><\/strong> de Coria como destino micol\u00f3gico extreme\u00f1o, al estar representado por su buena cocina gastron\u00f3mica micol\u00f3gica dentro de los fogones de los principales establecimiento de restauraci\u00f3n de la localidad, adem\u00e1s de por su conocida y decana <strong><span style=\"text-decoration: underline;\"><a href=\"https:\/\/turismocoria.es\/turismo\/una-ciudad-con-paladar\/destino-micologico\/ruta-de-tapas-coria-sabor-micologico\/\" data-type=\"page\" data-id=\"898\">Ruta de Tapas \u201cCoria Sabor Micol\u00f3gico\u201d<\/a><\/span><\/strong> como evento culinario con el que promocionar los sabores de esta tierra cauriense, con las setas como protagonistas, a trav\u00e9s de la recreaci\u00f3n de la cocina en miniatura a base de los pinchos y tapas que se ofrecen en aquellos establecimientos hosteleros participantes del municipio.<\/p>\n\n\n\n<div class=\"wp-block-media-text alignwide has-media-on-the-right is-stacked-on-mobile is-image-fill\"><figure class=\"wp-block-media-text__media lazyload\" style=\"background-image:inherit;background-position:50% 50%\" data-bg-image=\"url(https:\/\/turismocoria.es\/turismo\/wp-content\/uploads\/2021\/05\/gastronomia-coria-06.jpg)\"><img loading=\"lazy\" decoding=\"async\" width=\"1023\" height=\"709\" data-src=\"https:\/\/turismocoria.es\/turismo\/wp-content\/uploads\/2021\/05\/gastronomia-coria-06.jpg\" alt=\"Gastronom\u00eda Cauriense\" class=\"wp-image-3200 size-full lazyload\" data-srcset=\"https:\/\/turismocoria.es\/turismo\/wp-content\/uploads\/2021\/05\/gastronomia-coria-06.jpg 1023w, https:\/\/turismocoria.es\/turismo\/wp-content\/uploads\/2021\/05\/gastronomia-coria-06-300x208.jpg 300w, https:\/\/turismocoria.es\/turismo\/wp-content\/uploads\/2021\/05\/gastronomia-coria-06-768x532.jpg 768w\" data-sizes=\"(max-width: 1023px) 100vw, 1023px\" src=\"data:image\/gif;base64,R0lGODlhAQABAAAAACH5BAEKAAEALAAAAAABAAEAAAICTAEAOw==\" style=\"--smush-placeholder-width: 1023px; --smush-placeholder-aspect-ratio: 1023\/709;\" \/><noscript><img loading=\"lazy\" decoding=\"async\" width=\"1023\" height=\"709\" src=\"https:\/\/turismocoria.es\/turismo\/wp-content\/uploads\/2021\/05\/gastronomia-coria-06.jpg\" alt=\"Gastronom\u00eda Cauriense\" class=\"wp-image-3200 size-full\" srcset=\"https:\/\/turismocoria.es\/turismo\/wp-content\/uploads\/2021\/05\/gastronomia-coria-06.jpg 1023w, https:\/\/turismocoria.es\/turismo\/wp-content\/uploads\/2021\/05\/gastronomia-coria-06-300x208.jpg 300w, https:\/\/turismocoria.es\/turismo\/wp-content\/uploads\/2021\/05\/gastronomia-coria-06-768x532.jpg 768w\" sizes=\"(max-width: 1023px) 100vw, 1023px\" \/><\/noscript><\/figure><div class=\"wp-block-media-text__content\">\n<p>Y es que el pasado culinario pesa mucho sobre el presente. En este sentido, derivado de la imagen taurina de esta ciudad a lo largo de su historia al estar vinculada \u00e9sta desde tiempos inmemoriales con el toro bravo a trav\u00e9s de las ancestrales <strong><span style=\"text-decoration: underline;\"><a href=\"https:\/\/turismocoria.es\/turismo\/fiestas-y-eventos-para-disfrutar\/fiestas-san-juan\/\" data-type=\"page\" data-id=\"568\">Fiestas de San Juan<\/a><\/span><\/strong>, coincidiendo con la celebraci\u00f3n de la <strong><span style=\"text-decoration: underline;\"><a href=\"https:\/\/turismocoria.es\/turismo\/fiestas-y-eventos-para-disfrutar\/fitcoria\/\" data-type=\"page\" data-id=\"570\">FITCORIA<\/a><\/span><\/strong> se organiza el pionero <strong><span style=\"text-decoration: underline;\"><a href=\"https:\/\/turismocoria.es\/turismo\/una-ciudad-con-paladar\/carne-iberica-de-toro\/concurso-gastronomico-taurotapas-fitcoria\/\" data-type=\"page\" data-id=\"902\">Concurso Gastron\u00f3mico \u201cTauroTapas FitCoria\u201d<\/a><\/span><\/strong> de toda Espa\u00f1a, con el objetivo de poner en valor la <strong><span style=\"text-decoration: underline;\"><a href=\"https:\/\/turismocoria.es\/turismo\/una-ciudad-con-paladar\/carne-iberica-de-toro\/\" data-type=\"page\" data-id=\"600\">carne ib\u00e9rica del toro de lidia<\/a><\/span><\/strong> para la gastronom\u00eda al tener numerosas aplicaciones en la cocina actual, adem\u00e1s de fomentar, defender, conservar y promocionar la cultura taurina.<\/p>\n<\/div><\/div>\n\n\n\n<div style=\"height:20px\" aria-hidden=\"true\" class=\"wp-block-spacer\"><\/div>\n\n\n\n<p>Una condimentada y variada oferta gastron\u00f3mica, que tiene tambi\u00e9n, en la cotizada cocina popular y de autor, una de las mayores exquisiteces culinarias que podemos descubrir de igual modo de la fecunda dehesa extreme\u00f1a, como son los productos derivados de la <strong><span style=\"text-decoration: underline;\"><a href=\"https:\/\/turismocoria.es\/turismo\/una-ciudad-con-paladar\/carne-iberica-de-cerdo\/\" data-type=\"page\" data-id=\"905\">carne ib\u00e9rica del cerdo<\/a><\/span><\/strong>, de sobra conocidos por su calidad, sabor y aroma caracter\u00edsticos, que enriquecen nuestro paladar por medio de la tentadora y sugestiva <strong><span style=\"text-decoration: underline;\"><a href=\"https:\/\/turismocoria.es\/turismo\/una-ciudad-con-paladar\/carne-iberica-de-cerdo\/ruta-de-tapas-gastrocoria-encueros\/\" data-type=\"page\" data-id=\"907\">Ruta de Tapas \u201cGastroCoria Encueros\u201d<\/a><\/span><\/strong> en la que, durante la <strong><span style=\"text-decoration: underline;\"><a href=\"https:\/\/turismocoria.es\/turismo\/fiestas-y-eventos-para-disfrutar\/semana-santa\/\" data-type=\"page\" data-id=\"572\">Semana Santa<\/a><\/span><\/strong>, poder degustar, de unos bocados, las estupendas cortezas o \u201ccueritos\u201d fritos realizados en tacos como una de las recetas m\u00e1s veneradas de esta tierra que nos conecta con los olores y los sabores que han permanecido intactos a lo largo de generaciones en los principales establecimientos hosteleros de esta ciudad.<\/p>\n<\/div>\n<\/div>\n\n\n\n<figure class=\"wp-block-image alignfull size-large enlace-desactivado disabled\"><a href=\"#\"><img loading=\"lazy\" decoding=\"async\" width=\"1024\" height=\"127\" data-src=\"https:\/\/turismocoria.es\/turismo\/wp-content\/uploads\/2021\/04\/silueta-coria-azul-1024x127.png\" alt=\"Silueta Ciudad de Coria\" class=\"wp-image-1796 lazyload\" data-srcset=\"https:\/\/turismocoria.es\/turismo\/wp-content\/uploads\/2021\/04\/silueta-coria-azul-1024x127.png 1024w, https:\/\/turismocoria.es\/turismo\/wp-content\/uploads\/2021\/04\/silueta-coria-azul-300x37.png 300w, https:\/\/turismocoria.es\/turismo\/wp-content\/uploads\/2021\/04\/silueta-coria-azul-768x95.png 768w, https:\/\/turismocoria.es\/turismo\/wp-content\/uploads\/2021\/04\/silueta-coria-azul-1536x191.png 1536w, https:\/\/turismocoria.es\/turismo\/wp-content\/uploads\/2021\/04\/silueta-coria-azul-2048x255.png 2048w, https:\/\/turismocoria.es\/turismo\/wp-content\/uploads\/2021\/04\/silueta-coria-azul-1600x199.png 1600w\" data-sizes=\"(max-width: 1024px) 100vw, 1024px\" src=\"data:image\/gif;base64,R0lGODlhAQABAAAAACH5BAEKAAEALAAAAAABAAEAAAICTAEAOw==\" style=\"--smush-placeholder-width: 1024px; --smush-placeholder-aspect-ratio: 1024\/127;\" \/><noscript><img loading=\"lazy\" decoding=\"async\" width=\"1024\" height=\"127\" src=\"https:\/\/turismocoria.es\/turismo\/wp-content\/uploads\/2021\/04\/silueta-coria-azul-1024x127.png\" alt=\"Silueta Ciudad de Coria\" class=\"wp-image-1796\" srcset=\"https:\/\/turismocoria.es\/turismo\/wp-content\/uploads\/2021\/04\/silueta-coria-azul-1024x127.png 1024w, https:\/\/turismocoria.es\/turismo\/wp-content\/uploads\/2021\/04\/silueta-coria-azul-300x37.png 300w, https:\/\/turismocoria.es\/turismo\/wp-content\/uploads\/2021\/04\/silueta-coria-azul-768x95.png 768w, https:\/\/turismocoria.es\/turismo\/wp-content\/uploads\/2021\/04\/silueta-coria-azul-1536x191.png 1536w, https:\/\/turismocoria.es\/turismo\/wp-content\/uploads\/2021\/04\/silueta-coria-azul-2048x255.png 2048w, https:\/\/turismocoria.es\/turismo\/wp-content\/uploads\/2021\/04\/silueta-coria-azul-1600x199.png 1600w\" sizes=\"(max-width: 1024px) 100vw, 1024px\" \/><\/noscript><\/a><\/figure>\n","protected":false},"excerpt":{"rendered":"<p>Una de las mejores maneras de cuidar nuestro sentido del gusto es disfrutar de una oferta gastron\u00f3mica que, en la Ciudad de Coria, muestra una parte de la cultura y la identidad de su territorio concebida a lo largo de los siglos. Un viaje, cuyo laboratorio culinario no solo se percibe en los restaurantes de [&hellip;]<\/p>\n","protected":false},"author":1,"featured_media":3207,"parent":0,"menu_order":0,"comment_status":"closed","ping_status":"closed","template":"","meta":{"_uag_custom_page_level_css":"","site-sidebar-layout":"no-sidebar","site-content-layout":"page-builder","ast-site-content-layout":"","site-content-style":"default","site-sidebar-style":"default","ast-global-header-display":"","ast-banner-title-visibility":"","ast-main-header-display":"","ast-hfb-above-header-display":"","ast-hfb-below-header-display":"","ast-hfb-mobile-header-display":"","site-post-title":"disabled","ast-breadcrumbs-content":"","ast-featured-img":"disabled","footer-sml-layout":"","theme-transparent-header-meta":"default","adv-header-id-meta":"","stick-header-meta":"","header-above-stick-meta":"","header-main-stick-meta":"","header-below-stick-meta":"","astra-migrate-meta-layouts":"default","ast-page-background-enabled":"default","ast-page-background-meta":{"desktop":{"background-color":"","background-image":"","background-repeat":"repeat","background-position":"center center","background-size":"auto","background-attachment":"scroll","background-type":"","background-media":"","overlay-type":"","overlay-color":"","overlay-opacity":"","overlay-gradient":""},"tablet":{"background-color":"","background-image":"","background-repeat":"repeat","background-position":"center center","background-size":"auto","background-attachment":"scroll","background-type":"","background-media":"","overlay-type":"","overlay-color":"","overlay-opacity":"","overlay-gradient":""},"mobile":{"background-color":"","background-image":"","background-repeat":"repeat","background-position":"center center","background-size":"auto","background-attachment":"scroll","background-type":"","background-media":"","overlay-type":"","overlay-color":"","overlay-opacity":"","overlay-gradient":""}},"ast-content-background-meta":{"desktop":{"background-color":"var(--ast-global-color-5)","background-image":"","background-repeat":"repeat","background-position":"center center","background-size":"auto","background-attachment":"scroll","background-type":"","background-media":"","overlay-type":"","overlay-color":"","overlay-opacity":"","overlay-gradient":""},"tablet":{"background-color":"var(--ast-global-color-5)","background-image":"","background-repeat":"repeat","background-position":"center center","background-size":"auto","background-attachment":"scroll","background-type":"","background-media":"","overlay-type":"","overlay-color":"","overlay-opacity":"","overlay-gradient":""},"mobile":{"background-color":"var(--ast-global-color-5)","background-image":"","background-repeat":"repeat","background-position":"center center","background-size":"auto","background-attachment":"scroll","background-type":"","background-media":"","overlay-type":"","overlay-color":"","overlay-opacity":"","overlay-gradient":""}},"_EventAllDay":false,"_EventTimezone":"","_EventStartDate":"","_EventEndDate":"","_EventStartDateUTC":"","_EventEndDateUTC":"","_EventShowMap":false,"_EventShowMapLink":false,"_EventURL":"","_EventCost":"","_EventCostDescription":"","_EventCurrencySymbol":"","_EventCurrencyCode":"","_EventCurrencyPosition":"","_EventDateTimeSeparator":"","_EventTimeRangeSeparator":"","_EventOrganizerID":[],"_EventVenueID":0,"_OrganizerEmail":"","_OrganizerPhone":"","_OrganizerWebsite":"","_VenueAddress":"","_VenueCity":"","_VenueCountry":"","_VenueProvince":"","_VenueZip":"","_VenuePhone":"","_VenueURL":"","_VenueStateProvince":"","_VenueLat":"","_VenueLng":"","footnotes":""},"class_list":["post-1816","page","type-page","status-publish","has-post-thumbnail","hentry"],"featured_image_src":"https:\/\/turismocoria.es\/turismo\/wp-content\/uploads\/2021\/05\/concurso-pinchos-tapas-03-600x400.jpg","featured_image_src_square":"https:\/\/turismocoria.es\/turismo\/wp-content\/uploads\/2021\/05\/concurso-pinchos-tapas-03-600x600.jpg","uagb_featured_image_src":{"full":["https:\/\/turismocoria.es\/turismo\/wp-content\/uploads\/2021\/05\/concurso-pinchos-tapas-03.jpg",945,709,false],"thumbnail":["https:\/\/turismocoria.es\/turismo\/wp-content\/uploads\/2021\/05\/concurso-pinchos-tapas-03-150x150.jpg",150,150,true],"medium":["https:\/\/turismocoria.es\/turismo\/wp-content\/uploads\/2021\/05\/concurso-pinchos-tapas-03-300x225.jpg",300,225,true],"medium_large":["https:\/\/turismocoria.es\/turismo\/wp-content\/uploads\/2021\/05\/concurso-pinchos-tapas-03-768x576.jpg",768,576,true],"large":["https:\/\/turismocoria.es\/turismo\/wp-content\/uploads\/2021\/05\/concurso-pinchos-tapas-03.jpg",945,709,false],"gs-tiny":["https:\/\/turismocoria.es\/turismo\/wp-content\/uploads\/2021\/05\/concurso-pinchos-tapas-03.jpg",50,38,false],"xl":["https:\/\/turismocoria.es\/turismo\/wp-content\/uploads\/2021\/05\/concurso-pinchos-tapas-03.jpg",945,709,false],"xxl":["https:\/\/turismocoria.es\/turismo\/wp-content\/uploads\/2021\/05\/concurso-pinchos-tapas-03.jpg",945,709,false],"xxxl":["https:\/\/turismocoria.es\/turismo\/wp-content\/uploads\/2021\/05\/concurso-pinchos-tapas-03.jpg",945,709,false],"xxxxl":["https:\/\/turismocoria.es\/turismo\/wp-content\/uploads\/2021\/05\/concurso-pinchos-tapas-03.jpg",945,709,false],"xxxxxl":["https:\/\/turismocoria.es\/turismo\/wp-content\/uploads\/2021\/05\/concurso-pinchos-tapas-03.jpg",945,709,false],"1536x1536":["https:\/\/turismocoria.es\/turismo\/wp-content\/uploads\/2021\/05\/concurso-pinchos-tapas-03.jpg",945,709,false],"2048x2048":["https:\/\/turismocoria.es\/turismo\/wp-content\/uploads\/2021\/05\/concurso-pinchos-tapas-03.jpg",945,709,false],"ultp_layout_landscape_large":["https:\/\/turismocoria.es\/turismo\/wp-content\/uploads\/2021\/05\/concurso-pinchos-tapas-03.jpg",945,709,false],"ultp_layout_landscape":["https:\/\/turismocoria.es\/turismo\/wp-content\/uploads\/2021\/05\/concurso-pinchos-tapas-03-870x570.jpg",870,570,true],"ultp_layout_portrait":["https:\/\/turismocoria.es\/turismo\/wp-content\/uploads\/2021\/05\/concurso-pinchos-tapas-03-600x709.jpg",600,709,true],"ultp_layout_square":["https:\/\/turismocoria.es\/turismo\/wp-content\/uploads\/2021\/05\/concurso-pinchos-tapas-03-600x600.jpg",600,600,true],"gb-block-post-grid-landscape":["https:\/\/turismocoria.es\/turismo\/wp-content\/uploads\/2021\/05\/concurso-pinchos-tapas-03-600x400.jpg",600,400,true],"gb-block-post-grid-square":["https:\/\/turismocoria.es\/turismo\/wp-content\/uploads\/2021\/05\/concurso-pinchos-tapas-03-600x600.jpg",600,600,true]},"uagb_author_info":{"display_name":"admin","author_link":"https:\/\/turismocoria.es\/turismo\/author\/admin\/"},"uagb_comment_info":0,"uagb_excerpt":"Una de las mejores maneras de cuidar nuestro sentido del gusto es disfrutar de una oferta gastron\u00f3mica que, en la Ciudad de Coria, muestra una parte de la cultura y la identidad de su territorio concebida a lo largo de los siglos. Un viaje, cuyo laboratorio culinario no solo se percibe en los restaurantes de&hellip;","_links":{"self":[{"href":"https:\/\/turismocoria.es\/turismo\/wp-json\/wp\/v2\/pages\/1816"}],"collection":[{"href":"https:\/\/turismocoria.es\/turismo\/wp-json\/wp\/v2\/pages"}],"about":[{"href":"https:\/\/turismocoria.es\/turismo\/wp-json\/wp\/v2\/types\/page"}],"author":[{"embeddable":true,"href":"https:\/\/turismocoria.es\/turismo\/wp-json\/wp\/v2\/users\/1"}],"replies":[{"embeddable":true,"href":"https:\/\/turismocoria.es\/turismo\/wp-json\/wp\/v2\/comments?post=1816"}],"version-history":[{"count":0,"href":"https:\/\/turismocoria.es\/turismo\/wp-json\/wp\/v2\/pages\/1816\/revisions"}],"wp:featuredmedia":[{"embeddable":true,"href":"https:\/\/turismocoria.es\/turismo\/wp-json\/wp\/v2\/media\/3207"}],"wp:attachment":[{"href":"https:\/\/turismocoria.es\/turismo\/wp-json\/wp\/v2\/media?parent=1816"}],"curies":[{"name":"wp","href":"https:\/\/api.w.org\/{rel}","templated":true}]}}