{"id":13110,"date":"2025-03-25T14:23:49","date_gmt":"2025-03-25T13:23:49","guid":{"rendered":"https:\/\/turismocoria.es\/turismo\/?page_id=13110"},"modified":"2025-03-26T10:41:56","modified_gmt":"2025-03-26T09:41:56","slug":"area-de-estacionamiento-para-caravanas-y-autocaravanas","status":"publish","type":"page","link":"https:\/\/turismocoria.es\/turismo\/area-de-estacionamiento-para-caravanas-y-autocaravanas\/","title":{"rendered":"\u00c1rea de estacionamiento para caravanas y autocaravanas."},"content":{"rendered":"\n<h4 class=\"wp-block-heading margin-top-50 margen-izquierdo-50 margen-derecho-50\"><strong>Lugares donde poder descansar\u2026<\/strong><\/h4>\n\n\n\n<div class=\"inherit-container-width wp-block-group margen-izquierdo-50 margen-derecho-50 is-layout-constrained wp-block-group-is-layout-constrained\"><div class=\"wp-block-group__inner-container\">\n<h3 class=\"wp-block-heading has-text-align-center fondo-encabezado-menor has-white-color has-text-color has-background\" style=\"background-color:#123d8d\">\u00c1rea de estacionamiento para caravanas y autocaravanas<\/h3>\n\n\n\n<p>El Ayuntamiento de Coria ha habilitado un \u00e1rea de estacionamiento para autocaravanas y caravanas, situado en el aparcamiento existente entre el Pabell\u00f3n Municipal de Deportes y la Comandancia de la Guardia Civil en la Calle Olimpiada.<\/p>\n\n\n\n<p>Estas dos plazas de aparcamiento est\u00e1n provistas con su correspondiente toma de agua potable y vaciado de aguas negras para desechar las aguas residuales.<\/p>\n\n\n\n<p>Los usuarios que hagan uso de las instalaciones est\u00e1n autorizados a estacionar en este lugar un m\u00e1ximo de 72 horas.<\/p>\n\n\n\n<p>Precio: Gratis<\/p>\n\n\n\n<div class=\"wp-block-columns are-vertically-aligned-top margin-top-50 is-layout-flex wp-container-core-columns-is-layout-1 wp-block-columns-is-layout-flex\">\n<div class=\"wp-block-column is-vertically-aligned-top is-layout-flow wp-block-column-is-layout-flow\">\n<h5 class=\"wp-block-heading has-text-align-center fondo-encabezado-menor has-white-color has-text-color has-background\" style=\"background-color:#123d8d\">Galer\u00eda<\/h5>\n\n\n\n<figure class=\"wp-block-image size-large\"><img loading=\"lazy\" decoding=\"async\" width=\"1024\" height=\"535\" data-src=\"https:\/\/turismocoria.es\/turismo\/wp-content\/uploads\/2025\/03\/area-autocaravanas-coria-1024x535.webp\" alt=\"\" class=\"wp-image-13111 lazyload\" data-srcset=\"https:\/\/turismocoria.es\/turismo\/wp-content\/uploads\/2025\/03\/area-autocaravanas-coria-1024x535.webp 1024w, https:\/\/turismocoria.es\/turismo\/wp-content\/uploads\/2025\/03\/area-autocaravanas-coria-300x157.webp 300w, https:\/\/turismocoria.es\/turismo\/wp-content\/uploads\/2025\/03\/area-autocaravanas-coria-768x401.webp 768w, https:\/\/turismocoria.es\/turismo\/wp-content\/uploads\/2025\/03\/area-autocaravanas-coria-50x26.webp 50w, https:\/\/turismocoria.es\/turismo\/wp-content\/uploads\/2025\/03\/area-autocaravanas-coria.webp 1080w\" data-sizes=\"(max-width: 1024px) 100vw, 1024px\" src=\"data:image\/gif;base64,R0lGODlhAQABAAAAACH5BAEKAAEALAAAAAABAAEAAAICTAEAOw==\" style=\"--smush-placeholder-width: 1024px; --smush-placeholder-aspect-ratio: 1024\/535;\" \/><noscript><img loading=\"lazy\" decoding=\"async\" width=\"1024\" height=\"535\" src=\"https:\/\/turismocoria.es\/turismo\/wp-content\/uploads\/2025\/03\/area-autocaravanas-coria-1024x535.webp\" alt=\"\" class=\"wp-image-13111\" srcset=\"https:\/\/turismocoria.es\/turismo\/wp-content\/uploads\/2025\/03\/area-autocaravanas-coria-1024x535.webp 1024w, https:\/\/turismocoria.es\/turismo\/wp-content\/uploads\/2025\/03\/area-autocaravanas-coria-300x157.webp 300w, https:\/\/turismocoria.es\/turismo\/wp-content\/uploads\/2025\/03\/area-autocaravanas-coria-768x401.webp 768w, https:\/\/turismocoria.es\/turismo\/wp-content\/uploads\/2025\/03\/area-autocaravanas-coria-50x26.webp 50w, https:\/\/turismocoria.es\/turismo\/wp-content\/uploads\/2025\/03\/area-autocaravanas-coria.webp 1080w\" sizes=\"(max-width: 1024px) 100vw, 1024px\" \/><\/noscript><\/figure>\n<\/div>\n\n\n\n<div class=\"wp-block-column is-vertically-aligned-top is-layout-flow wp-block-column-is-layout-flow\">\n<h5 class=\"wp-block-heading has-text-align-center fondo-encabezado-menor has-white-color has-text-color has-background\" style=\"background-color:#123d8d\">Mapa<\/h5>\n\n\n\n<p style=\"text-align:center;\">\n<iframe data-src=\"https:\/\/www.google.com\/maps\/embed?pb=!1m18!1m12!1m3!1d764.1834726380565!2d-6.538014898979747!3d39.992051829059314!2m3!1f0!2f0!3f0!3m2!1i1024!2i768!4f13.1!3m3!1m2!1s0xd3de5815c4db713%3A0xb6d32f13c45e01f!2s%C3%81rea%20de%20Autocaravanas!5e0!3m2!1ses!2ses!4v1742909067292!5m2!1ses!2ses\" width=\"600\" height=\"250\" style=\"border:0;\" allowfullscreen=\"\" loading=\"lazy\" referrerpolicy=\"no-referrer-when-downgrade\" src=\"data:image\/gif;base64,R0lGODlhAQABAAAAACH5BAEKAAEALAAAAAABAAEAAAICTAEAOw==\" class=\"lazyload\" data-load-mode=\"1\"><\/iframe>\n<\/p>\n\n\n\n<h5 class=\"wp-block-heading has-text-align-center fondo-encabezado-menor has-white-color has-text-color has-background\" style=\"background-color:#123d8d\">Ficha<\/h5>\n\n\n\n<div class=\"wp-block-uagb-icon-list uagb-block-3ade6d6a uagb-icon-list__outer-wrap uagb-icon-list__layout-vertical\"><div class=\"uagb-icon-list__wrap\">\n<div class=\"wp-block-uagb-icon-list-child uagb-block-0de8dd31 uagb-icon-list-repeater uagb-icon-list__wrapper\"><span class=\"uagb-icon-list__source-wrap\"><svg xmlns=\"https:\/\/www.w3.org\/2000\/svg\" viewBox=\"0 0 448 512\"><path d=\"M285.6 444.1C279.8 458.3 264.8 466.3 249.8 463.4C234.8 460.4 223.1 447.3 223.1 432V256H47.1C32.71 256 19.55 245.2 16.6 230.2C13.65 215.2 21.73 200.2 35.88 194.4L387.9 50.38C399.8 45.5 413.5 48.26 422.6 57.37C431.7 66.49 434.5 80.19 429.6 92.12L285.6 444.1z\"><\/path><\/svg><\/span><span class=\"uagb-icon-list__label\">Localizaci\u00f3n: Casco Urbano<\/span><\/div>\n\n\n\n<div class=\"wp-block-uagb-icon-list-child uagb-block-1f605cd8 uagb-icon-list-repeater uagb-icon-list__wrapper\"><span class=\"uagb-icon-list__source-wrap\"><svg xmlns=\"https:\/\/www.w3.org\/2000\/svg\" viewBox=\"0 0 512 512\"><path d=\"M497.1 222.1l-208.1-208.1c-9.364-9.364-21.62-14.04-33.89-14.03C243.7 .0092 231.5 4.686 222.1 14.03L14.03 222.1C4.676 231.5 .0002 243.7 .0004 255.1c.0002 12.26 4.676 24.52 14.03 33.87l208.1 208.1C231.5 507.3 243.7 511.1 256 511.1c12.26 0 24.52-4.677 33.87-14.03l208.1-208.1c9.352-9.353 14.03-21.61 14.03-33.87C511.1 243.7 507.3 231.5 497.1 222.1zM410.5 252l-96 84c-10.79 9.545-26.53 .9824-26.53-12.03V272H223.1l-.0001 48C223.1 337.6 209.6 352 191.1 352S159.1 337.6 159.1 320V240c0-17.6 14.4-32 32-32h95.1V156c0-13.85 16.39-20.99 26.53-12.03l96 84C414 231 415.1 235.4 415.1 240S414 249 410.5 252z\"><\/path><\/svg><\/span><span class=\"uagb-icon-list__label\">Direcci\u00f3n: Calle Olimpiada s\/n.<\/span><\/div>\n\n\n\n<div class=\"wp-block-uagb-icon-list-child uagb-block-72f28b08 uagb-icon-list-repeater uagb-icon-list__wrapper\"><span class=\"uagb-icon-list__source-wrap\"><svg xmlns=\"https:\/\/www.w3.org\/2000\/svg\" viewBox=\"0 0 640 512\"><path d=\"M480 192H592C618.5 192 640 213.5 640 240V464C640 490.5 618.5 512 592 512H48C21.49 512 0 490.5 0 464V144C0 117.5 21.49 96 48 96H64V24C64 10.75 74.75 0 88 0C101.3 0 112 10.75 112 24V96H176V24C176 10.75 186.7 0 200 0C213.3 0 224 10.75 224 24V96H288V48C288 21.49 309.5 0 336 0H432C458.5 0 480 21.49 480 48V192zM576 368C576 359.2 568.8 352 560 352H528C519.2 352 512 359.2 512 368V400C512 408.8 519.2 416 528 416H560C568.8 416 576 408.8 576 400V368zM240 416C248.8 416 256 408.8 256 400V368C256 359.2 248.8 352 240 352H208C199.2 352 192 359.2 192 368V400C192 408.8 199.2 416 208 416H240zM128 368C128 359.2 120.8 352 112 352H80C71.16 352 64 359.2 64 368V400C64 408.8 71.16 416 80 416H112C120.8 416 128 408.8 128 400V368zM528 256C519.2 256 512 263.2 512 272V304C512 312.8 519.2 320 528 320H560C568.8 320 576 312.8 576 304V272C576 263.2 568.8 256 560 256H528zM256 176C256 167.2 248.8 160 240 160H208C199.2 160 192 167.2 192 176V208C192 216.8 199.2 224 208 224H240C248.8 224 256 216.8 256 208V176zM80 160C71.16 160 64 167.2 64 176V208C64 216.8 71.16 224 80 224H112C120.8 224 128 216.8 128 208V176C128 167.2 120.8 160 112 160H80zM256 272C256 263.2 248.8 256 240 256H208C199.2 256 192 263.2 192 272V304C192 312.8 199.2 320 208 320H240C248.8 320 256 312.8 256 304V272zM112 320C120.8 320 128 312.8 128 304V272C128 263.2 120.8 256 112 256H80C71.16 256 64 263.2 64 272V304C64 312.8 71.16 320 80 320H112zM416 272C416 263.2 408.8 256 400 256H368C359.2 256 352 263.2 352 272V304C352 312.8 359.2 320 368 320H400C408.8 320 416 312.8 416 304V272zM368 64C359.2 64 352 71.16 352 80V112C352 120.8 359.2 128 368 128H400C408.8 128 416 120.8 416 112V80C416 71.16 408.8 64 400 64H368zM416 176C416 167.2 408.8 160 400 160H368C359.2 160 352 167.2 352 176V208C352 216.8 359.2 224 368 224H400C408.8 224 416 216.8 416 208V176z\"><\/path><\/svg><\/span><span class=\"uagb-icon-list__label\">Municipio: 10800 Coria (C\u00e1ceres)<\/span><\/div>\n<\/div><\/div>\n<\/div>\n<\/div>\n<\/div><\/div>\n\n\n\n<figure class=\"wp-block-image alignfull size-large enlace-desactivado disabled\"><a href=\"#\"><img loading=\"lazy\" decoding=\"async\" width=\"1024\" height=\"127\" data-src=\"https:\/\/turismocoria.es\/turismo\/wp-content\/uploads\/2021\/04\/silueta-coria-azul-1024x127.png\" alt=\"Silueta Ciudad de Coria\" class=\"wp-image-1796 lazyload\" data-srcset=\"https:\/\/turismocoria.es\/turismo\/wp-content\/uploads\/2021\/04\/silueta-coria-azul-1024x127.png 1024w, https:\/\/turismocoria.es\/turismo\/wp-content\/uploads\/2021\/04\/silueta-coria-azul-300x37.png 300w, https:\/\/turismocoria.es\/turismo\/wp-content\/uploads\/2021\/04\/silueta-coria-azul-768x95.png 768w, https:\/\/turismocoria.es\/turismo\/wp-content\/uploads\/2021\/04\/silueta-coria-azul-1536x191.png 1536w, https:\/\/turismocoria.es\/turismo\/wp-content\/uploads\/2021\/04\/silueta-coria-azul-2048x255.png 2048w, https:\/\/turismocoria.es\/turismo\/wp-content\/uploads\/2021\/04\/silueta-coria-azul-1600x199.png 1600w\" data-sizes=\"(max-width: 1024px) 100vw, 1024px\" src=\"data:image\/gif;base64,R0lGODlhAQABAAAAACH5BAEKAAEALAAAAAABAAEAAAICTAEAOw==\" style=\"--smush-placeholder-width: 1024px; --smush-placeholder-aspect-ratio: 1024\/127;\" \/><noscript><img loading=\"lazy\" decoding=\"async\" width=\"1024\" height=\"127\" src=\"https:\/\/turismocoria.es\/turismo\/wp-content\/uploads\/2021\/04\/silueta-coria-azul-1024x127.png\" alt=\"Silueta Ciudad de Coria\" class=\"wp-image-1796\" srcset=\"https:\/\/turismocoria.es\/turismo\/wp-content\/uploads\/2021\/04\/silueta-coria-azul-1024x127.png 1024w, https:\/\/turismocoria.es\/turismo\/wp-content\/uploads\/2021\/04\/silueta-coria-azul-300x37.png 300w, https:\/\/turismocoria.es\/turismo\/wp-content\/uploads\/2021\/04\/silueta-coria-azul-768x95.png 768w, https:\/\/turismocoria.es\/turismo\/wp-content\/uploads\/2021\/04\/silueta-coria-azul-1536x191.png 1536w, https:\/\/turismocoria.es\/turismo\/wp-content\/uploads\/2021\/04\/silueta-coria-azul-2048x255.png 2048w, https:\/\/turismocoria.es\/turismo\/wp-content\/uploads\/2021\/04\/silueta-coria-azul-1600x199.png 1600w\" sizes=\"(max-width: 1024px) 100vw, 1024px\" \/><\/noscript><\/a><\/figure>\n","protected":false},"excerpt":{"rendered":"<p>Lugares donde poder descansar\u2026 \u00c1rea de estacionamiento para caravanas y autocaravanas El Ayuntamiento de Coria ha habilitado un \u00e1rea de estacionamiento para autocaravanas y caravanas, situado en el aparcamiento existente entre el Pabell\u00f3n Municipal de Deportes y la Comandancia de la Guardia Civil en la Calle Olimpiada. Estas dos plazas de aparcamiento est\u00e1n provistas con [&hellip;]<\/p>\n","protected":false},"author":3,"featured_media":13111,"parent":0,"menu_order":0,"comment_status":"closed","ping_status":"closed","template":"","meta":{"_uag_custom_page_level_css":"","site-sidebar-layout":"default","site-content-layout":"","ast-site-content-layout":"default","site-content-style":"default","site-sidebar-style":"default","ast-global-header-display":"","ast-banner-title-visibility":"","ast-main-header-display":"","ast-hfb-above-header-display":"","ast-hfb-below-header-display":"","ast-hfb-mobile-header-display":"","site-post-title":"","ast-breadcrumbs-content":"","ast-featured-img":"","footer-sml-layout":"","theme-transparent-header-meta":"","adv-header-id-meta":"","stick-header-meta":"","header-above-stick-meta":"","header-main-stick-meta":"","header-below-stick-meta":"","astra-migrate-meta-layouts":"set","ast-page-background-enabled":"default","ast-page-background-meta":{"desktop":{"background-color":"","background-image":"","background-repeat":"repeat","background-position":"center center","background-size":"auto","background-attachment":"scroll","background-type":"","background-media":"","overlay-type":"","overlay-color":"","overlay-opacity":"","overlay-gradient":""},"tablet":{"background-color":"","background-image":"","background-repeat":"repeat","background-position":"center center","background-size":"auto","background-attachment":"scroll","background-type":"","background-media":"","overlay-type":"","overlay-color":"","overlay-opacity":"","overlay-gradient":""},"mobile":{"background-color":"","background-image":"","background-repeat":"repeat","background-position":"center center","background-size":"auto","background-attachment":"scroll","background-type":"","background-media":"","overlay-type":"","overlay-color":"","overlay-opacity":"","overlay-gradient":""}},"ast-content-background-meta":{"desktop":{"background-color":"var(--ast-global-color-5)","background-image":"","background-repeat":"repeat","background-position":"center center","background-size":"auto","background-attachment":"scroll","background-type":"","background-media":"","overlay-type":"","overlay-color":"","overlay-opacity":"","overlay-gradient":""},"tablet":{"background-color":"var(--ast-global-color-5)","background-image":"","background-repeat":"repeat","background-position":"center center","background-size":"auto","background-attachment":"scroll","background-type":"","background-media":"","overlay-type":"","overlay-color":"","overlay-opacity":"","overlay-gradient":""},"mobile":{"background-color":"var(--ast-global-color-5)","background-image":"","background-repeat":"repeat","background-position":"center center","background-size":"auto","background-attachment":"scroll","background-type":"","background-media":"","overlay-type":"","overlay-color":"","overlay-opacity":"","overlay-gradient":""}},"_EventAllDay":false,"_EventTimezone":"","_EventStartDate":"","_EventEndDate":"","_EventStartDateUTC":"","_EventEndDateUTC":"","_EventShowMap":false,"_EventShowMapLink":false,"_EventURL":"","_EventCost":"","_EventCostDescription":"","_EventCurrencySymbol":"","_EventCurrencyCode":"","_EventCurrencyPosition":"","_EventDateTimeSeparator":"","_EventTimeRangeSeparator":"","_EventOrganizerID":[],"_EventVenueID":0,"_OrganizerEmail":"","_OrganizerPhone":"","_OrganizerWebsite":"","_VenueAddress":"","_VenueCity":"","_VenueCountry":"","_VenueProvince":"","_VenueZip":"","_VenuePhone":"","_VenueURL":"","_VenueStateProvince":"","_VenueLat":"","_VenueLng":"","footnotes":""},"class_list":["post-13110","page","type-page","status-publish","has-post-thumbnail","hentry"],"featured_image_src":"https:\/\/turismocoria.es\/turismo\/wp-content\/uploads\/2025\/03\/area-autocaravanas-coria-600x400.webp","featured_image_src_square":"https:\/\/turismocoria.es\/turismo\/wp-content\/uploads\/2025\/03\/area-autocaravanas-coria-600x564.webp","uagb_featured_image_src":{"full":["https:\/\/turismocoria.es\/turismo\/wp-content\/uploads\/2025\/03\/area-autocaravanas-coria.webp",1080,564,false],"thumbnail":["https:\/\/turismocoria.es\/turismo\/wp-content\/uploads\/2025\/03\/area-autocaravanas-coria-150x150.webp",150,150,true],"medium":["https:\/\/turismocoria.es\/turismo\/wp-content\/uploads\/2025\/03\/area-autocaravanas-coria-300x157.webp",300,157,true],"medium_large":["https:\/\/turismocoria.es\/turismo\/wp-content\/uploads\/2025\/03\/area-autocaravanas-coria-768x401.webp",768,401,true],"large":["https:\/\/turismocoria.es\/turismo\/wp-content\/uploads\/2025\/03\/area-autocaravanas-coria-1024x535.webp",1024,535,true],"gs-tiny":["https:\/\/turismocoria.es\/turismo\/wp-content\/uploads\/2025\/03\/area-autocaravanas-coria-50x26.webp",50,26,true],"xl":["https:\/\/turismocoria.es\/turismo\/wp-content\/uploads\/2025\/03\/area-autocaravanas-coria.webp",1080,564,false],"xxl":["https:\/\/turismocoria.es\/turismo\/wp-content\/uploads\/2025\/03\/area-autocaravanas-coria.webp",1080,564,false],"xxxl":["https:\/\/turismocoria.es\/turismo\/wp-content\/uploads\/2025\/03\/area-autocaravanas-coria.webp",1080,564,false],"xxxxl":["https:\/\/turismocoria.es\/turismo\/wp-content\/uploads\/2025\/03\/area-autocaravanas-coria.webp",1080,564,false],"xxxxxl":["https:\/\/turismocoria.es\/turismo\/wp-content\/uploads\/2025\/03\/area-autocaravanas-coria.webp",1080,564,false],"1536x1536":["https:\/\/turismocoria.es\/turismo\/wp-content\/uploads\/2025\/03\/area-autocaravanas-coria.webp",1080,564,false],"2048x2048":["https:\/\/turismocoria.es\/turismo\/wp-content\/uploads\/2025\/03\/area-autocaravanas-coria.webp",1080,564,false],"ultp_layout_landscape_large":["https:\/\/turismocoria.es\/turismo\/wp-content\/uploads\/2025\/03\/area-autocaravanas-coria.webp",1080,564,false],"ultp_layout_landscape":["https:\/\/turismocoria.es\/turismo\/wp-content\/uploads\/2025\/03\/area-autocaravanas-coria-870x564.webp",870,564,true],"ultp_layout_portrait":["https:\/\/turismocoria.es\/turismo\/wp-content\/uploads\/2025\/03\/area-autocaravanas-coria-600x564.webp",600,564,true],"ultp_layout_square":["https:\/\/turismocoria.es\/turismo\/wp-content\/uploads\/2025\/03\/area-autocaravanas-coria-600x564.webp",600,564,true],"gb-block-post-grid-landscape":["https:\/\/turismocoria.es\/turismo\/wp-content\/uploads\/2025\/03\/area-autocaravanas-coria-600x400.webp",600,400,true],"gb-block-post-grid-square":["https:\/\/turismocoria.es\/turismo\/wp-content\/uploads\/2025\/03\/area-autocaravanas-coria-600x564.webp",600,564,true]},"uagb_author_info":{"display_name":"adolfo","author_link":"https:\/\/turismocoria.es\/turismo\/author\/adolfo\/"},"uagb_comment_info":0,"uagb_excerpt":"Lugares donde poder descansar\u2026 \u00c1rea de estacionamiento para caravanas y autocaravanas El Ayuntamiento de Coria ha habilitado un \u00e1rea de estacionamiento para autocaravanas y caravanas, situado en el aparcamiento existente entre el Pabell\u00f3n Municipal de Deportes y la Comandancia de la Guardia Civil en la Calle Olimpiada. Estas dos plazas de aparcamiento est\u00e1n provistas con&hellip;","_links":{"self":[{"href":"https:\/\/turismocoria.es\/turismo\/wp-json\/wp\/v2\/pages\/13110"}],"collection":[{"href":"https:\/\/turismocoria.es\/turismo\/wp-json\/wp\/v2\/pages"}],"about":[{"href":"https:\/\/turismocoria.es\/turismo\/wp-json\/wp\/v2\/types\/page"}],"author":[{"embeddable":true,"href":"https:\/\/turismocoria.es\/turismo\/wp-json\/wp\/v2\/users\/3"}],"replies":[{"embeddable":true,"href":"https:\/\/turismocoria.es\/turismo\/wp-json\/wp\/v2\/comments?post=13110"}],"version-history":[{"count":5,"href":"https:\/\/turismocoria.es\/turismo\/wp-json\/wp\/v2\/pages\/13110\/revisions"}],"predecessor-version":[{"id":13131,"href":"https:\/\/turismocoria.es\/turismo\/wp-json\/wp\/v2\/pages\/13110\/revisions\/13131"}],"wp:featuredmedia":[{"embeddable":true,"href":"https:\/\/turismocoria.es\/turismo\/wp-json\/wp\/v2\/media\/13111"}],"wp:attachment":[{"href":"https:\/\/turismocoria.es\/turismo\/wp-json\/wp\/v2\/media?parent=13110"}],"curies":[{"name":"wp","href":"https:\/\/api.w.org\/{rel}","templated":true}]}}