{"id":42,"date":"2024-09-24T12:03:51","date_gmt":"2024-09-24T10:03:51","guid":{"rendered":"https:\/\/turismocoria.es\/cge2025\/?page_id=42"},"modified":"2024-12-23T10:49:50","modified_gmt":"2024-12-23T09:49:50","slug":"hosteleria","status":"publish","type":"page","link":"https:\/\/turismocoria.es\/cge2025\/hosteleria\/","title":{"rendered":"Hosteler\u00eda"},"content":{"rendered":"<div class=\"kb-row-layout-wrap kb-row-layout-id42_aadaab-d4 alignfull kt-row-has-bg wp-block-kadence-rowlayout\"><div class=\"kt-row-layout-overlay kt-row-overlay-normal\"><\/div><div class=\"kt-row-column-wrap kt-has-1-columns kt-row-layout-equal kt-tab-layout-inherit kt-mobile-layout-row kt-row-valign-top\">\n\n<div class=\"wp-block-kadence-column kadence-column42_dcb2ed-db inner-column-1\"><div class=\"kt-inside-inner-col\">\n<h2 class=\"kt-adv-heading42_26a7bd-75 wp-block-kadence-advancedheading has-theme-palette-3-color has-text-color\" data-kb-block=\"kb-adv-heading42_26a7bd-75\">Hosteler\u00eda en Coria <\/h2>\n\n\n\n<p class=\"kt-adv-heading42_15a16e-51 wp-block-kadence-advancedheading has-theme-palette-3-color has-text-color\" data-kb-block=\"kb-adv-heading42_15a16e-51\">En esta p\u00e1gina usted podr\u00e1 encontrar la informaci\u00f3n y los contactos b\u00e1sicos e imprescindibles de todos aquellos establecimientos hosteleros participantes independientemente de su calificaci\u00f3n y\/o categor\u00eda hostelera: restaurantes, mesones, cafeter\u00edas, bares, tabernas, etc., que han estado interesados en colaborar en esta estrategia tur\u00edstico-gastron\u00f3mica en cada una de las modalidades dise\u00f1adas, caso de la degustaci\u00f3n de platos a la carta y men\u00fas de fin de semana, pasando por raciones, cautivadoras gastroexperiencias y nuestras sugerentes rutas de tapas, con las que podr\u00e1 brindar a su paladar un sinf\u00edn de nuevas sensaciones adem\u00e1s de vivir y sentir momentos inolvidables.<\/p>\n<\/div><\/div>\n\n<\/div><\/div>\n\n\n<div class=\"wp-block-group has-global-padding is-layout-constrained wp-container-core-group-is-layout-12243e0f wp-block-group-is-layout-constrained\">\n<div class=\"wp-block-group has-global-padding is-layout-constrained wp-container-core-group-is-layout-12243e0f wp-block-group-is-layout-constrained\">\n<div class=\"wp-block-columns has-accent-3-background-color has-background is-layout-flex wp-container-core-columns-is-layout-91a1f531 wp-block-columns-is-layout-flex\" style=\"padding-top:var(--wp--preset--spacing--30);padding-bottom:var(--wp--preset--spacing--30)\">\n<div class=\"wp-block-column is-layout-flow wp-block-column-is-layout-flow\">\n<p class=\"has-base-background-color has-background\"><strong>HOTEL-RESTAURANTE SAN CRIST\u00d3BAL***<\/strong><br>Ctra. de Ciudad Rodrigo, Km 33<br>10800 Coria (C\u00e1ceres)<br>Tlfno.: 927 50 14 12<br>E-mail: <a href=\"mailto:info@hotelsancristobal.net\" target=\"_blank\" rel=\"noreferrer noopener\">info@hotelsancristobal.net<\/a><br>Url: <a href=\"https:\/\/www.hotelsancristobal.net\">https:\/\/www.hotelsancristobal.net<\/a><\/p>\n\n\n\n<p class=\"has-base-background-color has-background\"><strong>RESTAURANTE HUUMM<br><\/strong>Calle Yglesia, 1<br>10800 Coria (C\u00e1ceres)<br>Tlfnos.: 640 36 91 55<br>E-mail: <a href=\"mailto:info@huumm.rest\">info@huumm.rest<\/a><br>Url: <a href=\"https:\/\/www.huumm.rest\">https:\/\/www.huumm.rest<\/a><\/p>\n\n\n\n<p class=\"has-base-background-color has-background\"><strong>RESTAURANTE CAMPANA<\/strong><br>Plaza de San Pedro, 1<br>10800 Coria (C\u00e1ceres)<br>Tlfno.: 927 50 61 33<br>E-mail: <a href=\"mailto:reservas@restaurantecampana.com\">reservas@restaurantecampana.com<\/a><br>Url: <a href=\"https:\/\/www.restaurantecampana.com\" target=\"_blank\" rel=\"noreferrer noopener\">https:\/\/www.restaurantecampana.com<\/a><\/p>\n\n\n\n<p class=\"has-base-background-color has-background\"><strong>RESTAURANTE CASA MAXI<\/strong><br>Calle Cruz de Piedra, 1<br>10800 Coria (C\u00e1ceres)<br>Tlfno.: 666 87 07 90<br>E-mail: <a href=\"mailto:masagar_1986@hotmail.com\">masagar_1986@hotmail.com<\/a><br>Url:<\/p>\n\n\n\n<p class=\"has-base-background-color has-background\"><strong>RESTAURANTE SAN JUAN<\/strong><br>Calle Alcalde Francisco Lomo, 31<br>10800 Coria (C\u00e1ceres)<br>Tlfno.: 927 50 15 82<br>E-mail: <a href=\"mailto:elchollo_coria@hotmail.com\">elchollo_coria@hotmail.com<\/a><br>Url: <a href=\"https:\/\/www.restaurantesanjuancoria.com\">https:\/\/www.restaurantesanjuancoria.com<\/a><\/p>\n\n\n\n<p class=\"has-base-background-color has-background\"><strong>RESTAURANTE P\u00c9RCOR<\/strong><br>Ctra. de C\u00e1ceres, s\/n<br>10800 Coria (C\u00e1ceres)<br>Tlfno.: 927 50 32 64<br>E-mail: <a href=\"mailto:percorcoria@hotmail.com\">percorcoria@hotmail.com<\/a><br>Url: <a href=\"https:\/\/www.restaurantepercor.com\" target=\"_blank\" rel=\"noreferrer noopener\">https:\/\/www.restaurantepercor.com<\/a><\/p>\n\n\n\n<p class=\"has-base-background-color has-background\"><strong>TAPER\u00cdA LA POSADA<\/strong><br>Plaza del Mentidero, 1<br>10800 Coria (C\u00e1ceres)<br>Tlfno.: 607 57 44 16<br>E-mail: <a href=\"mailto:isamerino57@hotmail.com\">isamerino57@hotmail.com<\/a><br>Url:<\/p>\n\n\n\n<p class=\"has-base-background-color has-background\"><strong>CAF\u00c9-BAR LOS NUEVOS DEPORTES<\/strong><br>Avenida Virgen de Argeme, 9 \u2013 Bajo Izqda.<br>10800 Coria (C\u00e1ceres)<br>Tlfno.: 691 56 77 00<\/p>\n\n\n\n<p class=\"has-base-background-color has-background\"><strong>CAF\u00c9-BAR CANDILEJAS<\/strong><br>Avenida Virgen de Argeme, 41 \u2013 Bajo<br>10800 Coria (C\u00e1ceres)<br>Tlfno.: 657 39 33 61<br>E-mail: <a href=\"mailto:casacarrascocoria@gmail.com\">casacarrascocoria@gmail.com<\/a><\/p>\n<\/div>\n\n\n\n<div class=\"wp-block-column is-layout-flow wp-block-column-is-layout-flow\">\n<p class=\"has-base-background-color has-background\"><strong>HOTEL-<strong>RESTAURANTE <\/strong> MONTESOL**<\/strong><br>Ctra. Puente de Hierro, s\/n<br>10800 Coria (C\u00e1ceres)<br>Tlfno.: 927 50 10 49<br>E-mail: <a href=\"mailto:reservas@montesolcoria.com\">reservas@montesolcoria.com<\/a><br>Url: <a href=\"https:\/\/www.montesolcoria.com\">https:\/\/www.montesolcoria.com<\/a><\/p>\n\n\n\n<p class=\"has-base-background-color has-background\"><strong>RESTAURANTE PALACIO DUCAL DE ALBA<\/strong><br>Plazuela del Duque, 7<br>10800 Coria (C\u00e1ceres)<br>Tlfno.: 927 50 32 26<br>E-mail: <a href=\"mailto:info@palacioducaldealba.com\">info@palacioducaldealba.com<\/a><br>Url: <a href=\"https:\/\/www.palacioducaldealba.com\" target=\"_blank\" rel=\"noreferrer noopener\">https:\/\/www.palacioducaldealba.com<\/a><\/p>\n\n\n\n<p class=\"has-base-background-color has-background\"><strong>RESTAURANTE-MES\u00d3N EL BOBO DE CORIA<\/strong><br>Calle de las Monjas, 6<br>10800 Coria (C\u00e1ceres)<br>Tlfno.: 927 50 07 95<br>E-mail: <a href=\"mailto:restauranteelbobodecoria@gmail.com\">restauranteelbobodecoria@gmail.com<\/a><br>Url:<\/p>\n\n\n\n<p class=\"has-base-background-color has-background\"><strong>RESTAURANTE-CAFETER\u00cdA AL-KARIKA<\/strong><br>Calle Encierro, 8<br>10800 Coria (C\u00e1ceres)<br>Tlfnos.: 927 50 62 85<br>E-mail: <a href=\"mailto:alkarikakopas@gmail.com\">alkarikakopas@gmail.com<\/a><br>Url: <a href=\"https:\/\/www.extremaduradavida.com\" target=\"_blank\" rel=\"noreferrer noopener\">https:\/\/www.extremaduradavida.com<\/a><\/p>\n\n\n\n<p class=\"has-base-background-color has-background\"><strong>RESTAURANTE-CAFETER\u00cdA SABOREA LA PLAZA<\/strong><br>Plaza de la Paz, s\/n (MMAC)<br>10800 Coria (C\u00e1ceres)<br>Tlfno.: 927 29 60 39<br>E-mail: <a href=\"mailto:saborealaplaza@gmail.com\">saborealaplaza@gmail.com<\/a><br>Url: <a href=\"https:\/\/www.saborealaplaza.es\" target=\"_blank\" rel=\"noreferrer noopener\">https:\/\/www.saborealaplaza.es<\/a><\/p>\n\n\n\n<p class=\"has-base-background-color has-background\"><strong>GASTROBAR TRUCHA\u2019S<\/strong><br>Avenida Virgen de Argeme, 51 &#8211; Bajo<br>10800 Coria (C\u00e1ceres)<br>Tlfno.: 608 93 29 68<br>E-mail: <a href=\"mailto:truchadojulian@gmail.com\">truchadojulian@gmail.com<\/a><br>Url: <a href=\"https:\/\/www.gastrobartruchas.es\" target=\"_blank\" rel=\"noreferrer noopener\">https:\/\/www.gastrobartruchas.es<\/a><\/p>\n\n\n\n<p class=\"has-base-background-color has-background\"><strong>CAF\u00c9-BAR GRANA Y ORO<\/strong><br>Calle Almanzor, 13<br>10800 Coria (C\u00e1ceres)<br>Tlfno.: 617 04 96 16<\/p>\n\n\n\n<p class=\"has-base-background-color has-background\"><strong>CAF\u00c9-BAR GALE\u00d3N<\/strong><br>Avenida Virgen de Argeme, 13<br>10800 Coria (C\u00e1ceres)<br>Tlfno.: 620 57 34 54<\/p>\n<\/div>\n<\/div>\n<\/div>\n<\/div>\n","protected":false},"excerpt":{"rendered":"<p>Hosteler\u00eda en Coria En esta p\u00e1gina usted podr\u00e1 encontrar la informaci\u00f3n y los contactos b\u00e1sicos e imprescindibles de todos aquellos establecimientos hosteleros participantes independientemente de su calificaci\u00f3n y\/o categor\u00eda hostelera: restaurantes, mesones, cafeter\u00edas, bares, tabernas, etc., que han estado interesados en colaborar en esta estrategia tur\u00edstico-gastron\u00f3mica en cada una de las modalidades dise\u00f1adas, caso de [&hellip;]<\/p>\n","protected":false},"author":1,"featured_media":0,"parent":0,"menu_order":0,"comment_status":"closed","ping_status":"closed","template":"page-no-title","meta":{"_uag_custom_page_level_css":"","footnotes":""},"class_list":["post-42","page","type-page","status-publish","hentry"],"yoast_head":"<!-- This site is optimized with the Yoast SEO plugin v27.2 - https:\/\/yoast.com\/product\/yoast-seo-wordpress\/ -->\n<title>Hosteler\u00eda - Coria Ciudad Gastron\u00f3mica Extreme\u00f1a 2025<\/title>\n<meta name=\"description\" content=\"En esta p\u00e1gina usted podr\u00e1 encontrar la informaci\u00f3n y los contactos b\u00e1sicos e imprescindibles de todos aquellos establecimientos hosteleros participantes independientemente de su calificaci\u00f3n y\/o categor\u00eda hostelera: restaurantes, mesones, cafeter\u00edas, bares, tabernas, etc., que han estado interesados en colaborar en esta estrategia tur\u00edstico-gastron\u00f3mica en cada una de las modalidades dise\u00f1adas, caso de la degustaci\u00f3n de platos a la carta y men\u00fas de fin de semana, pasando por raciones, cautivadoras gastroexperiencias y nuestras sugerentes rutas de tapas, con las que podr\u00e1 brindar a su paladar un sinf\u00edn de nuevas sensaciones adem\u00e1s de vivir y sentir momentos inolvidables.\" \/>\n<meta name=\"robots\" content=\"index, follow, max-snippet:-1, max-image-preview:large, max-video-preview:-1\" \/>\n<link rel=\"canonical\" href=\"https:\/\/turismocoria.es\/cge2025\/hosteleria\/\" \/>\n<meta property=\"og:locale\" content=\"es_ES\" \/>\n<meta property=\"og:type\" content=\"article\" \/>\n<meta property=\"og:title\" content=\"Hosteler\u00eda en Coria\" \/>\n<meta property=\"og:description\" content=\"En esta p\u00e1gina usted podr\u00e1 encontrar la informaci\u00f3n y los contactos b\u00e1sicos e imprescindibles de todos aquellos establecimientos hosteleros participantes independientemente de su calificaci\u00f3n y\/o categor\u00eda hostelera: restaurantes, mesones, cafeter\u00edas, bares, tabernas, etc., que han estado interesados en colaborar en esta estrategia tur\u00edstico-gastron\u00f3mica en cada una de las modalidades dise\u00f1adas, caso de la degustaci\u00f3n de platos a la carta y men\u00fas de fin de semana, pasando por raciones, cautivadoras gastroexperiencias y nuestras sugerentes rutas de tapas, con las que podr\u00e1 brindar a su paladar un sinf\u00edn de nuevas sensaciones adem\u00e1s de vivir y sentir momentos inolvidables.\" \/>\n<meta property=\"og:url\" content=\"https:\/\/turismocoria.es\/cge2025\/hosteleria\/\" \/>\n<meta property=\"og:site_name\" content=\"Coria Ciudad Gastron\u00f3mica Extreme\u00f1a 2025\" \/>\n<meta property=\"article:modified_time\" content=\"2024-12-23T09:49:50+00:00\" \/>\n<meta property=\"og:image\" content=\"https:\/\/turismocoria.es\/cge2025\/wp-content\/uploads\/2024\/12\/restaurantes-coria.webp\" \/>\n\t<meta property=\"og:image:width\" content=\"2048\" \/>\n\t<meta property=\"og:image:height\" content=\"1367\" \/>\n\t<meta property=\"og:image:type\" content=\"image\/webp\" \/>\n<meta name=\"twitter:card\" content=\"summary_large_image\" \/>\n<meta name=\"twitter:title\" content=\"Hosteler\u00eda en Coria\" \/>\n<meta name=\"twitter:description\" content=\"En esta p\u00e1gina usted podr\u00e1 encontrar la informaci\u00f3n y los contactos b\u00e1sicos e imprescindibles de todos aquellos establecimientos hosteleros participantes independientemente de su calificaci\u00f3n y\/o categor\u00eda hostelera: restaurantes, mesones, cafeter\u00edas, bares, tabernas, etc., que han estado interesados en colaborar en esta estrategia tur\u00edstico-gastron\u00f3mica en cada una de las modalidades dise\u00f1adas, caso de la degustaci\u00f3n de platos a la carta y men\u00fas de fin de semana, pasando por raciones, cautivadoras gastroexperiencias y nuestras sugerentes rutas de tapas, con las que podr\u00e1 brindar a su paladar un sinf\u00edn de nuevas sensaciones adem\u00e1s de vivir y sentir momentos inolvidables.\" \/>\n<meta name=\"twitter:image\" content=\"https:\/\/turismocoria.es\/cge2025\/wp-content\/uploads\/2024\/12\/restaurantes-coria.webp\" \/>\n<meta name=\"twitter:label1\" content=\"Tiempo de lectura\" \/>\n\t<meta name=\"twitter:data1\" content=\"2 minutos\" \/>\n<script type=\"application\/ld+json\" class=\"yoast-schema-graph\">{\"@context\":\"https:\/\/schema.org\",\"@graph\":[{\"@type\":\"WebPage\",\"@id\":\"https:\/\/turismocoria.es\/cge2025\/hosteleria\/\",\"url\":\"https:\/\/turismocoria.es\/cge2025\/hosteleria\/\",\"name\":\"Hosteler\u00eda - Coria Ciudad Gastron\u00f3mica Extreme\u00f1a 2025\",\"isPartOf\":{\"@id\":\"https:\/\/turismocoria.es\/cge2025\/#website\"},\"datePublished\":\"2024-09-24T10:03:51+00:00\",\"dateModified\":\"2024-12-23T09:49:50+00:00\",\"description\":\"En esta p\u00e1gina usted podr\u00e1 encontrar la informaci\u00f3n y los contactos b\u00e1sicos e imprescindibles de todos aquellos establecimientos hosteleros participantes independientemente de su calificaci\u00f3n y\/o categor\u00eda hostelera: restaurantes, mesones, cafeter\u00edas, bares, tabernas, etc., que han estado interesados en colaborar en esta estrategia tur\u00edstico-gastron\u00f3mica en cada una de las modalidades dise\u00f1adas, caso de la degustaci\u00f3n de platos a la carta y men\u00fas de fin de semana, pasando por raciones, cautivadoras gastroexperiencias y nuestras sugerentes rutas de tapas, con las que podr\u00e1 brindar a su paladar un sinf\u00edn de nuevas sensaciones adem\u00e1s de vivir y sentir momentos inolvidables.\",\"breadcrumb\":{\"@id\":\"https:\/\/turismocoria.es\/cge2025\/hosteleria\/#breadcrumb\"},\"inLanguage\":\"es\",\"potentialAction\":[{\"@type\":\"ReadAction\",\"target\":[\"https:\/\/turismocoria.es\/cge2025\/hosteleria\/\"]}]},{\"@type\":\"BreadcrumbList\",\"@id\":\"https:\/\/turismocoria.es\/cge2025\/hosteleria\/#breadcrumb\",\"itemListElement\":[{\"@type\":\"ListItem\",\"position\":1,\"name\":\"Portada\",\"item\":\"https:\/\/turismocoria.es\/cge2025\/\"},{\"@type\":\"ListItem\",\"position\":2,\"name\":\"Hosteler\u00eda\"}]},{\"@type\":\"WebSite\",\"@id\":\"https:\/\/turismocoria.es\/cge2025\/#website\",\"url\":\"https:\/\/turismocoria.es\/cge2025\/\",\"name\":\"Coria Ciudad Gastron\u00f3mica Extreme\u00f1a 2025\",\"description\":\"\",\"publisher\":{\"@id\":\"https:\/\/turismocoria.es\/cge2025\/#organization\"},\"potentialAction\":[{\"@type\":\"SearchAction\",\"target\":{\"@type\":\"EntryPoint\",\"urlTemplate\":\"https:\/\/turismocoria.es\/cge2025\/?s={search_term_string}\"},\"query-input\":{\"@type\":\"PropertyValueSpecification\",\"valueRequired\":true,\"valueName\":\"search_term_string\"}}],\"inLanguage\":\"es\"},{\"@type\":\"Organization\",\"@id\":\"https:\/\/turismocoria.es\/cge2025\/#organization\",\"name\":\"Coria Ciudad Gastron\u00f3mica Extreme\u00f1a 2025\",\"url\":\"https:\/\/turismocoria.es\/cge2025\/\",\"logo\":{\"@type\":\"ImageObject\",\"inLanguage\":\"es\",\"@id\":\"https:\/\/turismocoria.es\/cge2025\/#\/schema\/logo\/image\/\",\"url\":\"https:\/\/turismocoria.es\/cge2025\/wp-content\/uploads\/2024\/09\/logo2-cge-2024.png\",\"contentUrl\":\"https:\/\/turismocoria.es\/cge2025\/wp-content\/uploads\/2024\/09\/logo2-cge-2024.png\",\"width\":880,\"height\":300,\"caption\":\"Coria Ciudad Gastron\u00f3mica  Extreme\u00f1a 2025\"},\"image\":{\"@id\":\"https:\/\/turismocoria.es\/cge2025\/#\/schema\/logo\/image\/\"}}]}<\/script>\n<!-- \/ Yoast SEO plugin. -->","yoast_head_json":{"title":"Hosteler\u00eda - Coria Ciudad Gastron\u00f3mica Extreme\u00f1a 2025","description":"En esta p\u00e1gina usted podr\u00e1 encontrar la informaci\u00f3n y los contactos b\u00e1sicos e imprescindibles de todos aquellos establecimientos hosteleros participantes independientemente de su calificaci\u00f3n y\/o categor\u00eda hostelera: restaurantes, mesones, cafeter\u00edas, bares, tabernas, etc., que han estado interesados en colaborar en esta estrategia tur\u00edstico-gastron\u00f3mica en cada una de las modalidades dise\u00f1adas, caso de la degustaci\u00f3n de platos a la carta y men\u00fas de fin de semana, pasando por raciones, cautivadoras gastroexperiencias y nuestras sugerentes rutas de tapas, con las que podr\u00e1 brindar a su paladar un sinf\u00edn de nuevas sensaciones adem\u00e1s de vivir y sentir momentos inolvidables.","robots":{"index":"index","follow":"follow","max-snippet":"max-snippet:-1","max-image-preview":"max-image-preview:large","max-video-preview":"max-video-preview:-1"},"canonical":"https:\/\/turismocoria.es\/cge2025\/hosteleria\/","og_locale":"es_ES","og_type":"article","og_title":"Hosteler\u00eda en Coria","og_description":"En esta p\u00e1gina usted podr\u00e1 encontrar la informaci\u00f3n y los contactos b\u00e1sicos e imprescindibles de todos aquellos establecimientos hosteleros participantes independientemente de su calificaci\u00f3n y\/o categor\u00eda hostelera: restaurantes, mesones, cafeter\u00edas, bares, tabernas, etc., que han estado interesados en colaborar en esta estrategia tur\u00edstico-gastron\u00f3mica en cada una de las modalidades dise\u00f1adas, caso de la degustaci\u00f3n de platos a la carta y men\u00fas de fin de semana, pasando por raciones, cautivadoras gastroexperiencias y nuestras sugerentes rutas de tapas, con las que podr\u00e1 brindar a su paladar un sinf\u00edn de nuevas sensaciones adem\u00e1s de vivir y sentir momentos inolvidables.","og_url":"https:\/\/turismocoria.es\/cge2025\/hosteleria\/","og_site_name":"Coria Ciudad Gastron\u00f3mica Extreme\u00f1a 2025","article_modified_time":"2024-12-23T09:49:50+00:00","og_image":[{"width":2048,"height":1367,"url":"https:\/\/turismocoria.es\/cge2025\/wp-content\/uploads\/2024\/12\/restaurantes-coria.webp","type":"image\/webp"}],"twitter_card":"summary_large_image","twitter_title":"Hosteler\u00eda en Coria","twitter_description":"En esta p\u00e1gina usted podr\u00e1 encontrar la informaci\u00f3n y los contactos b\u00e1sicos e imprescindibles de todos aquellos establecimientos hosteleros participantes independientemente de su calificaci\u00f3n y\/o categor\u00eda hostelera: restaurantes, mesones, cafeter\u00edas, bares, tabernas, etc., que han estado interesados en colaborar en esta estrategia tur\u00edstico-gastron\u00f3mica en cada una de las modalidades dise\u00f1adas, caso de la degustaci\u00f3n de platos a la carta y men\u00fas de fin de semana, pasando por raciones, cautivadoras gastroexperiencias y nuestras sugerentes rutas de tapas, con las que podr\u00e1 brindar a su paladar un sinf\u00edn de nuevas sensaciones adem\u00e1s de vivir y sentir momentos inolvidables.","twitter_image":"https:\/\/turismocoria.es\/cge2025\/wp-content\/uploads\/2024\/12\/restaurantes-coria.webp","twitter_misc":{"Tiempo de lectura":"2 minutos"},"schema":{"@context":"https:\/\/schema.org","@graph":[{"@type":"WebPage","@id":"https:\/\/turismocoria.es\/cge2025\/hosteleria\/","url":"https:\/\/turismocoria.es\/cge2025\/hosteleria\/","name":"Hosteler\u00eda - Coria Ciudad Gastron\u00f3mica Extreme\u00f1a 2025","isPartOf":{"@id":"https:\/\/turismocoria.es\/cge2025\/#website"},"datePublished":"2024-09-24T10:03:51+00:00","dateModified":"2024-12-23T09:49:50+00:00","description":"En esta p\u00e1gina usted podr\u00e1 encontrar la informaci\u00f3n y los contactos b\u00e1sicos e imprescindibles de todos aquellos establecimientos hosteleros participantes independientemente de su calificaci\u00f3n y\/o categor\u00eda hostelera: restaurantes, mesones, cafeter\u00edas, bares, tabernas, etc., que han estado interesados en colaborar en esta estrategia tur\u00edstico-gastron\u00f3mica en cada una de las modalidades dise\u00f1adas, caso de la degustaci\u00f3n de platos a la carta y men\u00fas de fin de semana, pasando por raciones, cautivadoras gastroexperiencias y nuestras sugerentes rutas de tapas, con las que podr\u00e1 brindar a su paladar un sinf\u00edn de nuevas sensaciones adem\u00e1s de vivir y sentir momentos inolvidables.","breadcrumb":{"@id":"https:\/\/turismocoria.es\/cge2025\/hosteleria\/#breadcrumb"},"inLanguage":"es","potentialAction":[{"@type":"ReadAction","target":["https:\/\/turismocoria.es\/cge2025\/hosteleria\/"]}]},{"@type":"BreadcrumbList","@id":"https:\/\/turismocoria.es\/cge2025\/hosteleria\/#breadcrumb","itemListElement":[{"@type":"ListItem","position":1,"name":"Portada","item":"https:\/\/turismocoria.es\/cge2025\/"},{"@type":"ListItem","position":2,"name":"Hosteler\u00eda"}]},{"@type":"WebSite","@id":"https:\/\/turismocoria.es\/cge2025\/#website","url":"https:\/\/turismocoria.es\/cge2025\/","name":"Coria Ciudad Gastron\u00f3mica Extreme\u00f1a 2025","description":"","publisher":{"@id":"https:\/\/turismocoria.es\/cge2025\/#organization"},"potentialAction":[{"@type":"SearchAction","target":{"@type":"EntryPoint","urlTemplate":"https:\/\/turismocoria.es\/cge2025\/?s={search_term_string}"},"query-input":{"@type":"PropertyValueSpecification","valueRequired":true,"valueName":"search_term_string"}}],"inLanguage":"es"},{"@type":"Organization","@id":"https:\/\/turismocoria.es\/cge2025\/#organization","name":"Coria Ciudad Gastron\u00f3mica Extreme\u00f1a 2025","url":"https:\/\/turismocoria.es\/cge2025\/","logo":{"@type":"ImageObject","inLanguage":"es","@id":"https:\/\/turismocoria.es\/cge2025\/#\/schema\/logo\/image\/","url":"https:\/\/turismocoria.es\/cge2025\/wp-content\/uploads\/2024\/09\/logo2-cge-2024.png","contentUrl":"https:\/\/turismocoria.es\/cge2025\/wp-content\/uploads\/2024\/09\/logo2-cge-2024.png","width":880,"height":300,"caption":"Coria Ciudad Gastron\u00f3mica  Extreme\u00f1a 2025"},"image":{"@id":"https:\/\/turismocoria.es\/cge2025\/#\/schema\/logo\/image\/"}}]}},"uagb_featured_image_src":{"full":false,"thumbnail":false,"medium":false,"medium_large":false,"large":false,"thumblist":false,"thumbrelated":false,"meccarouselthumb":false,"gridsquare":false,"tileview":false,"1536x1536":false,"2048x2048":false},"uagb_author_info":{"display_name":"admingascge","author_link":"https:\/\/turismocoria.es\/cge2025\/author\/admingascge\/"},"uagb_comment_info":0,"uagb_excerpt":"Hosteler\u00eda en Coria En esta p\u00e1gina usted podr\u00e1 encontrar la informaci\u00f3n y los contactos b\u00e1sicos e imprescindibles de todos aquellos establecimientos hosteleros participantes independientemente de su calificaci\u00f3n y\/o categor\u00eda hostelera: restaurantes, mesones, cafeter\u00edas, bares, tabernas, etc., que han estado interesados en colaborar en esta estrategia tur\u00edstico-gastron\u00f3mica en cada una de las modalidades dise\u00f1adas, caso de&hellip;","_links":{"self":[{"href":"https:\/\/turismocoria.es\/cge2025\/wp-json\/wp\/v2\/pages\/42","targetHints":{"allow":["GET"]}}],"collection":[{"href":"https:\/\/turismocoria.es\/cge2025\/wp-json\/wp\/v2\/pages"}],"about":[{"href":"https:\/\/turismocoria.es\/cge2025\/wp-json\/wp\/v2\/types\/page"}],"author":[{"embeddable":true,"href":"https:\/\/turismocoria.es\/cge2025\/wp-json\/wp\/v2\/users\/1"}],"replies":[{"embeddable":true,"href":"https:\/\/turismocoria.es\/cge2025\/wp-json\/wp\/v2\/comments?post=42"}],"version-history":[{"count":35,"href":"https:\/\/turismocoria.es\/cge2025\/wp-json\/wp\/v2\/pages\/42\/revisions"}],"predecessor-version":[{"id":359,"href":"https:\/\/turismocoria.es\/cge2025\/wp-json\/wp\/v2\/pages\/42\/revisions\/359"}],"wp:attachment":[{"href":"https:\/\/turismocoria.es\/cge2025\/wp-json\/wp\/v2\/media?parent=42"}],"curies":[{"name":"wp","href":"https:\/\/api.w.org\/{rel}","templated":true}]}}