{"id":38,"date":"2024-09-24T12:00:59","date_gmt":"2024-09-24T10:00:59","guid":{"rendered":"https:\/\/turismocoria.es\/cge2025\/?page_id=38"},"modified":"2024-12-23T10:44:17","modified_gmt":"2024-12-23T09:44:17","slug":"alojamientos","status":"publish","type":"page","link":"https:\/\/turismocoria.es\/cge2025\/alojamientos\/","title":{"rendered":"Alojamientos"},"content":{"rendered":"<div class=\"kb-row-layout-wrap kb-row-layout-id38_9c0a9a-68 alignfull kt-row-has-bg wp-block-kadence-rowlayout\"><div class=\"kt-row-layout-overlay kt-row-overlay-normal\"><\/div><div class=\"kt-row-column-wrap kt-has-1-columns kt-row-layout-equal kt-tab-layout-inherit kt-mobile-layout-row kt-row-valign-top\">\n\n<div class=\"wp-block-kadence-column kadence-column38_d6e7e8-01 inner-column-1\"><div class=\"kt-inside-inner-col\">\n<h2 class=\"kt-adv-heading38_a773b4-f4 wp-block-kadence-advancedheading has-theme-palette-3-color has-text-color\" data-kb-block=\"kb-adv-heading38_a773b4-f4\">Alojamientos en Coria <\/h2>\n\n\n\n<p class=\"kt-adv-heading38_5c5694-09 wp-block-kadence-advancedheading has-theme-palette-3-color has-text-color\" data-kb-block=\"kb-adv-heading38_5c5694-09\">En esta p\u00e1gina usted podr\u00e1 encontrar la informaci\u00f3n y los contactos b\u00e1sicos e imprescindibles de todos aquellos alojamientos hoteleros y tur\u00edsticos ubicados en la hist\u00f3rica Ciudad de Coria.<\/p>\n<\/div><\/div>\n\n<\/div><\/div>\n\n\n<div class=\"wp-block-group is-layout-flow wp-container-core-group-is-layout-801a2c3e wp-block-group-is-layout-flow\" style=\"margin-top:var(--wp--preset--spacing--30);margin-bottom:var(--wp--preset--spacing--30);padding-top:0;padding-right:0;padding-bottom:0;padding-left:0\">\n<div class=\"wp-block-group is-layout-flow wp-block-group-is-layout-flow\">\n<div class=\"wp-block-columns has-accent-2-background-color has-background is-layout-flex wp-container-core-columns-is-layout-91a1f531 wp-block-columns-is-layout-flex\" style=\"padding-top:var(--wp--preset--spacing--30);padding-bottom:var(--wp--preset--spacing--30)\">\n<div class=\"wp-block-column is-layout-flow wp-block-column-is-layout-flow\">\n<p class=\"has-base-background-color has-background\"><strong>HOTEL SAN CRIST\u00d3BAL***<\/strong><br>Ctra. de Ciudad Rodrigo, Km 33<br>10800 Coria (C\u00e1ceres)<br>Tlfno.: 927 50 14 12<br>E-mail: <a href=\"mailto:info@hotelsancristobal.net\" target=\"_blank\" rel=\"noreferrer noopener\">info@hotelsancristobal.net<\/a><br>Url: <a href=\"https:\/\/www.hotelsancristobal.net\">https:\/\/www.hotelsancristobal.net<\/a><\/p>\n\n\n\n<p class=\"has-base-background-color has-background\"><strong>HOTEL AHC PALACIO CORIA****<\/strong><br>Plaza de la Catedral, 1<br>10800 Coria (C\u00e1ceres)<br>Tlf.: 927 99 53 83<br>E-mail: <a href=\"mailto:reservascoria@ahchoteles.com\">reservascoria@ahchoteles.com<\/a><br>Url: <a href=\"https:\/\/www.ahchoteles.com\" target=\"_blank\" rel=\"noreferrer noopener\">https:\/\/www.ahchoteles.com<\/a><\/p>\n\n\n\n<p class=\"has-base-background-color has-background\"><strong>HOTEL MONTESOL**<\/strong><br>Ctra. Puente de Hierro, s\/n<br>10800 Coria (C\u00e1ceres)<br>Tlfno.: 927 50 10 49<br>E-mail: <a href=\"mailto:reservas@montesolcoria.com\">reservas@montesolcoria.com<\/a><br>Url: <a href=\"https:\/\/www.montesolcoria.com\">https:\/\/www.montesolcoria.com<\/a><\/p>\n\n\n\n<p class=\"has-base-background-color has-background\"><strong>HOTEL LOS KEKES*<\/strong><br>Avda. Sierra de Gata, 49<br>10800 Coria (C\u00e1ceres)<br>Tlfno.: 686 65 68 18<br>E-mail: <a href=\"mailto:reservas@hotelloskekes.es\">reservas@hotelloskekes.es<\/a><br>Url: <a href=\"https:\/\/www.hotelloskekes.es\" target=\"_blank\" rel=\"noreferrer noopener\">https:\/\/www.hotelloskekes.es<\/a><\/p>\n\n\n\n<p class=\"has-base-background-color has-background\"><strong>HOSTAL EL CASERO<\/strong><br>Calle Guijo, 32<br>10800 Coria (C\u00e1ceres)<br>Tlfno.: 927 50 02 45<br>E-mail:<br>Url: <a href=\"https:\/\/www.hotelrestauranteelcasero.es\" target=\"_blank\" rel=\"noreferrer noopener\">https:\/\/www.hotelrestauranteelcasero.es<\/a><\/p>\n<\/div>\n\n\n\n<div class=\"wp-block-column is-layout-flow wp-block-column-is-layout-flow\">\n<p class=\"has-base-background-color has-background\"><strong>APARTAMENTOS TUR\u00cdSTICOS LA POSADA<\/strong><br>Calle Encierro, 14<br>10800 Coria (C\u00e1ceres)<br>Tlfno.: 682 67 85 25<br>E-mail: <strong>reservas@apartamentoslaposada.es<\/strong><br>Url: <a href=\"https:\/\/www.apartamentoslaposada.es\">https:\/\/www.apartamentoslaposada.es<\/a><\/p>\n\n\n\n<p class=\"has-base-background-color has-background\"><strong>APARTAMENTO TUR\u00cdSTICO EL MENTIDERO<\/strong><br>Plaza del Mentidero, 3<br>10800 Coria (C\u00e1ceres)<br>Tlfno.: 695 80 96 56<br>E-mail: <a href=\"mailto:turismoelmentidero@gmail.com\">turismoelmentidero@gmail.com<\/a><br>Url: <a href=\"https:\/\/www.booking.com\/hotel\/es\/el-mentidero.es\" target=\"_blank\" rel=\"noreferrer noopener\">https:\/\/www.booking.com\/hotel\/es\/el-mentidero.es<\/a><\/p>\n\n\n\n<p class=\"has-base-background-color has-background\"><strong>APARTAMENTO TUR\u00cdSTICO ALOJAMIENTOS CORIA<\/strong><br>Avda. de Extremadura, 20<br>10800 Coria (C\u00e1ceres)<br>Tlfno.: 663 65 84 51<br>E-mail: <a href=\"mailto:info@alojamientocoria.es\">info@alojamientocoria.es<\/a><br>Url: <a href=\"https:\/\/www.alojamientocoria.es\" target=\"_blank\" rel=\"noreferrer noopener\">https:\/\/www.alojamientocoria.es<\/a><\/p>\n\n\n\n<p class=\"has-base-background-color has-background\"><strong>APARTAMENTO TUR\u00cdSTICO ROTONDA DEL MINOTAURO<\/strong><br>Calle Silverio S\u00e1nchez, 2<br>10800 Coria (C\u00e1ceres)<br>Tlfno.: 696 78 04 86<br>Email: <a href=\"mailto:rotondadelminotauroat@gmail.com\">rotondadelminotauroat@gmail.com<\/a><br>Url: <a href=\"https:\/\/www.booking.com\/hotel\/es\/rotonda-del-minotauro.es\" target=\"_blank\" rel=\"noreferrer noopener\">https:\/\/www.booking.com\/hotel\/es\/rotonda-del-minotauro.es<\/a><\/p>\n\n\n\n<p class=\"has-base-background-color has-background\"><strong>CASA RURAL KETUT****<\/strong><br>Calle Hospital, s\/n (Finca La Mohecilla)<br>10800 Coria (C\u00e1ceres)<br>Tlfno.: 682 30 07 03<br>E-mail: <a href=\"mailto:info@casaketut.com\">info@casaketut.com<\/a><br>Url: <a href=\"https:\/\/www.casaketut.com\" target=\"_blank\" rel=\"noreferrer noopener\">https:\/\/www.casaketut.com<\/a><\/p>\n<\/div>\n<\/div>\n<\/div>\n<\/div>\n","protected":false},"excerpt":{"rendered":"<p>Alojamientos en Coria En esta p\u00e1gina usted podr\u00e1 encontrar la informaci\u00f3n y los contactos b\u00e1sicos e imprescindibles de todos aquellos alojamientos hoteleros y tur\u00edsticos ubicados en la hist\u00f3rica Ciudad de Coria. HOTEL SAN CRIST\u00d3BAL***Ctra. de Ciudad Rodrigo, Km 3310800 Coria (C\u00e1ceres)Tlfno.: 927 50 14 12E-mail: info@hotelsancristobal.netUrl: https:\/\/www.hotelsancristobal.net HOTEL AHC PALACIO CORIA****Plaza de la Catedral, 110800 [&hellip;]<\/p>\n","protected":false},"author":1,"featured_media":0,"parent":0,"menu_order":0,"comment_status":"closed","ping_status":"closed","template":"page-no-title","meta":{"_uag_custom_page_level_css":"","footnotes":""},"class_list":["post-38","page","type-page","status-publish","hentry"],"yoast_head":"<!-- This site is optimized with the Yoast SEO plugin v27.2 - https:\/\/yoast.com\/product\/yoast-seo-wordpress\/ -->\n<title>Alojamientos - Coria Ciudad Gastron\u00f3mica Extreme\u00f1a 2025<\/title>\n<meta name=\"description\" content=\"En esta p\u00e1gina usted podr\u00e1 encontrar la informaci\u00f3n y los contactos b\u00e1sicos e imprescindibles de todos aquellos alojamientos hoteleros y tur\u00edsticos ubicados en la hist\u00f3rica Ciudad de Coria.\" \/>\n<meta name=\"robots\" content=\"index, follow, max-snippet:-1, max-image-preview:large, max-video-preview:-1\" \/>\n<link rel=\"canonical\" href=\"https:\/\/turismocoria.es\/cge2025\/alojamientos\/\" \/>\n<meta property=\"og:locale\" content=\"es_ES\" \/>\n<meta property=\"og:type\" content=\"article\" \/>\n<meta property=\"og:title\" content=\"Alojamientos en Coria\" \/>\n<meta property=\"og:description\" content=\"En esta p\u00e1gina usted podr\u00e1 encontrar la informaci\u00f3n y los contactos b\u00e1sicos e imprescindibles de todos aquellos alojamientos hoteleros y tur\u00edsticos ubicados en la hist\u00f3rica Ciudad de Coria.\" \/>\n<meta property=\"og:url\" content=\"https:\/\/turismocoria.es\/cge2025\/alojamientos\/\" \/>\n<meta property=\"og:site_name\" content=\"Coria Ciudad Gastron\u00f3mica Extreme\u00f1a 2025\" \/>\n<meta property=\"article:modified_time\" content=\"2024-12-23T09:44:17+00:00\" \/>\n<meta property=\"og:image\" content=\"https:\/\/turismocoria.es\/cge2025\/wp-content\/uploads\/2024\/12\/apartamento-coria.webp\" \/>\n\t<meta property=\"og:image:width\" content=\"1512\" \/>\n\t<meta property=\"og:image:height\" content=\"1006\" \/>\n\t<meta property=\"og:image:type\" content=\"image\/webp\" \/>\n<meta name=\"twitter:card\" content=\"summary_large_image\" \/>\n<meta name=\"twitter:title\" content=\"Alojamientos en Coria\" \/>\n<meta name=\"twitter:description\" content=\"En esta p\u00e1gina usted podr\u00e1 encontrar la informaci\u00f3n y los contactos b\u00e1sicos e imprescindibles de todos aquellos alojamientos hoteleros y tur\u00edsticos ubicados en la hist\u00f3rica Ciudad de Coria.\" \/>\n<meta name=\"twitter:image\" content=\"https:\/\/turismocoria.es\/cge2025\/wp-content\/uploads\/2024\/12\/apartamento-coria.webp\" \/>\n<meta name=\"twitter:label1\" content=\"Tiempo de lectura\" \/>\n\t<meta name=\"twitter:data1\" content=\"2 minutos\" \/>\n<script type=\"application\/ld+json\" class=\"yoast-schema-graph\">{\"@context\":\"https:\/\/schema.org\",\"@graph\":[{\"@type\":\"WebPage\",\"@id\":\"https:\/\/turismocoria.es\/cge2025\/alojamientos\/\",\"url\":\"https:\/\/turismocoria.es\/cge2025\/alojamientos\/\",\"name\":\"Alojamientos - Coria Ciudad Gastron\u00f3mica Extreme\u00f1a 2025\",\"isPartOf\":{\"@id\":\"https:\/\/turismocoria.es\/cge2025\/#website\"},\"datePublished\":\"2024-09-24T10:00:59+00:00\",\"dateModified\":\"2024-12-23T09:44:17+00:00\",\"description\":\"En esta p\u00e1gina usted podr\u00e1 encontrar la informaci\u00f3n y los contactos b\u00e1sicos e imprescindibles de todos aquellos alojamientos hoteleros y tur\u00edsticos ubicados en la hist\u00f3rica Ciudad de Coria.\",\"breadcrumb\":{\"@id\":\"https:\/\/turismocoria.es\/cge2025\/alojamientos\/#breadcrumb\"},\"inLanguage\":\"es\",\"potentialAction\":[{\"@type\":\"ReadAction\",\"target\":[\"https:\/\/turismocoria.es\/cge2025\/alojamientos\/\"]}]},{\"@type\":\"BreadcrumbList\",\"@id\":\"https:\/\/turismocoria.es\/cge2025\/alojamientos\/#breadcrumb\",\"itemListElement\":[{\"@type\":\"ListItem\",\"position\":1,\"name\":\"Portada\",\"item\":\"https:\/\/turismocoria.es\/cge2025\/\"},{\"@type\":\"ListItem\",\"position\":2,\"name\":\"Alojamientos\"}]},{\"@type\":\"WebSite\",\"@id\":\"https:\/\/turismocoria.es\/cge2025\/#website\",\"url\":\"https:\/\/turismocoria.es\/cge2025\/\",\"name\":\"Coria Ciudad Gastron\u00f3mica Extreme\u00f1a 2025\",\"description\":\"\",\"publisher\":{\"@id\":\"https:\/\/turismocoria.es\/cge2025\/#organization\"},\"potentialAction\":[{\"@type\":\"SearchAction\",\"target\":{\"@type\":\"EntryPoint\",\"urlTemplate\":\"https:\/\/turismocoria.es\/cge2025\/?s={search_term_string}\"},\"query-input\":{\"@type\":\"PropertyValueSpecification\",\"valueRequired\":true,\"valueName\":\"search_term_string\"}}],\"inLanguage\":\"es\"},{\"@type\":\"Organization\",\"@id\":\"https:\/\/turismocoria.es\/cge2025\/#organization\",\"name\":\"Coria Ciudad Gastron\u00f3mica Extreme\u00f1a 2025\",\"url\":\"https:\/\/turismocoria.es\/cge2025\/\",\"logo\":{\"@type\":\"ImageObject\",\"inLanguage\":\"es\",\"@id\":\"https:\/\/turismocoria.es\/cge2025\/#\/schema\/logo\/image\/\",\"url\":\"https:\/\/turismocoria.es\/cge2025\/wp-content\/uploads\/2024\/09\/logo2-cge-2024.png\",\"contentUrl\":\"https:\/\/turismocoria.es\/cge2025\/wp-content\/uploads\/2024\/09\/logo2-cge-2024.png\",\"width\":880,\"height\":300,\"caption\":\"Coria Ciudad Gastron\u00f3mica  Extreme\u00f1a 2025\"},\"image\":{\"@id\":\"https:\/\/turismocoria.es\/cge2025\/#\/schema\/logo\/image\/\"}}]}<\/script>\n<!-- \/ Yoast SEO plugin. -->","yoast_head_json":{"title":"Alojamientos - Coria Ciudad Gastron\u00f3mica Extreme\u00f1a 2025","description":"En esta p\u00e1gina usted podr\u00e1 encontrar la informaci\u00f3n y los contactos b\u00e1sicos e imprescindibles de todos aquellos alojamientos hoteleros y tur\u00edsticos ubicados en la hist\u00f3rica Ciudad de Coria.","robots":{"index":"index","follow":"follow","max-snippet":"max-snippet:-1","max-image-preview":"max-image-preview:large","max-video-preview":"max-video-preview:-1"},"canonical":"https:\/\/turismocoria.es\/cge2025\/alojamientos\/","og_locale":"es_ES","og_type":"article","og_title":"Alojamientos en Coria","og_description":"En esta p\u00e1gina usted podr\u00e1 encontrar la informaci\u00f3n y los contactos b\u00e1sicos e imprescindibles de todos aquellos alojamientos hoteleros y tur\u00edsticos ubicados en la hist\u00f3rica Ciudad de Coria.","og_url":"https:\/\/turismocoria.es\/cge2025\/alojamientos\/","og_site_name":"Coria Ciudad Gastron\u00f3mica Extreme\u00f1a 2025","article_modified_time":"2024-12-23T09:44:17+00:00","og_image":[{"width":1512,"height":1006,"url":"https:\/\/turismocoria.es\/cge2025\/wp-content\/uploads\/2024\/12\/apartamento-coria.webp","type":"image\/webp"}],"twitter_card":"summary_large_image","twitter_title":"Alojamientos en Coria","twitter_description":"En esta p\u00e1gina usted podr\u00e1 encontrar la informaci\u00f3n y los contactos b\u00e1sicos e imprescindibles de todos aquellos alojamientos hoteleros y tur\u00edsticos ubicados en la hist\u00f3rica Ciudad de Coria.","twitter_image":"https:\/\/turismocoria.es\/cge2025\/wp-content\/uploads\/2024\/12\/apartamento-coria.webp","twitter_misc":{"Tiempo de lectura":"2 minutos"},"schema":{"@context":"https:\/\/schema.org","@graph":[{"@type":"WebPage","@id":"https:\/\/turismocoria.es\/cge2025\/alojamientos\/","url":"https:\/\/turismocoria.es\/cge2025\/alojamientos\/","name":"Alojamientos - Coria Ciudad Gastron\u00f3mica Extreme\u00f1a 2025","isPartOf":{"@id":"https:\/\/turismocoria.es\/cge2025\/#website"},"datePublished":"2024-09-24T10:00:59+00:00","dateModified":"2024-12-23T09:44:17+00:00","description":"En esta p\u00e1gina usted podr\u00e1 encontrar la informaci\u00f3n y los contactos b\u00e1sicos e imprescindibles de todos aquellos alojamientos hoteleros y tur\u00edsticos ubicados en la hist\u00f3rica Ciudad de Coria.","breadcrumb":{"@id":"https:\/\/turismocoria.es\/cge2025\/alojamientos\/#breadcrumb"},"inLanguage":"es","potentialAction":[{"@type":"ReadAction","target":["https:\/\/turismocoria.es\/cge2025\/alojamientos\/"]}]},{"@type":"BreadcrumbList","@id":"https:\/\/turismocoria.es\/cge2025\/alojamientos\/#breadcrumb","itemListElement":[{"@type":"ListItem","position":1,"name":"Portada","item":"https:\/\/turismocoria.es\/cge2025\/"},{"@type":"ListItem","position":2,"name":"Alojamientos"}]},{"@type":"WebSite","@id":"https:\/\/turismocoria.es\/cge2025\/#website","url":"https:\/\/turismocoria.es\/cge2025\/","name":"Coria Ciudad Gastron\u00f3mica Extreme\u00f1a 2025","description":"","publisher":{"@id":"https:\/\/turismocoria.es\/cge2025\/#organization"},"potentialAction":[{"@type":"SearchAction","target":{"@type":"EntryPoint","urlTemplate":"https:\/\/turismocoria.es\/cge2025\/?s={search_term_string}"},"query-input":{"@type":"PropertyValueSpecification","valueRequired":true,"valueName":"search_term_string"}}],"inLanguage":"es"},{"@type":"Organization","@id":"https:\/\/turismocoria.es\/cge2025\/#organization","name":"Coria Ciudad Gastron\u00f3mica Extreme\u00f1a 2025","url":"https:\/\/turismocoria.es\/cge2025\/","logo":{"@type":"ImageObject","inLanguage":"es","@id":"https:\/\/turismocoria.es\/cge2025\/#\/schema\/logo\/image\/","url":"https:\/\/turismocoria.es\/cge2025\/wp-content\/uploads\/2024\/09\/logo2-cge-2024.png","contentUrl":"https:\/\/turismocoria.es\/cge2025\/wp-content\/uploads\/2024\/09\/logo2-cge-2024.png","width":880,"height":300,"caption":"Coria Ciudad Gastron\u00f3mica  Extreme\u00f1a 2025"},"image":{"@id":"https:\/\/turismocoria.es\/cge2025\/#\/schema\/logo\/image\/"}}]}},"uagb_featured_image_src":{"full":false,"thumbnail":false,"medium":false,"medium_large":false,"large":false,"thumblist":false,"thumbrelated":false,"meccarouselthumb":false,"gridsquare":false,"tileview":false,"1536x1536":false,"2048x2048":false},"uagb_author_info":{"display_name":"admingascge","author_link":"https:\/\/turismocoria.es\/cge2025\/author\/admingascge\/"},"uagb_comment_info":0,"uagb_excerpt":"Alojamientos en Coria En esta p\u00e1gina usted podr\u00e1 encontrar la informaci\u00f3n y los contactos b\u00e1sicos e imprescindibles de todos aquellos alojamientos hoteleros y tur\u00edsticos ubicados en la hist\u00f3rica Ciudad de Coria. HOTEL SAN CRIST\u00d3BAL***Ctra. de Ciudad Rodrigo, Km 3310800 Coria (C\u00e1ceres)Tlfno.: 927 50 14 12E-mail: info@hotelsancristobal.netUrl: https:\/\/www.hotelsancristobal.net HOTEL AHC PALACIO CORIA****Plaza de la Catedral, 110800&hellip;","_links":{"self":[{"href":"https:\/\/turismocoria.es\/cge2025\/wp-json\/wp\/v2\/pages\/38","targetHints":{"allow":["GET"]}}],"collection":[{"href":"https:\/\/turismocoria.es\/cge2025\/wp-json\/wp\/v2\/pages"}],"about":[{"href":"https:\/\/turismocoria.es\/cge2025\/wp-json\/wp\/v2\/types\/page"}],"author":[{"embeddable":true,"href":"https:\/\/turismocoria.es\/cge2025\/wp-json\/wp\/v2\/users\/1"}],"replies":[{"embeddable":true,"href":"https:\/\/turismocoria.es\/cge2025\/wp-json\/wp\/v2\/comments?post=38"}],"version-history":[{"count":35,"href":"https:\/\/turismocoria.es\/cge2025\/wp-json\/wp\/v2\/pages\/38\/revisions"}],"predecessor-version":[{"id":355,"href":"https:\/\/turismocoria.es\/cge2025\/wp-json\/wp\/v2\/pages\/38\/revisions\/355"}],"wp:attachment":[{"href":"https:\/\/turismocoria.es\/cge2025\/wp-json\/wp\/v2\/media?parent=38"}],"curies":[{"name":"wp","href":"https:\/\/api.w.org\/{rel}","templated":true}]}}