{"id":23,"date":"2024-09-19T12:28:03","date_gmt":"2024-09-19T10:28:03","guid":{"rendered":"https:\/\/turismocoria.es\/cge2025\/?page_id=23"},"modified":"2024-12-27T08:49:41","modified_gmt":"2024-12-27T07:49:41","slug":"dop-igp","status":"publish","type":"page","link":"https:\/\/turismocoria.es\/cge2025\/dop-igp\/","title":{"rendered":"DOP e IGP en productos con se\u00f1as de identidad"},"content":{"rendered":"<div class=\"kb-row-layout-wrap kb-row-layout-id23_2ab095-b7 alignfull kt-row-has-bg wp-block-kadence-rowlayout\"><div class=\"kt-row-layout-overlay kt-row-overlay-normal\"><\/div><div class=\"kt-row-column-wrap kt-has-1-columns kt-row-layout-equal kt-tab-layout-inherit kt-mobile-layout-row kt-row-valign-top\">\n\n<div class=\"wp-block-kadence-column kadence-column23_128817-69 inner-column-1\"><div class=\"kt-inside-inner-col\">\n<h2 class=\"kt-adv-heading23_cd992f-19 wp-block-kadence-advancedheading has-theme-palette-3-color has-text-color\" data-kb-block=\"kb-adv-heading23_cd992f-19\">DOP e IGP <\/h2>\n\n\n\n<p class=\"kt-adv-heading23_cb0c81-c6 wp-block-kadence-advancedheading has-theme-palette-3-color has-text-color\" data-kb-block=\"kb-adv-heading23_cb0c81-c6\">DOP e IGP en productos con se\u00f1as de identidad<\/p>\n<\/div><\/div>\n\n<\/div><\/div>\n\n\n<div class=\"wp-block-group has-global-padding is-layout-constrained wp-container-core-group-is-layout-7db9d80f wp-block-group-is-layout-constrained\" style=\"padding-right:0;padding-left:0\">\n<p>La <strong>gastronom\u00eda de Extremadura<\/strong> tiene el gran privilegio de contar con diecis\u00e9is productos protegidos propios de nuestra tierra extreme\u00f1a que poseen el sello de <strong>Denominaci\u00f3n de Origen Protegida (DOP)<\/strong> y el distintivo de <strong>Indicaci\u00f3n Geogr\u00e1fica Protegida (IGP)<\/strong>, exhibiendo, todos ellos, la excepcional calidad y la gran variedad de nuestras materias primas agro-ganaderas que ayudan a enriquecer nuestra cultura culinaria con la finalidad de conquistar a todos los paladares; por lo cual, nunca deben faltar de las despensas de nuestros hogares.<\/p>\n\n\n\n<figure class=\"wp-block-image size-full\"><img decoding=\"async\" width=\"894\" height=\"314\" data-src=\"https:\/\/turismocoria.es\/cge2025\/wp-content\/uploads\/2024\/09\/logos-igp.png\" alt=\"\" class=\"wp-image-25 lazyload\" data-srcset=\"https:\/\/turismocoria.es\/cge2025\/wp-content\/uploads\/2024\/09\/logos-igp.png 894w, https:\/\/turismocoria.es\/cge2025\/wp-content\/uploads\/2024\/09\/logos-igp-300x105.png 300w, https:\/\/turismocoria.es\/cge2025\/wp-content\/uploads\/2024\/09\/logos-igp-768x270.png 768w\" data-sizes=\"(max-width: 894px) 100vw, 894px\" src=\"data:image\/svg+xml;base64,PHN2ZyB3aWR0aD0iMSIgaGVpZ2h0PSIxIiB4bWxucz0iaHR0cDovL3d3dy53My5vcmcvMjAwMC9zdmciPjwvc3ZnPg==\" style=\"--smush-placeholder-width: 894px; --smush-placeholder-aspect-ratio: 894\/314;\" \/><\/figure>\n\n\n\n<p>Adem\u00e1s, Extremadura es una de las comunidades aut\u00f3nomas espa\u00f1olas que m\u00e1s cantidad de distintivos posee en sus productos. Todo un orgullo que seguramente habr\u00e1s visto y o\u00eddo alguna vez. Sin embargo, detr\u00e1s de esas distinciones, hay muchas otras cosas que vale la pena saber\u2026 \u00a1Te las contamos!<\/p>\n\n\n\n<h3 class=\"wp-block-heading\">\u00bfQu\u00e9 es la Denominaci\u00f3n de Origen Protegida?<\/h3>\n\n\n\n<figure class=\"wp-block-image alignleft size-full\"><img decoding=\"async\" width=\"288\" height=\"289\" data-src=\"https:\/\/turismocoria.es\/cge2025\/wp-content\/uploads\/2024\/09\/dop.png\" alt=\"\" class=\"wp-image-26 lazyload\" data-srcset=\"https:\/\/turismocoria.es\/cge2025\/wp-content\/uploads\/2024\/09\/dop.png 288w, https:\/\/turismocoria.es\/cge2025\/wp-content\/uploads\/2024\/09\/dop-150x150.png 150w\" data-sizes=\"(max-width: 288px) 100vw, 288px\" src=\"data:image\/svg+xml;base64,PHN2ZyB3aWR0aD0iMSIgaGVpZ2h0PSIxIiB4bWxucz0iaHR0cDovL3d3dy53My5vcmcvMjAwMC9zdmciPjwvc3ZnPg==\" style=\"--smush-placeholder-width: 288px; --smush-placeholder-aspect-ratio: 288\/289;\" \/><\/figure>\n\n\n\n<p>La<strong> D.O.P.,<\/strong> es un distintivo de calidad otorgado a trav\u00e9s del Ministerio de Agricultura, Alimentaci\u00f3n y Medio Ambiente en Espa\u00f1a, que es concedido a determinados productos que cumplen con ciertos requisitos especiales, en cuando al lugar donde fueron producidos, el proceso al que se sometieron y las materias primas utilizadas, los cuales el productor tiene la obligaci\u00f3n de cumplir, siendo revisados continuamente por el Consejo Regulador.<\/p>\n\n\n\n<p>En este sentido, para el consumidor, que un producto tenga el sello de Denominaci\u00f3n de Origen Protegida (DOP), significa una m\u00e1xima calidad; mientras que para el productor, significa estar protegido frente a productos similares que puedan importarse de otras regiones e incluso de otros pa\u00edses.<\/p>\n\n\n\n<h3 class=\"wp-block-heading\">\u00bfQu\u00e9 son las Indicaciones Geogr\u00e1ficas Protegidas?<\/h3>\n\n\n\n<figure class=\"wp-block-image alignright size-full\"><img decoding=\"async\" width=\"288\" height=\"288\" data-src=\"https:\/\/turismocoria.es\/cge2025\/wp-content\/uploads\/2024\/09\/ipg.png\" alt=\"\" class=\"wp-image-27 lazyload\" data-srcset=\"https:\/\/turismocoria.es\/cge2025\/wp-content\/uploads\/2024\/09\/ipg.png 288w, https:\/\/turismocoria.es\/cge2025\/wp-content\/uploads\/2024\/09\/ipg-150x150.png 150w\" data-sizes=\"(max-width: 288px) 100vw, 288px\" src=\"data:image\/svg+xml;base64,PHN2ZyB3aWR0aD0iMSIgaGVpZ2h0PSIxIiB4bWxucz0iaHR0cDovL3d3dy53My5vcmcvMjAwMC9zdmciPjwvc3ZnPg==\" style=\"--smush-placeholder-width: 288px; --smush-placeholder-aspect-ratio: 288\/288;\" \/><\/figure>\n\n\n\n<p>Las<strong> I.G.P.<\/strong>, son otro distintivo de calidad otorgado por medio de la Uni\u00f3n Europea, que identifican un producto alimentario que es originario de un lugar concreto, una regi\u00f3n o un pa\u00eds, derivado de su calidad determinada, su reputaci\u00f3n u otra caracter\u00edstica que pueda esencialmente ser atribuida a su origen geogr\u00e1fico, y en el que al menos una de sus fases de producci\u00f3n, transformaci\u00f3n o elaboraci\u00f3n se haya realizado en la zona geogr\u00e1fica definida, pero debiendo cumplir, en cualquier caso, con los requisitos establecidos en el Reglamento Comunitario sobre los reg\u00edmenes de calidad de los productos agr\u00edcolas y alimentarios dentro de toda la UE.<\/p>\n\n\n\n<h3 class=\"wp-block-heading\">Denominaciones de Origen e Indicaciones Geogr\u00e1ficas Protegidas de Extremadura.<\/h3>\n\n\n\n<figure class=\"wp-block-image size-full\"><img decoding=\"async\" width=\"1920\" height=\"1765\" data-src=\"https:\/\/turismocoria.es\/cge2025\/wp-content\/uploads\/2024\/12\/productos-extremadura.webp\" alt=\"\" class=\"wp-image-336 lazyload\" data-srcset=\"https:\/\/turismocoria.es\/cge2025\/wp-content\/uploads\/2024\/12\/productos-extremadura.webp 1920w, https:\/\/turismocoria.es\/cge2025\/wp-content\/uploads\/2024\/12\/productos-extremadura-768x706.webp 768w, https:\/\/turismocoria.es\/cge2025\/wp-content\/uploads\/2024\/12\/productos-extremadura-1536x1412.webp 1536w\" data-sizes=\"(max-width: 1920px) 100vw, 1920px\" src=\"data:image\/svg+xml;base64,PHN2ZyB3aWR0aD0iMSIgaGVpZ2h0PSIxIiB4bWxucz0iaHR0cDovL3d3dy53My5vcmcvMjAwMC9zdmciPjwvc3ZnPg==\" style=\"--smush-placeholder-width: 1920px; --smush-placeholder-aspect-ratio: 1920\/1765;\" \/><\/figure>\n\n\n\n<p>Una buena forma de conocer nuestra regi\u00f3n, es a trav\u00e9s de las diecis\u00e9is Denominaciones de Origen Protegidas junto a las Indicaciones Geogr\u00e1ficas Protegidas de Extremadura.<\/p>\n\n\n\n<p>As\u00ed, conocer sus productos y realizar <strong>rutas gastron\u00f3micas<\/strong> por esta extensa e hist\u00f3rica tierra, es una de las mejores formas de conocer esta comunidad aut\u00f3noma espa\u00f1ola.<\/p>\n\n\n\n<p>Una manera de realizar <strong>turismo gastron\u00f3mico por Extremadura<\/strong>, del que tambi\u00e9n ahora usted podr\u00e1 descubrir, sentir y saborear dicho patrimonio culinario de forma concreta a trav\u00e9s del especial y distintivo evento tur\u00edstico, cultural y gastron\u00f3mico diferenciado de <strong>\u201cCoria Ciudad Gastron\u00f3mica Extreme\u00f1a 2025\u201d<\/strong>, como muestra referente gastron\u00f3mica dentro de la arraigada cocina extreme\u00f1a y de la propia tradici\u00f3n culinaria espa\u00f1ola.<\/p>\n\n\n\n<p>Una estupenda, divertida y sugerente manera de experimentar y conocer cada una de las denominaciones de origen con sus indicaciones geogr\u00e1ficas protegidas que contienen los sellos de calidad que identifican el cuidado que nuestros productores extreme\u00f1os han puesto a la producci\u00f3n de sus alimentos, y que posteriormente nuestros cocineros han trasladado hasta los fogones de sus cocinas recreando platos, raciones y tapas elaborados con las mejores materias primas de origen naturales, mediante m\u00e9todos tradicionales, artesanales y\/o de vanguardia, que se distinguen por su calidad, texturas, sabores, olores y colores bajo los m\u00e1s altos est\u00e1ndares de calidad, siendo los responsables de complacer a los paladares m\u00e1s exigentes y de cumplir con las expectativas de los mejores cr\u00edticos gastron\u00f3micos y chefs de Espa\u00f1a y del resto del Mundo.<\/p>\n\n\n\n<h3 class=\"wp-block-heading\">Productos de Extremadura con DOP e IPG en Coria CGE\u20192025.<\/h3>\n\n\n\n<figure class=\"wp-block-image size-large\"><img decoding=\"async\" width=\"1024\" height=\"684\" data-src=\"https:\/\/turismocoria.es\/cge2025\/wp-content\/uploads\/2024\/09\/Dehesa-Minguez-1024x684.jpg\" alt=\"\" class=\"wp-image-32 lazyload\" data-srcset=\"https:\/\/turismocoria.es\/cge2025\/wp-content\/uploads\/2024\/09\/Dehesa-Minguez-1024x684.jpg 1024w, https:\/\/turismocoria.es\/cge2025\/wp-content\/uploads\/2024\/09\/Dehesa-Minguez-300x200.jpg 300w, https:\/\/turismocoria.es\/cge2025\/wp-content\/uploads\/2024\/09\/Dehesa-Minguez-768x513.jpg 768w, https:\/\/turismocoria.es\/cge2025\/wp-content\/uploads\/2024\/09\/Dehesa-Minguez-391x260.jpg 391w, https:\/\/turismocoria.es\/cge2025\/wp-content\/uploads\/2024\/09\/Dehesa-Minguez.jpg 1200w\" data-sizes=\"(max-width: 1024px) 100vw, 1024px\" src=\"data:image\/svg+xml;base64,PHN2ZyB3aWR0aD0iMSIgaGVpZ2h0PSIxIiB4bWxucz0iaHR0cDovL3d3dy53My5vcmcvMjAwMC9zdmciPjwvc3ZnPg==\" style=\"--smush-placeholder-width: 1024px; --smush-placeholder-aspect-ratio: 1024\/684;\" \/><\/figure>\n\n\n\n<p>En <strong>\u201cCoria Ciudad Gastron\u00f3mica Extreme\u00f1a 2025\u201d<\/strong>, los amantes del paladar y de la buena cocina por medio de la calidad de los productos alimentarios, pueden seducirse degustando la mayor\u00eda de cada una de la Denominaci\u00f3n de Or\u00edgenes Protegidas (DOP), adem\u00e1s de las Indicaciones Geogr\u00e1ficas Protegidas de Extremadura (IGP), participando en cada una de las <strong>Fiestas Gastron\u00f3micas<\/strong> confeccionadas a lo largo de cada uno de los meses que componen el fecundo <strong>calendario gastron\u00f3mico 2025<\/strong>.<\/p>\n\n\n\n<p><\/p>\n<\/div>\n","protected":false},"excerpt":{"rendered":"<p>DOP e IGP DOP e IGP en productos con se\u00f1as de identidad La gastronom\u00eda de Extremadura tiene el gran privilegio de contar con diecis\u00e9is productos protegidos propios de nuestra tierra extreme\u00f1a que poseen el sello de Denominaci\u00f3n de Origen Protegida (DOP) y el distintivo de Indicaci\u00f3n Geogr\u00e1fica Protegida (IGP), exhibiendo, todos ellos, la excepcional calidad [&hellip;]<\/p>\n","protected":false},"author":1,"featured_media":0,"parent":0,"menu_order":0,"comment_status":"closed","ping_status":"closed","template":"page-no-title","meta":{"_uag_custom_page_level_css":"","footnotes":""},"class_list":["post-23","page","type-page","status-publish","hentry"],"yoast_head":"<!-- This site is optimized with the Yoast SEO plugin v27.2 - https:\/\/yoast.com\/product\/yoast-seo-wordpress\/ -->\n<title>DOP e IGP en productos con se\u00f1as de identidad - Coria Ciudad Gastron\u00f3mica Extreme\u00f1a 2025<\/title>\n<meta name=\"description\" content=\"La gastronom\u00eda de Extremadura tiene el gran privilegio de contar con doce productos propios de nuestra tierra extreme\u00f1a que poseen el sello de Denominaci\u00f3n de Origen Protegida (DOP), adem\u00e1s de otros cinco con el distintivo de Indicaci\u00f3n Geogr\u00e1fica Protegida (IGP), exhibiendo, todos ellos, la excepcional calidad y la gran variedad de nuestras materias primas agro-ganaderas que ayudan a enriquecer nuestra cultura culinaria con la finalidad de conquistar a todos los paladares; por lo cual, nunca deben faltar de las despensas de nuestros hogares\" \/>\n<meta name=\"robots\" content=\"index, follow, max-snippet:-1, max-image-preview:large, max-video-preview:-1\" \/>\n<link rel=\"canonical\" href=\"https:\/\/turismocoria.es\/cge2025\/dop-igp\/\" \/>\n<meta property=\"og:locale\" content=\"es_ES\" \/>\n<meta property=\"og:type\" content=\"article\" \/>\n<meta property=\"og:title\" content=\"DOP e IGP en productos con se\u00f1as de identidad - Coria Ciudad Gastron\u00f3mica Extreme\u00f1a 2025\" \/>\n<meta property=\"og:description\" content=\"La gastronom\u00eda de Extremadura tiene el gran privilegio de contar con doce productos propios de nuestra tierra extreme\u00f1a que poseen el sello de Denominaci\u00f3n de Origen Protegida (DOP), adem\u00e1s de otros cinco con el distintivo de Indicaci\u00f3n Geogr\u00e1fica Protegida (IGP), exhibiendo, todos ellos, la excepcional calidad y la gran variedad de nuestras materias primas agro-ganaderas que ayudan a enriquecer nuestra cultura culinaria con la finalidad de conquistar a todos los paladares; por lo cual, nunca deben faltar de las despensas de nuestros hogares\" \/>\n<meta property=\"og:url\" content=\"https:\/\/turismocoria.es\/cge2025\/dop-igp\/\" \/>\n<meta property=\"og:site_name\" content=\"Coria Ciudad Gastron\u00f3mica Extreme\u00f1a 2025\" \/>\n<meta property=\"article:modified_time\" content=\"2024-12-27T07:49:41+00:00\" \/>\n<meta property=\"og:image\" content=\"https:\/\/turismocoria.es\/cge2025\/wp-content\/uploads\/2024\/09\/logos-igp.png\" \/>\n\t<meta property=\"og:image:width\" content=\"894\" \/>\n\t<meta property=\"og:image:height\" content=\"314\" \/>\n\t<meta property=\"og:image:type\" content=\"image\/png\" \/>\n<meta name=\"twitter:card\" content=\"summary_large_image\" \/>\n<meta name=\"twitter:label1\" content=\"Tiempo de lectura\" \/>\n\t<meta name=\"twitter:data1\" content=\"5 minutos\" \/>\n<script type=\"application\/ld+json\" class=\"yoast-schema-graph\">{\"@context\":\"https:\/\/schema.org\",\"@graph\":[{\"@type\":\"WebPage\",\"@id\":\"https:\/\/turismocoria.es\/cge2025\/dop-igp\/\",\"url\":\"https:\/\/turismocoria.es\/cge2025\/dop-igp\/\",\"name\":\"DOP e IGP en productos con se\u00f1as de identidad - Coria Ciudad Gastron\u00f3mica Extreme\u00f1a 2025\",\"isPartOf\":{\"@id\":\"https:\/\/turismocoria.es\/cge2025\/#website\"},\"primaryImageOfPage\":{\"@id\":\"https:\/\/turismocoria.es\/cge2025\/dop-igp\/#primaryimage\"},\"image\":{\"@id\":\"https:\/\/turismocoria.es\/cge2025\/dop-igp\/#primaryimage\"},\"thumbnailUrl\":\"https:\/\/turismocoria.es\/cge2025\/wp-content\/uploads\/2024\/09\/logos-igp.png\",\"datePublished\":\"2024-09-19T10:28:03+00:00\",\"dateModified\":\"2024-12-27T07:49:41+00:00\",\"description\":\"La gastronom\u00eda de Extremadura tiene el gran privilegio de contar con doce productos propios de nuestra tierra extreme\u00f1a que poseen el sello de Denominaci\u00f3n de Origen Protegida (DOP), adem\u00e1s de otros cinco con el distintivo de Indicaci\u00f3n Geogr\u00e1fica Protegida (IGP), exhibiendo, todos ellos, la excepcional calidad y la gran variedad de nuestras materias primas agro-ganaderas que ayudan a enriquecer nuestra cultura culinaria con la finalidad de conquistar a todos los paladares; por lo cual, nunca deben faltar de las despensas de nuestros hogares\",\"breadcrumb\":{\"@id\":\"https:\/\/turismocoria.es\/cge2025\/dop-igp\/#breadcrumb\"},\"inLanguage\":\"es\",\"potentialAction\":[{\"@type\":\"ReadAction\",\"target\":[\"https:\/\/turismocoria.es\/cge2025\/dop-igp\/\"]}]},{\"@type\":\"ImageObject\",\"inLanguage\":\"es\",\"@id\":\"https:\/\/turismocoria.es\/cge2025\/dop-igp\/#primaryimage\",\"url\":\"https:\/\/turismocoria.es\/cge2025\/wp-content\/uploads\/2024\/09\/logos-igp.png\",\"contentUrl\":\"https:\/\/turismocoria.es\/cge2025\/wp-content\/uploads\/2024\/09\/logos-igp.png\",\"width\":894,\"height\":314},{\"@type\":\"BreadcrumbList\",\"@id\":\"https:\/\/turismocoria.es\/cge2025\/dop-igp\/#breadcrumb\",\"itemListElement\":[{\"@type\":\"ListItem\",\"position\":1,\"name\":\"Portada\",\"item\":\"https:\/\/turismocoria.es\/cge2025\/\"},{\"@type\":\"ListItem\",\"position\":2,\"name\":\"DOP e IGP en productos con se\u00f1as de identidad\"}]},{\"@type\":\"WebSite\",\"@id\":\"https:\/\/turismocoria.es\/cge2025\/#website\",\"url\":\"https:\/\/turismocoria.es\/cge2025\/\",\"name\":\"Coria Ciudad Gastron\u00f3mica Extreme\u00f1a 2025\",\"description\":\"\",\"publisher\":{\"@id\":\"https:\/\/turismocoria.es\/cge2025\/#organization\"},\"potentialAction\":[{\"@type\":\"SearchAction\",\"target\":{\"@type\":\"EntryPoint\",\"urlTemplate\":\"https:\/\/turismocoria.es\/cge2025\/?s={search_term_string}\"},\"query-input\":{\"@type\":\"PropertyValueSpecification\",\"valueRequired\":true,\"valueName\":\"search_term_string\"}}],\"inLanguage\":\"es\"},{\"@type\":\"Organization\",\"@id\":\"https:\/\/turismocoria.es\/cge2025\/#organization\",\"name\":\"Coria Ciudad Gastron\u00f3mica Extreme\u00f1a 2025\",\"url\":\"https:\/\/turismocoria.es\/cge2025\/\",\"logo\":{\"@type\":\"ImageObject\",\"inLanguage\":\"es\",\"@id\":\"https:\/\/turismocoria.es\/cge2025\/#\/schema\/logo\/image\/\",\"url\":\"https:\/\/turismocoria.es\/cge2025\/wp-content\/uploads\/2024\/09\/logo2-cge-2024.png\",\"contentUrl\":\"https:\/\/turismocoria.es\/cge2025\/wp-content\/uploads\/2024\/09\/logo2-cge-2024.png\",\"width\":880,\"height\":300,\"caption\":\"Coria Ciudad Gastron\u00f3mica  Extreme\u00f1a 2025\"},\"image\":{\"@id\":\"https:\/\/turismocoria.es\/cge2025\/#\/schema\/logo\/image\/\"}}]}<\/script>\n<!-- \/ Yoast SEO plugin. -->","yoast_head_json":{"title":"DOP e IGP en productos con se\u00f1as de identidad - Coria Ciudad Gastron\u00f3mica Extreme\u00f1a 2025","description":"La gastronom\u00eda de Extremadura tiene el gran privilegio de contar con doce productos propios de nuestra tierra extreme\u00f1a que poseen el sello de Denominaci\u00f3n de Origen Protegida (DOP), adem\u00e1s de otros cinco con el distintivo de Indicaci\u00f3n Geogr\u00e1fica Protegida (IGP), exhibiendo, todos ellos, la excepcional calidad y la gran variedad de nuestras materias primas agro-ganaderas que ayudan a enriquecer nuestra cultura culinaria con la finalidad de conquistar a todos los paladares; por lo cual, nunca deben faltar de las despensas de nuestros hogares","robots":{"index":"index","follow":"follow","max-snippet":"max-snippet:-1","max-image-preview":"max-image-preview:large","max-video-preview":"max-video-preview:-1"},"canonical":"https:\/\/turismocoria.es\/cge2025\/dop-igp\/","og_locale":"es_ES","og_type":"article","og_title":"DOP e IGP en productos con se\u00f1as de identidad - Coria Ciudad Gastron\u00f3mica Extreme\u00f1a 2025","og_description":"La gastronom\u00eda de Extremadura tiene el gran privilegio de contar con doce productos propios de nuestra tierra extreme\u00f1a que poseen el sello de Denominaci\u00f3n de Origen Protegida (DOP), adem\u00e1s de otros cinco con el distintivo de Indicaci\u00f3n Geogr\u00e1fica Protegida (IGP), exhibiendo, todos ellos, la excepcional calidad y la gran variedad de nuestras materias primas agro-ganaderas que ayudan a enriquecer nuestra cultura culinaria con la finalidad de conquistar a todos los paladares; por lo cual, nunca deben faltar de las despensas de nuestros hogares","og_url":"https:\/\/turismocoria.es\/cge2025\/dop-igp\/","og_site_name":"Coria Ciudad Gastron\u00f3mica Extreme\u00f1a 2025","article_modified_time":"2024-12-27T07:49:41+00:00","og_image":[{"width":894,"height":314,"url":"https:\/\/turismocoria.es\/cge2025\/wp-content\/uploads\/2024\/09\/logos-igp.png","type":"image\/png"}],"twitter_card":"summary_large_image","twitter_misc":{"Tiempo de lectura":"5 minutos"},"schema":{"@context":"https:\/\/schema.org","@graph":[{"@type":"WebPage","@id":"https:\/\/turismocoria.es\/cge2025\/dop-igp\/","url":"https:\/\/turismocoria.es\/cge2025\/dop-igp\/","name":"DOP e IGP en productos con se\u00f1as de identidad - Coria Ciudad Gastron\u00f3mica Extreme\u00f1a 2025","isPartOf":{"@id":"https:\/\/turismocoria.es\/cge2025\/#website"},"primaryImageOfPage":{"@id":"https:\/\/turismocoria.es\/cge2025\/dop-igp\/#primaryimage"},"image":{"@id":"https:\/\/turismocoria.es\/cge2025\/dop-igp\/#primaryimage"},"thumbnailUrl":"https:\/\/turismocoria.es\/cge2025\/wp-content\/uploads\/2024\/09\/logos-igp.png","datePublished":"2024-09-19T10:28:03+00:00","dateModified":"2024-12-27T07:49:41+00:00","description":"La gastronom\u00eda de Extremadura tiene el gran privilegio de contar con doce productos propios de nuestra tierra extreme\u00f1a que poseen el sello de Denominaci\u00f3n de Origen Protegida (DOP), adem\u00e1s de otros cinco con el distintivo de Indicaci\u00f3n Geogr\u00e1fica Protegida (IGP), exhibiendo, todos ellos, la excepcional calidad y la gran variedad de nuestras materias primas agro-ganaderas que ayudan a enriquecer nuestra cultura culinaria con la finalidad de conquistar a todos los paladares; por lo cual, nunca deben faltar de las despensas de nuestros hogares","breadcrumb":{"@id":"https:\/\/turismocoria.es\/cge2025\/dop-igp\/#breadcrumb"},"inLanguage":"es","potentialAction":[{"@type":"ReadAction","target":["https:\/\/turismocoria.es\/cge2025\/dop-igp\/"]}]},{"@type":"ImageObject","inLanguage":"es","@id":"https:\/\/turismocoria.es\/cge2025\/dop-igp\/#primaryimage","url":"https:\/\/turismocoria.es\/cge2025\/wp-content\/uploads\/2024\/09\/logos-igp.png","contentUrl":"https:\/\/turismocoria.es\/cge2025\/wp-content\/uploads\/2024\/09\/logos-igp.png","width":894,"height":314},{"@type":"BreadcrumbList","@id":"https:\/\/turismocoria.es\/cge2025\/dop-igp\/#breadcrumb","itemListElement":[{"@type":"ListItem","position":1,"name":"Portada","item":"https:\/\/turismocoria.es\/cge2025\/"},{"@type":"ListItem","position":2,"name":"DOP e IGP en productos con se\u00f1as de identidad"}]},{"@type":"WebSite","@id":"https:\/\/turismocoria.es\/cge2025\/#website","url":"https:\/\/turismocoria.es\/cge2025\/","name":"Coria Ciudad Gastron\u00f3mica Extreme\u00f1a 2025","description":"","publisher":{"@id":"https:\/\/turismocoria.es\/cge2025\/#organization"},"potentialAction":[{"@type":"SearchAction","target":{"@type":"EntryPoint","urlTemplate":"https:\/\/turismocoria.es\/cge2025\/?s={search_term_string}"},"query-input":{"@type":"PropertyValueSpecification","valueRequired":true,"valueName":"search_term_string"}}],"inLanguage":"es"},{"@type":"Organization","@id":"https:\/\/turismocoria.es\/cge2025\/#organization","name":"Coria Ciudad Gastron\u00f3mica Extreme\u00f1a 2025","url":"https:\/\/turismocoria.es\/cge2025\/","logo":{"@type":"ImageObject","inLanguage":"es","@id":"https:\/\/turismocoria.es\/cge2025\/#\/schema\/logo\/image\/","url":"https:\/\/turismocoria.es\/cge2025\/wp-content\/uploads\/2024\/09\/logo2-cge-2024.png","contentUrl":"https:\/\/turismocoria.es\/cge2025\/wp-content\/uploads\/2024\/09\/logo2-cge-2024.png","width":880,"height":300,"caption":"Coria Ciudad Gastron\u00f3mica  Extreme\u00f1a 2025"},"image":{"@id":"https:\/\/turismocoria.es\/cge2025\/#\/schema\/logo\/image\/"}}]}},"uagb_featured_image_src":{"full":false,"thumbnail":false,"medium":false,"medium_large":false,"large":false,"thumblist":false,"thumbrelated":false,"meccarouselthumb":false,"gridsquare":false,"tileview":false,"1536x1536":false,"2048x2048":false},"uagb_author_info":{"display_name":"admingascge","author_link":"https:\/\/turismocoria.es\/cge2025\/author\/admingascge\/"},"uagb_comment_info":0,"uagb_excerpt":"DOP e IGP DOP e IGP en productos con se\u00f1as de identidad La gastronom\u00eda de Extremadura tiene el gran privilegio de contar con diecis\u00e9is productos protegidos propios de nuestra tierra extreme\u00f1a que poseen el sello de Denominaci\u00f3n de Origen Protegida (DOP) y el distintivo de Indicaci\u00f3n Geogr\u00e1fica Protegida (IGP), exhibiendo, todos ellos, la excepcional calidad&hellip;","_links":{"self":[{"href":"https:\/\/turismocoria.es\/cge2025\/wp-json\/wp\/v2\/pages\/23","targetHints":{"allow":["GET"]}}],"collection":[{"href":"https:\/\/turismocoria.es\/cge2025\/wp-json\/wp\/v2\/pages"}],"about":[{"href":"https:\/\/turismocoria.es\/cge2025\/wp-json\/wp\/v2\/types\/page"}],"author":[{"embeddable":true,"href":"https:\/\/turismocoria.es\/cge2025\/wp-json\/wp\/v2\/users\/1"}],"replies":[{"embeddable":true,"href":"https:\/\/turismocoria.es\/cge2025\/wp-json\/wp\/v2\/comments?post=23"}],"version-history":[{"count":8,"href":"https:\/\/turismocoria.es\/cge2025\/wp-json\/wp\/v2\/pages\/23\/revisions"}],"predecessor-version":[{"id":517,"href":"https:\/\/turismocoria.es\/cge2025\/wp-json\/wp\/v2\/pages\/23\/revisions\/517"}],"wp:attachment":[{"href":"https:\/\/turismocoria.es\/cge2025\/wp-json\/wp\/v2\/media?parent=23"}],"curies":[{"name":"wp","href":"https:\/\/api.w.org\/{rel}","templated":true}]}}